{"id":1326,"date":"2016-11-14T09:54:09","date_gmt":"2016-11-14T09:54:09","guid":{"rendered":"http:\/\/vyrobcikabelu.cz\/kvalita-kabelu\/"},"modified":"2019-07-01T15:58:01","modified_gmt":"2019-07-01T15:58:01","slug":"kvalita-kablov","status":"publish","type":"page","link":"https:\/\/www.vyrobcikabelu.cz\/sk\/kvalita-kablov\/","title":{"rendered":"Kvalita k\u00e1blov"},"content":{"rendered":"<div class=\"formatted_content\" data-embeddable=\"\" data-skip-stacker-links=\"\"><strong>\u010clenov\u00e9 AVK dlouhodob\u011b monitoruj\u00ed sv\u00fdmi vlastn\u00edmi silami kvalitu produkt\u016f a slu\u017eeb na trhu v \u010cR a SR a \u00fazce spolupracuj\u00ed s\u00a0dal\u0161\u00edmi organizacemi p\u0159i sv\u00fdch zji\u0161t\u011bn\u00edch, abychom co nejv\u00edce ochr\u00e1nili partnery a v\u0161echny odb\u011bratele p\u0159ed nekvalitn\u00edmi v\u00fdrobky. V\u00a0t\u00e9to sekci naleznete informace, kter\u00e9 v\u00e1m budou pom\u00e1hat odhalovat nedostatky.<\/strong><\/div>\n<div class=\"formatted_content\" data-embeddable=\"\" data-skip-stacker-links=\"\">\u00a0<\/div>\n","protected":false},"excerpt":{"rendered":"<p>\u010clenov\u00e9 AVK dlouhodob\u011b monitoruj\u00ed sv\u00fdmi vlastn\u00edmi silami kvalitu produkt\u016f a slu\u017eeb na trhu v \u010cR a SR a \u00fazce spolupracuj\u00ed s\u00a0dal\u0161\u00edmi organizacemi p\u0159i sv\u00fdch zji\u0161t\u011bn\u00edch, abychom co nejv\u00edce ochr\u00e1nili partnery a v\u0161echny odb\u011bratele p\u0159ed nekvalitn\u00edmi v\u00fdrobky. V\u00a0t\u00e9to sekci naleznete informace, &hellip; <a href=\"https:\/\/www.vyrobcikabelu.cz\/sk\/kvalita-kablov\/\">Pokra\u010dova\u0165<\/a><\/p>\n","protected":false},"author":1,"featured_media":0,"parent":0,"menu_order":16,"comment_status":"closed","ping_status":"closed","template":"templates\/subpages.php","meta":{"footnotes":""},"acf":[],"yoast_head":"<!-- This site is optimized with the Yoast SEO plugin v21.8 - https:\/\/yoast.com\/wordpress\/plugins\/seo\/ -->\n<title>Kvalita k\u00e1blov - AVK<\/title>\n<meta name=\"robots\" content=\"index, follow, max-snippet:-1, max-image-preview:large, max-video-preview:-1\" \/>\n<link rel=\"canonical\" href=\"https:\/\/www.vyrobcikabelu.cz\/sk\/kvalita-kablov\/\" \/>\n<meta property=\"og:locale\" content=\"sk_SK\" \/>\n<meta property=\"og:type\" content=\"article\" \/>\n<meta property=\"og:title\" content=\"Kvalita k\u00e1blov - AVK\" \/>\n<meta property=\"og:description\" content=\"\u010clenov\u00e9 AVK dlouhodob\u011b monitoruj\u00ed sv\u00fdmi vlastn\u00edmi silami kvalitu produkt\u016f a slu\u017eeb na trhu v \u010cR a SR a \u00fazce spolupracuj\u00ed s\u00a0dal\u0161\u00edmi organizacemi p\u0159i sv\u00fdch zji\u0161t\u011bn\u00edch, abychom co nejv\u00edce ochr\u00e1nili partnery a v\u0161echny odb\u011bratele p\u0159ed nekvalitn\u00edmi v\u00fdrobky. V\u00a0t\u00e9to sekci naleznete informace, &hellip; Pokra\u010dova\u0165\" \/>\n<meta property=\"og:url\" content=\"https:\/\/www.vyrobcikabelu.cz\/sk\/kvalita-kablov\/\" \/>\n<meta property=\"og:site_name\" content=\"AVK\" \/>\n<meta property=\"article:modified_time\" content=\"2019-07-01T15:58:01+00:00\" \/>\n<meta name=\"twitter:card\" content=\"summary_large_image\" \/>\n<script type=\"application\/ld+json\" class=\"yoast-schema-graph\">{\"@context\":\"https:\/\/schema.org\",\"@graph\":[{\"@type\":\"WebPage\",\"@id\":\"https:\/\/www.vyrobcikabelu.cz\/sk\/kvalita-kablov\/\",\"url\":\"https:\/\/www.vyrobcikabelu.cz\/sk\/kvalita-kablov\/\",\"name\":\"Kvalita k\u00e1blov - AVK\",\"isPartOf\":{\"@id\":\"https:\/\/www.vyrobcikabelu.cz\/sk\/#website\"},\"datePublished\":\"2016-11-14T09:54:09+00:00\",\"dateModified\":\"2019-07-01T15:58:01+00:00\",\"breadcrumb\":{\"@id\":\"https:\/\/www.vyrobcikabelu.cz\/sk\/kvalita-kablov\/#breadcrumb\"},\"inLanguage\":\"sk-SK\",\"potentialAction\":[{\"@type\":\"ReadAction\",\"target\":[\"https:\/\/www.vyrobcikabelu.cz\/sk\/kvalita-kablov\/\"]}]},{\"@type\":\"BreadcrumbList\",\"@id\":\"https:\/\/www.vyrobcikabelu.cz\/sk\/kvalita-kablov\/#breadcrumb\",\"itemListElement\":[{\"@type\":\"ListItem\",\"position\":1,\"name\":\"Dom\u016f\",\"item\":\"https:\/\/www.vyrobcikabelu.cz\/sk\/\"},{\"@type\":\"ListItem\",\"position\":2,\"name\":\"Kvalita k\u00e1blov\"}]},{\"@type\":\"WebSite\",\"@id\":\"https:\/\/www.vyrobcikabelu.cz\/sk\/#website\",\"url\":\"https:\/\/www.vyrobcikabelu.cz\/sk\/\",\"name\":\"AVK\",\"description\":\"Dal\u0161\u00ed web pou\u017e\u00edvaj\u00edc\u00ed WordPress\",\"potentialAction\":[{\"@type\":\"SearchAction\",\"target\":{\"@type\":\"EntryPoint\",\"urlTemplate\":\"https:\/\/www.vyrobcikabelu.cz\/sk\/?s={search_term_string}\"},\"query-input\":\"required name=search_term_string\"}],\"inLanguage\":\"sk-SK\"}]}<\/script>\n<!-- \/ Yoast SEO plugin. -->","yoast_head_json":{"title":"Kvalita k\u00e1blov - AVK","robots":{"index":"index","follow":"follow","max-snippet":"max-snippet:-1","max-image-preview":"max-image-preview:large","max-video-preview":"max-video-preview:-1"},"canonical":"https:\/\/www.vyrobcikabelu.cz\/sk\/kvalita-kablov\/","og_locale":"sk_SK","og_type":"article","og_title":"Kvalita k\u00e1blov - AVK","og_description":"\u010clenov\u00e9 AVK dlouhodob\u011b monitoruj\u00ed sv\u00fdmi vlastn\u00edmi silami kvalitu produkt\u016f a slu\u017eeb na trhu v \u010cR a SR a \u00fazce spolupracuj\u00ed s\u00a0dal\u0161\u00edmi organizacemi p\u0159i sv\u00fdch zji\u0161t\u011bn\u00edch, abychom co nejv\u00edce ochr\u00e1nili partnery a v\u0161echny odb\u011bratele p\u0159ed nekvalitn\u00edmi v\u00fdrobky. V\u00a0t\u00e9to sekci naleznete informace, &hellip; Pokra\u010dova\u0165","og_url":"https:\/\/www.vyrobcikabelu.cz\/sk\/kvalita-kablov\/","og_site_name":"AVK","article_modified_time":"2019-07-01T15:58:01+00:00","twitter_card":"summary_large_image","schema":{"@context":"https:\/\/schema.org","@graph":[{"@type":"WebPage","@id":"https:\/\/www.vyrobcikabelu.cz\/sk\/kvalita-kablov\/","url":"https:\/\/www.vyrobcikabelu.cz\/sk\/kvalita-kablov\/","name":"Kvalita k\u00e1blov - AVK","isPartOf":{"@id":"https:\/\/www.vyrobcikabelu.cz\/sk\/#website"},"datePublished":"2016-11-14T09:54:09+00:00","dateModified":"2019-07-01T15:58:01+00:00","breadcrumb":{"@id":"https:\/\/www.vyrobcikabelu.cz\/sk\/kvalita-kablov\/#breadcrumb"},"inLanguage":"sk-SK","potentialAction":[{"@type":"ReadAction","target":["https:\/\/www.vyrobcikabelu.cz\/sk\/kvalita-kablov\/"]}]},{"@type":"BreadcrumbList","@id":"https:\/\/www.vyrobcikabelu.cz\/sk\/kvalita-kablov\/#breadcrumb","itemListElement":[{"@type":"ListItem","position":1,"name":"Dom\u016f","item":"https:\/\/www.vyrobcikabelu.cz\/sk\/"},{"@type":"ListItem","position":2,"name":"Kvalita k\u00e1blov"}]},{"@type":"WebSite","@id":"https:\/\/www.vyrobcikabelu.cz\/sk\/#website","url":"https:\/\/www.vyrobcikabelu.cz\/sk\/","name":"AVK","description":"Dal\u0161\u00ed web pou\u017e\u00edvaj\u00edc\u00ed WordPress","potentialAction":[{"@type":"SearchAction","target":{"@type":"EntryPoint","urlTemplate":"https:\/\/www.vyrobcikabelu.cz\/sk\/?s={search_term_string}"},"query-input":"required name=search_term_string"}],"inLanguage":"sk-SK"}]}},"_links":{"self":[{"href":"https:\/\/www.vyrobcikabelu.cz\/sk\/wp-json\/wp\/v2\/pages\/1326"}],"collection":[{"href":"https:\/\/www.vyrobcikabelu.cz\/sk\/wp-json\/wp\/v2\/pages"}],"about":[{"href":"https:\/\/www.vyrobcikabelu.cz\/sk\/wp-json\/wp\/v2\/types\/page"}],"author":[{"embeddable":true,"href":"https:\/\/www.vyrobcikabelu.cz\/sk\/wp-json\/wp\/v2\/users\/1"}],"replies":[{"embeddable":true,"href":"https:\/\/www.vyrobcikabelu.cz\/sk\/wp-json\/wp\/v2\/comments?post=1326"}],"version-history":[{"count":1,"href":"https:\/\/www.vyrobcikabelu.cz\/sk\/wp-json\/wp\/v2\/pages\/1326\/revisions"}],"predecessor-version":[{"id":3693,"href":"https:\/\/www.vyrobcikabelu.cz\/sk\/wp-json\/wp\/v2\/pages\/1326\/revisions\/3693"}],"wp:attachment":[{"href":"https:\/\/www.vyrobcikabelu.cz\/sk\/wp-json\/wp\/v2\/media?parent=1326"}],"curies":[{"name":"wp","href":"https:\/\/api.w.org\/{rel}","templated":true}]}}