{"id":1413,"date":"2016-12-07T12:52:26","date_gmt":"2016-12-07T12:52:26","guid":{"rendered":"http:\/\/vyrobcikabelu.cz\/sekce-pro-cleny\/zapisy-ze-zasedani-ctn\/"},"modified":"2025-06-16T14:52:56","modified_gmt":"2025-06-16T14:52:56","slug":"zapisy-ze-zasedani-ctn","status":"publish","type":"page","link":"https:\/\/www.vyrobcikabelu.cz\/sk\/sekce-pro-cleny\/zapisy-ze-zasedani-ctn\/","title":{"rendered":"Z\u00e1pisy ze zased\u00e1n\u00ed CTN AVK"},"content":{"rendered":"<p><strong>P\u0159edseda t\u00fdmu:<\/strong>\u00a0Pavel \u0160inka \u2013 Prakab<\/p>\n<p><strong>\u010clenov\u00e9:<\/strong>\u00a0Josef Rime\u0161, Vladim\u00edr Hlad\u00edk, Jozef Pallo, Peter Homola, Radek Vrzal, Radek Nejdl, Pavel \u0160inka, Jakub Hladk\u00fd, Robert Podbehl\u00fd, Janka Sulov\u00e1, Milan Dani\u0161, Radek Anto\u0161, V\u00edt Chudoba, Vratislav Ernest, Jan T\u016fma, Ji\u0159\u00ed Ston, Franti\u0161ek Gilian, Jan Musil<\/p>\n","protected":false},"excerpt":{"rendered":"<p>P\u0159edseda t\u00fdmu:\u00a0Pavel \u0160inka \u2013 Prakab \u010clenov\u00e9:\u00a0Josef Rime\u0161, Vladim\u00edr Hlad\u00edk, Jozef Pallo, Peter Homola, Radek Vrzal, Radek Nejdl, Pavel \u0160inka, Jakub Hladk\u00fd, Robert Podbehl\u00fd, Janka Sulov\u00e1, Milan Dani\u0161, Radek Anto\u0161, V\u00edt Chudoba, Vratislav Ernest, Jan T\u016fma, Ji\u0159\u00ed Ston, Franti\u0161ek Gilian, Jan &hellip; <a href=\"https:\/\/www.vyrobcikabelu.cz\/sk\/sekce-pro-cleny\/zapisy-ze-zasedani-ctn\/\">Pokra\u010dova\u0165<\/a><\/p>\n","protected":false},"author":3,"featured_media":925,"parent":577,"menu_order":71,"comment_status":"closed","ping_status":"closed","template":"templates\/zapisy2.php","meta":{"footnotes":""},"acf":[],"yoast_head":"<!-- This site is optimized with the Yoast SEO plugin v21.8 - https:\/\/yoast.com\/wordpress\/plugins\/seo\/ -->\n<title>Z\u00e1pisy ze zased\u00e1n\u00ed CTN AVK - AVK<\/title>\n<meta name=\"robots\" content=\"index, follow, max-snippet:-1, max-image-preview:large, max-video-preview:-1\" \/>\n<link rel=\"canonical\" href=\"https:\/\/www.vyrobcikabelu.cz\/sk\/sekce-pro-cleny\/zapisy-ze-zasedani-ctn\/\" \/>\n<meta property=\"og:locale\" content=\"sk_SK\" \/>\n<meta property=\"og:type\" content=\"article\" \/>\n<meta property=\"og:title\" content=\"Z\u00e1pisy ze zased\u00e1n\u00ed CTN AVK - AVK\" \/>\n<meta property=\"og:description\" content=\"P\u0159edseda t\u00fdmu:\u00a0Pavel \u0160inka \u2013 Prakab \u010clenov\u00e9:\u00a0Josef Rime\u0161, Vladim\u00edr Hlad\u00edk, Jozef Pallo, Peter Homola, Radek Vrzal, Radek Nejdl, Pavel \u0160inka, Jakub Hladk\u00fd, Robert Podbehl\u00fd, Janka Sulov\u00e1, Milan Dani\u0161, Radek Anto\u0161, V\u00edt Chudoba, Vratislav Ernest, Jan T\u016fma, Ji\u0159\u00ed Ston, Franti\u0161ek Gilian, Jan &hellip; Pokra\u010dova\u0165\" \/>\n<meta property=\"og:url\" content=\"https:\/\/www.vyrobcikabelu.cz\/sk\/sekce-pro-cleny\/zapisy-ze-zasedani-ctn\/\" \/>\n<meta property=\"og:site_name\" content=\"AVK\" \/>\n<meta property=\"article:modified_time\" content=\"2025-06-16T14:52:56+00:00\" \/>\n<meta property=\"og:image\" content=\"https:\/\/www.vyrobcikabelu.cz\/wp-content\/uploads\/2016\/11\/Depositphotos_1148817_l-1024x839.jpg\" \/>\n\t<meta property=\"og:image:width\" content=\"1024\" \/>\n\t<meta property=\"og:image:height\" content=\"839\" \/>\n\t<meta property=\"og:image:type\" content=\"image\/jpeg\" \/>\n<meta name=\"twitter:card\" content=\"summary_large_image\" \/>\n<meta name=\"twitter:label1\" content=\"Predpokladan\u00fd \u010das \u010d\u00edtania\" \/>\n\t<meta name=\"twitter:data1\" content=\"1 min\u00fata\" \/>\n<script type=\"application\/ld+json\" class=\"yoast-schema-graph\">{\"@context\":\"https:\/\/schema.org\",\"@graph\":[{\"@type\":\"WebPage\",\"@id\":\"https:\/\/www.vyrobcikabelu.cz\/sk\/sekce-pro-cleny\/zapisy-ze-zasedani-ctn\/\",\"url\":\"https:\/\/www.vyrobcikabelu.cz\/sk\/sekce-pro-cleny\/zapisy-ze-zasedani-ctn\/\",\"name\":\"Z\u00e1pisy ze zased\u00e1n\u00ed CTN AVK - AVK\",\"isPartOf\":{\"@id\":\"https:\/\/www.vyrobcikabelu.cz\/sk\/#website\"},\"datePublished\":\"2016-12-07T12:52:26+00:00\",\"dateModified\":\"2025-06-16T14:52:56+00:00\",\"breadcrumb\":{\"@id\":\"https:\/\/www.vyrobcikabelu.cz\/sk\/sekce-pro-cleny\/zapisy-ze-zasedani-ctn\/#breadcrumb\"},\"inLanguage\":\"sk-SK\",\"potentialAction\":[{\"@type\":\"ReadAction\",\"target\":[\"https:\/\/www.vyrobcikabelu.cz\/sk\/sekce-pro-cleny\/zapisy-ze-zasedani-ctn\/\"]}]},{\"@type\":\"BreadcrumbList\",\"@id\":\"https:\/\/www.vyrobcikabelu.cz\/sk\/sekce-pro-cleny\/zapisy-ze-zasedani-ctn\/#breadcrumb\",\"itemListElement\":[{\"@type\":\"ListItem\",\"position\":1,\"name\":\"Dom\u016f\",\"item\":\"https:\/\/www.vyrobcikabelu.cz\/sk\/\"},{\"@type\":\"ListItem\",\"position\":2,\"name\":\"Sekcia pre \u010dlenov\",\"item\":\"https:\/\/www.vyrobcikabelu.cz\/sk\/sekce-pro-cleny\/\"},{\"@type\":\"ListItem\",\"position\":3,\"name\":\"Z\u00e1pisy ze zased\u00e1n\u00ed CTN AVK\"}]},{\"@type\":\"WebSite\",\"@id\":\"https:\/\/www.vyrobcikabelu.cz\/sk\/#website\",\"url\":\"https:\/\/www.vyrobcikabelu.cz\/sk\/\",\"name\":\"AVK\",\"description\":\"Dal\u0161\u00ed web pou\u017e\u00edvaj\u00edc\u00ed WordPress\",\"potentialAction\":[{\"@type\":\"SearchAction\",\"target\":{\"@type\":\"EntryPoint\",\"urlTemplate\":\"https:\/\/www.vyrobcikabelu.cz\/sk\/?s={search_term_string}\"},\"query-input\":\"required name=search_term_string\"}],\"inLanguage\":\"sk-SK\"}]}<\/script>\n<!-- \/ Yoast SEO plugin. -->","yoast_head_json":{"title":"Z\u00e1pisy ze zased\u00e1n\u00ed CTN AVK - AVK","robots":{"index":"index","follow":"follow","max-snippet":"max-snippet:-1","max-image-preview":"max-image-preview:large","max-video-preview":"max-video-preview:-1"},"canonical":"https:\/\/www.vyrobcikabelu.cz\/sk\/sekce-pro-cleny\/zapisy-ze-zasedani-ctn\/","og_locale":"sk_SK","og_type":"article","og_title":"Z\u00e1pisy ze zased\u00e1n\u00ed CTN AVK - AVK","og_description":"P\u0159edseda t\u00fdmu:\u00a0Pavel \u0160inka \u2013 Prakab \u010clenov\u00e9:\u00a0Josef Rime\u0161, Vladim\u00edr Hlad\u00edk, Jozef Pallo, Peter Homola, Radek Vrzal, Radek Nejdl, Pavel \u0160inka, Jakub Hladk\u00fd, Robert Podbehl\u00fd, Janka Sulov\u00e1, Milan Dani\u0161, Radek Anto\u0161, V\u00edt Chudoba, Vratislav Ernest, Jan T\u016fma, Ji\u0159\u00ed Ston, Franti\u0161ek Gilian, Jan &hellip; Pokra\u010dova\u0165","og_url":"https:\/\/www.vyrobcikabelu.cz\/sk\/sekce-pro-cleny\/zapisy-ze-zasedani-ctn\/","og_site_name":"AVK","article_modified_time":"2025-06-16T14:52:56+00:00","og_image":[{"width":1024,"height":839,"url":"https:\/\/www.vyrobcikabelu.cz\/wp-content\/uploads\/2016\/11\/Depositphotos_1148817_l-1024x839.jpg","type":"image\/jpeg"}],"twitter_card":"summary_large_image","twitter_misc":{"Predpokladan\u00fd \u010das \u010d\u00edtania":"1 min\u00fata"},"schema":{"@context":"https:\/\/schema.org","@graph":[{"@type":"WebPage","@id":"https:\/\/www.vyrobcikabelu.cz\/sk\/sekce-pro-cleny\/zapisy-ze-zasedani-ctn\/","url":"https:\/\/www.vyrobcikabelu.cz\/sk\/sekce-pro-cleny\/zapisy-ze-zasedani-ctn\/","name":"Z\u00e1pisy ze zased\u00e1n\u00ed CTN AVK - AVK","isPartOf":{"@id":"https:\/\/www.vyrobcikabelu.cz\/sk\/#website"},"datePublished":"2016-12-07T12:52:26+00:00","dateModified":"2025-06-16T14:52:56+00:00","breadcrumb":{"@id":"https:\/\/www.vyrobcikabelu.cz\/sk\/sekce-pro-cleny\/zapisy-ze-zasedani-ctn\/#breadcrumb"},"inLanguage":"sk-SK","potentialAction":[{"@type":"ReadAction","target":["https:\/\/www.vyrobcikabelu.cz\/sk\/sekce-pro-cleny\/zapisy-ze-zasedani-ctn\/"]}]},{"@type":"BreadcrumbList","@id":"https:\/\/www.vyrobcikabelu.cz\/sk\/sekce-pro-cleny\/zapisy-ze-zasedani-ctn\/#breadcrumb","itemListElement":[{"@type":"ListItem","position":1,"name":"Dom\u016f","item":"https:\/\/www.vyrobcikabelu.cz\/sk\/"},{"@type":"ListItem","position":2,"name":"Sekcia pre \u010dlenov","item":"https:\/\/www.vyrobcikabelu.cz\/sk\/sekce-pro-cleny\/"},{"@type":"ListItem","position":3,"name":"Z\u00e1pisy ze zased\u00e1n\u00ed CTN AVK"}]},{"@type":"WebSite","@id":"https:\/\/www.vyrobcikabelu.cz\/sk\/#website","url":"https:\/\/www.vyrobcikabelu.cz\/sk\/","name":"AVK","description":"Dal\u0161\u00ed web pou\u017e\u00edvaj\u00edc\u00ed WordPress","potentialAction":[{"@type":"SearchAction","target":{"@type":"EntryPoint","urlTemplate":"https:\/\/www.vyrobcikabelu.cz\/sk\/?s={search_term_string}"},"query-input":"required name=search_term_string"}],"inLanguage":"sk-SK"}]}},"_links":{"self":[{"href":"https:\/\/www.vyrobcikabelu.cz\/sk\/wp-json\/wp\/v2\/pages\/1413"}],"collection":[{"href":"https:\/\/www.vyrobcikabelu.cz\/sk\/wp-json\/wp\/v2\/pages"}],"about":[{"href":"https:\/\/www.vyrobcikabelu.cz\/sk\/wp-json\/wp\/v2\/types\/page"}],"author":[{"embeddable":true,"href":"https:\/\/www.vyrobcikabelu.cz\/sk\/wp-json\/wp\/v2\/users\/3"}],"replies":[{"embeddable":true,"href":"https:\/\/www.vyrobcikabelu.cz\/sk\/wp-json\/wp\/v2\/comments?post=1413"}],"version-history":[{"count":42,"href":"https:\/\/www.vyrobcikabelu.cz\/sk\/wp-json\/wp\/v2\/pages\/1413\/revisions"}],"predecessor-version":[{"id":6605,"href":"https:\/\/www.vyrobcikabelu.cz\/sk\/wp-json\/wp\/v2\/pages\/1413\/revisions\/6605"}],"up":[{"embeddable":true,"href":"https:\/\/www.vyrobcikabelu.cz\/sk\/wp-json\/wp\/v2\/pages\/577"}],"wp:featuredmedia":[{"embeddable":true,"href":"https:\/\/www.vyrobcikabelu.cz\/sk\/wp-json\/wp\/v2\/media\/925"}],"wp:attachment":[{"href":"https:\/\/www.vyrobcikabelu.cz\/sk\/wp-json\/wp\/v2\/media?parent=1413"}],"curies":[{"name":"wp","href":"https:\/\/api.w.org\/{rel}","templated":true}]}}