{"id":1416,"date":"2016-11-25T10:22:28","date_gmt":"2016-11-25T10:22:28","guid":{"rendered":"http:\/\/vyrobcikabelu.cz\/sekce-pro-cleny\/hospodareni-a-rozpocet\/"},"modified":"2025-04-02T21:46:16","modified_gmt":"2025-04-02T21:46:16","slug":"hospodareni-a-rozpocet","status":"publish","type":"page","link":"https:\/\/www.vyrobcikabelu.cz\/sk\/sekce-pro-cleny\/hospodareni-a-rozpocet\/","title":{"rendered":"Hospoda\u0159en\u00ed a rozpo\u010det"},"content":{"rendered":"","protected":false},"excerpt":{"rendered":"","protected":false},"author":3,"featured_media":927,"parent":577,"menu_order":75,"comment_status":"closed","ping_status":"closed","template":"templates\/zapisy.php","meta":{"footnotes":""},"acf":[],"yoast_head":"<!-- This site is optimized with the Yoast SEO plugin v21.8 - https:\/\/yoast.com\/wordpress\/plugins\/seo\/ -->\n<title>Hospoda\u0159en\u00ed a rozpo\u010det - AVK<\/title>\n<meta name=\"robots\" content=\"index, follow, max-snippet:-1, max-image-preview:large, max-video-preview:-1\" \/>\n<link rel=\"canonical\" href=\"https:\/\/www.vyrobcikabelu.cz\/sk\/sekce-pro-cleny\/hospodareni-a-rozpocet\/\" \/>\n<meta property=\"og:locale\" content=\"sk_SK\" \/>\n<meta property=\"og:type\" content=\"article\" \/>\n<meta property=\"og:title\" content=\"Hospoda\u0159en\u00ed a rozpo\u010det - AVK\" \/>\n<meta property=\"og:url\" content=\"https:\/\/www.vyrobcikabelu.cz\/sk\/sekce-pro-cleny\/hospodareni-a-rozpocet\/\" \/>\n<meta property=\"og:site_name\" content=\"AVK\" \/>\n<meta property=\"article:modified_time\" content=\"2025-04-02T21:46:16+00:00\" \/>\n<meta property=\"og:image\" content=\"https:\/\/www.vyrobcikabelu.cz\/wp-content\/uploads\/2016\/11\/Depositphotos_2748052_original-1024x683.jpg\" \/>\n\t<meta property=\"og:image:width\" content=\"1024\" \/>\n\t<meta property=\"og:image:height\" content=\"683\" \/>\n\t<meta property=\"og:image:type\" content=\"image\/jpeg\" \/>\n<meta name=\"twitter:card\" content=\"summary_large_image\" \/>\n<meta name=\"twitter:label1\" content=\"Predpokladan\u00fd \u010das \u010d\u00edtania\" \/>\n\t<meta name=\"twitter:data1\" content=\"1 min\u00fata\" \/>\n<script type=\"application\/ld+json\" class=\"yoast-schema-graph\">{\"@context\":\"https:\/\/schema.org\",\"@graph\":[{\"@type\":\"WebPage\",\"@id\":\"https:\/\/www.vyrobcikabelu.cz\/sk\/sekce-pro-cleny\/hospodareni-a-rozpocet\/\",\"url\":\"https:\/\/www.vyrobcikabelu.cz\/sk\/sekce-pro-cleny\/hospodareni-a-rozpocet\/\",\"name\":\"Hospoda\u0159en\u00ed a rozpo\u010det - AVK\",\"isPartOf\":{\"@id\":\"https:\/\/www.vyrobcikabelu.cz\/sk\/#website\"},\"datePublished\":\"2016-11-25T10:22:28+00:00\",\"dateModified\":\"2025-04-02T21:46:16+00:00\",\"breadcrumb\":{\"@id\":\"https:\/\/www.vyrobcikabelu.cz\/sk\/sekce-pro-cleny\/hospodareni-a-rozpocet\/#breadcrumb\"},\"inLanguage\":\"sk-SK\",\"potentialAction\":[{\"@type\":\"ReadAction\",\"target\":[\"https:\/\/www.vyrobcikabelu.cz\/sk\/sekce-pro-cleny\/hospodareni-a-rozpocet\/\"]}]},{\"@type\":\"BreadcrumbList\",\"@id\":\"https:\/\/www.vyrobcikabelu.cz\/sk\/sekce-pro-cleny\/hospodareni-a-rozpocet\/#breadcrumb\",\"itemListElement\":[{\"@type\":\"ListItem\",\"position\":1,\"name\":\"Dom\u016f\",\"item\":\"https:\/\/www.vyrobcikabelu.cz\/sk\/\"},{\"@type\":\"ListItem\",\"position\":2,\"name\":\"Sekcia pre \u010dlenov\",\"item\":\"https:\/\/www.vyrobcikabelu.cz\/sk\/sekce-pro-cleny\/\"},{\"@type\":\"ListItem\",\"position\":3,\"name\":\"Hospoda\u0159en\u00ed a rozpo\u010det\"}]},{\"@type\":\"WebSite\",\"@id\":\"https:\/\/www.vyrobcikabelu.cz\/sk\/#website\",\"url\":\"https:\/\/www.vyrobcikabelu.cz\/sk\/\",\"name\":\"AVK\",\"description\":\"Dal\u0161\u00ed web pou\u017e\u00edvaj\u00edc\u00ed WordPress\",\"potentialAction\":[{\"@type\":\"SearchAction\",\"target\":{\"@type\":\"EntryPoint\",\"urlTemplate\":\"https:\/\/www.vyrobcikabelu.cz\/sk\/?s={search_term_string}\"},\"query-input\":\"required name=search_term_string\"}],\"inLanguage\":\"sk-SK\"}]}<\/script>\n<!-- \/ Yoast SEO plugin. -->","yoast_head_json":{"title":"Hospoda\u0159en\u00ed a rozpo\u010det - AVK","robots":{"index":"index","follow":"follow","max-snippet":"max-snippet:-1","max-image-preview":"max-image-preview:large","max-video-preview":"max-video-preview:-1"},"canonical":"https:\/\/www.vyrobcikabelu.cz\/sk\/sekce-pro-cleny\/hospodareni-a-rozpocet\/","og_locale":"sk_SK","og_type":"article","og_title":"Hospoda\u0159en\u00ed a rozpo\u010det - AVK","og_url":"https:\/\/www.vyrobcikabelu.cz\/sk\/sekce-pro-cleny\/hospodareni-a-rozpocet\/","og_site_name":"AVK","article_modified_time":"2025-04-02T21:46:16+00:00","og_image":[{"width":1024,"height":683,"url":"https:\/\/www.vyrobcikabelu.cz\/wp-content\/uploads\/2016\/11\/Depositphotos_2748052_original-1024x683.jpg","type":"image\/jpeg"}],"twitter_card":"summary_large_image","twitter_misc":{"Predpokladan\u00fd \u010das \u010d\u00edtania":"1 min\u00fata"},"schema":{"@context":"https:\/\/schema.org","@graph":[{"@type":"WebPage","@id":"https:\/\/www.vyrobcikabelu.cz\/sk\/sekce-pro-cleny\/hospodareni-a-rozpocet\/","url":"https:\/\/www.vyrobcikabelu.cz\/sk\/sekce-pro-cleny\/hospodareni-a-rozpocet\/","name":"Hospoda\u0159en\u00ed a rozpo\u010det - AVK","isPartOf":{"@id":"https:\/\/www.vyrobcikabelu.cz\/sk\/#website"},"datePublished":"2016-11-25T10:22:28+00:00","dateModified":"2025-04-02T21:46:16+00:00","breadcrumb":{"@id":"https:\/\/www.vyrobcikabelu.cz\/sk\/sekce-pro-cleny\/hospodareni-a-rozpocet\/#breadcrumb"},"inLanguage":"sk-SK","potentialAction":[{"@type":"ReadAction","target":["https:\/\/www.vyrobcikabelu.cz\/sk\/sekce-pro-cleny\/hospodareni-a-rozpocet\/"]}]},{"@type":"BreadcrumbList","@id":"https:\/\/www.vyrobcikabelu.cz\/sk\/sekce-pro-cleny\/hospodareni-a-rozpocet\/#breadcrumb","itemListElement":[{"@type":"ListItem","position":1,"name":"Dom\u016f","item":"https:\/\/www.vyrobcikabelu.cz\/sk\/"},{"@type":"ListItem","position":2,"name":"Sekcia pre \u010dlenov","item":"https:\/\/www.vyrobcikabelu.cz\/sk\/sekce-pro-cleny\/"},{"@type":"ListItem","position":3,"name":"Hospoda\u0159en\u00ed a rozpo\u010det"}]},{"@type":"WebSite","@id":"https:\/\/www.vyrobcikabelu.cz\/sk\/#website","url":"https:\/\/www.vyrobcikabelu.cz\/sk\/","name":"AVK","description":"Dal\u0161\u00ed web pou\u017e\u00edvaj\u00edc\u00ed WordPress","potentialAction":[{"@type":"SearchAction","target":{"@type":"EntryPoint","urlTemplate":"https:\/\/www.vyrobcikabelu.cz\/sk\/?s={search_term_string}"},"query-input":"required name=search_term_string"}],"inLanguage":"sk-SK"}]}},"_links":{"self":[{"href":"https:\/\/www.vyrobcikabelu.cz\/sk\/wp-json\/wp\/v2\/pages\/1416"}],"collection":[{"href":"https:\/\/www.vyrobcikabelu.cz\/sk\/wp-json\/wp\/v2\/pages"}],"about":[{"href":"https:\/\/www.vyrobcikabelu.cz\/sk\/wp-json\/wp\/v2\/types\/page"}],"author":[{"embeddable":true,"href":"https:\/\/www.vyrobcikabelu.cz\/sk\/wp-json\/wp\/v2\/users\/3"}],"replies":[{"embeddable":true,"href":"https:\/\/www.vyrobcikabelu.cz\/sk\/wp-json\/wp\/v2\/comments?post=1416"}],"version-history":[{"count":9,"href":"https:\/\/www.vyrobcikabelu.cz\/sk\/wp-json\/wp\/v2\/pages\/1416\/revisions"}],"predecessor-version":[{"id":6576,"href":"https:\/\/www.vyrobcikabelu.cz\/sk\/wp-json\/wp\/v2\/pages\/1416\/revisions\/6576"}],"up":[{"embeddable":true,"href":"https:\/\/www.vyrobcikabelu.cz\/sk\/wp-json\/wp\/v2\/pages\/577"}],"wp:featuredmedia":[{"embeddable":true,"href":"https:\/\/www.vyrobcikabelu.cz\/sk\/wp-json\/wp\/v2\/media\/927"}],"wp:attachment":[{"href":"https:\/\/www.vyrobcikabelu.cz\/sk\/wp-json\/wp\/v2\/media?parent=1416"}],"curies":[{"name":"wp","href":"https:\/\/api.w.org\/{rel}","templated":true}]}}