{"id":1420,"date":"2017-02-05T18:03:00","date_gmt":"2017-02-05T18:03:00","guid":{"rendered":"http:\/\/vyrobcikabelu.cz\/normy-rady-navody\/normy-a-legislativa-tykajici-se-kabelu\/"},"modified":"2019-03-28T11:36:00","modified_gmt":"2019-03-28T11:36:00","slug":"normy-a-legislativa-tykajici-se-kabelu","status":"publish","type":"page","link":"https:\/\/www.vyrobcikabelu.cz\/sk\/normy-rady-navody\/normy-a-legislativa-tykajici-se-kabelu\/","title":{"rendered":"Normy a legislativa t\u00fdkaj\u00edc\u00ed se kabel\u016f"},"content":{"rendered":"<p>V sou\u010dasn\u00e9 dob\u011b jsou v p\u0159ev\u00e1\u017en\u011b v\u011bt\u0161in\u011b elektrotechnick\u00e9 normy v \u010cR tzv.harmonizovan\u00e9, tj. jsou platn\u00e9 pro v\u0161echny st\u00e1ty EU. Jejich ozna\u010den\u00ed je \u010cSN EN\u2026..Harmonizovan\u00e9 normy mohou m\u00edt p\u0159\u00edpadn\u011b \u201eN\u00e1rodn\u00ed p\u0159\u00edlohu\u201c, kter\u00e1 up\u0159es\u0148uje nebo vysv\u011btluje n\u011bkter\u00e1 ustanoven\u00ed z hlediska n\u00e1rodn\u00edch p\u0159edpis\u016f a zvyklost\u00ed. Rovn\u011b\u017e, i kdy\u017e v men\u0161\u00ed m\u00ed\u0159e, se pou\u017e\u00edvaj\u00ed mezin\u00e1rodn\u00ed normy IEC, resp.v \u010cR p\u0159evzat\u00e9 \u010cSN IEC\u2026Vyj\u00edme\u010dn\u011b mohou b\u00fdt vyd\u00e1ny i n\u00e1rodn\u00ed normy, pokud z n\u011bjak\u00fdch specifick\u00fdch n\u00e1rodn\u00edch hledisek nelze pou\u017e\u00edt normy harmonizovan\u00e9, nebo harmonizovan\u00e1 norma neexistuje.<\/p>\n<p>N\u011bkolik slov k z\u00e1vaznosti norem v \u010cesk\u00e9 republice. V z\u00e1kon\u011b \u010d.71\/2000 Sb., kter\u00fdm se m\u011bn\u00ed z\u00e1kon \u010d.22\/1997 Sb., je uvedeno, \u017ee \u201e\u010desk\u00e1 technick\u00e1 norma nen\u00ed obecn\u011b z\u00e1vazn\u00e1\u201c. Pokud v\u0161ak n\u011bkter\u00fd legislativn\u00ed p\u0159edpis (z\u00e1kon, vyhl\u00e1\u0161ka, na\u0159\u00edzen\u00ed vl\u00e1dy) odkazuje na ur\u010ditou normu, je pou\u017eit\u00ed t\u00e9to normy z\u00e1vazn\u00e9! I v p\u0159\u00edpad\u011b, kdy \u017e\u00e1dn\u00fd legislativn\u00ed p\u0159edpis z\u00e1vaznost nestanovuje, je ur\u010dit\u011b vhodn\u00e9 p\u0159\u00edslu\u0161nou normu pou\u017e\u00edt. Pokud projektant \u010di jin\u00fd odborn\u00fd pracovn\u00edk vhodnou normu nepou\u017eije, mus\u00ed v\u00fdpo\u010dtem nebo jin\u00fdm zp\u016fsobem dolo\u017eit, \u017ee navrhovan\u00e9 \u0159e\u0161en\u00ed spl\u0148uje v\u0161echny p\u0159edpisy z hlediska u\u017eit\u00ed a bezpe\u010dnosti. Pro kabely a vodi\u010de plat\u00ed cel\u00e1 \u0159ada norem. Rozd\u011blit je m\u016f\u017eeme nap\u0159.dle typu kabel\u016f, tj.normy pro kabely energetick\u00e9, instala\u010dn\u00ed, ovl\u00e1dac\u00ed, sd\u011blovac\u00ed, optick\u00e9 apod. Z hlediska u\u017eit\u00ed kabel\u016f jsou normy pro instalace (ulo\u017een\u00ed) kabel\u016f, normy k zaji\u0161t\u011bn\u00ed po\u017e\u00e1rn\u00ed bezpe\u010dnosti a dal\u0161\u00ed.<\/p>\n<h2>Jako p\u0159\u00edklad norem vydan\u00fdch v posledn\u00ed dob\u011b je mo\u017eno uv\u00e9st:<\/h2>\n<p><strong>\u010cSN 34 7411<\/strong> Elektrick\u00e9 kabely pro jmenovit\u00e9 nap\u011bt\u00ed 450\/750 V (vydan\u00e1 v z\u00e1\u0159\u00ed 2014)<\/p>\n<p><strong>\u010cSN EN 50575<\/strong> Silov\u00e9, \u0159\u00edd\u00edc\u00ed a komunika\u010dn\u00ed kabely &#8211; Kabely pro obecn\u00e9 pou\u017eit\u00ed ve stavb\u00e1ch ve vztahu k po\u017eadavk\u016fm reakce na ohe\u0148 (vydan\u00e1 v z\u00e1\u0159\u00ed 2015)<\/p>\n<p>Je t\u0159eba zd\u016fraznit, \u017ee kabely byly na\u0159\u00edzen\u00edm EP a Rady \u010d.305\/2011 za\u0159azeny mezi stavebn\u00ed v\u00fdrobky a vztahuj\u00ed se na n\u011b tedy z\u00e1kladn\u00ed po\u017eadavky na stavby. V \u010cR je to:<\/p>\n<p><strong>Z\u00e1kon 22\/97 Sb.<\/strong>, o technick\u00fdch po\u017eadavc\u00edch na v\u00fdrobky, v aktu\u00e1ln\u00edm zn\u011bn\u00ed &#8211; je nejd\u016fle\u017eit\u011bj\u0161\u00edm z\u00e1konem t\u00fdkaj\u00edc\u00edm se technick\u00e9 normalizace, akreditace a certifikace. Z tohoto z\u00e1kona pak vych\u00e1z\u00ed \u0159ada na\u0159\u00edzen\u00ed vl\u00e1dy, zav\u00e1d\u011bj\u00edc\u00edch do na\u0161eho pr\u00e1vn\u00edho syst\u00e9mu po\u017eadavky evropsk\u00fdch sm\u011brnic.<\/p>\n<p><strong>Vyhl\u00e1\u0161ka 268\/2011 Sb<\/strong>,\u00a0kterou\u00a0se m\u011bn\u00ed vyhl\u00e1\u0161ka \u010d.23\/2008 Sb., o technick\u00fdch podm\u00ednk\u00e1ch po\u017e\u00e1rn\u00ed ochrany staveb.<\/p>\n<p><strong>Na\u0159\u00edzen\u00ed vl\u00e1dy \u010d.163\/2002 Sb.<\/strong>, kter\u00fdm se stanov\u00ed technick\u00e9 po\u017eadavky na vybran\u00e9 stavebn\u00ed v\u00fdrobky &#8211; (ve zn\u011bn\u00ed NV \u010d.215\/2016)<\/p>\n<p><strong>Ing. Jaroslav Hanzl<\/strong><br \/>\nlistopad 2016<\/p>\n","protected":false},"excerpt":{"rendered":"<p>V sou\u010dasn\u00e9 dob\u011b jsou v p\u0159ev\u00e1\u017en\u011b v\u011bt\u0161in\u011b elektrotechnick\u00e9 normy v \u010cR tzv.harmonizovan\u00e9, tj. jsou platn\u00e9 pro v\u0161echny st\u00e1ty EU. Jejich ozna\u010den\u00ed je \u010cSN EN\u2026..Harmonizovan\u00e9 normy mohou m\u00edt p\u0159\u00edpadn\u011b \u201eN\u00e1rodn\u00ed p\u0159\u00edlohu\u201c, kter\u00e1 up\u0159es\u0148uje nebo vysv\u011btluje n\u011bkter\u00e1 ustanoven\u00ed z hlediska n\u00e1rodn\u00edch p\u0159edpis\u016f &hellip; <a href=\"https:\/\/www.vyrobcikabelu.cz\/sk\/normy-rady-navody\/normy-a-legislativa-tykajici-se-kabelu\/\">Pokra\u010dova\u0165<\/a><\/p>\n","protected":false},"author":3,"featured_media":919,"parent":1227,"menu_order":48,"comment_status":"closed","ping_status":"closed","template":"","meta":{"footnotes":""},"acf":[],"yoast_head":"<!-- This site is optimized with the Yoast SEO plugin v21.8 - https:\/\/yoast.com\/wordpress\/plugins\/seo\/ -->\n<title>Normy a legislativa t\u00fdkaj\u00edc\u00ed se kabel\u016f - AVK<\/title>\n<meta name=\"robots\" content=\"index, follow, max-snippet:-1, max-image-preview:large, max-video-preview:-1\" \/>\n<link rel=\"canonical\" href=\"https:\/\/www.vyrobcikabelu.cz\/sk\/normy-rady-navody\/normy-a-legislativa-tykajici-se-kabelu\/\" \/>\n<meta property=\"og:locale\" content=\"sk_SK\" \/>\n<meta property=\"og:type\" content=\"article\" \/>\n<meta property=\"og:title\" content=\"Normy a legislativa t\u00fdkaj\u00edc\u00ed se kabel\u016f - AVK\" \/>\n<meta property=\"og:description\" content=\"V sou\u010dasn\u00e9 dob\u011b jsou v p\u0159ev\u00e1\u017en\u011b v\u011bt\u0161in\u011b elektrotechnick\u00e9 normy v \u010cR tzv.harmonizovan\u00e9, tj. jsou platn\u00e9 pro v\u0161echny st\u00e1ty EU. Jejich ozna\u010den\u00ed je \u010cSN EN\u2026..Harmonizovan\u00e9 normy mohou m\u00edt p\u0159\u00edpadn\u011b \u201eN\u00e1rodn\u00ed p\u0159\u00edlohu\u201c, kter\u00e1 up\u0159es\u0148uje nebo vysv\u011btluje n\u011bkter\u00e1 ustanoven\u00ed z hlediska n\u00e1rodn\u00edch p\u0159edpis\u016f &hellip; Pokra\u010dova\u0165\" \/>\n<meta property=\"og:url\" content=\"https:\/\/www.vyrobcikabelu.cz\/sk\/normy-rady-navody\/normy-a-legislativa-tykajici-se-kabelu\/\" \/>\n<meta property=\"og:site_name\" content=\"AVK\" \/>\n<meta property=\"article:modified_time\" content=\"2019-03-28T11:36:00+00:00\" \/>\n<meta property=\"og:image\" content=\"https:\/\/www.vyrobcikabelu.cz\/wp-content\/uploads\/2017\/01\/20170131_114906_resized.jpg\" \/>\n\t<meta property=\"og:image:width\" content=\"800\" \/>\n\t<meta property=\"og:image:height\" content=\"450\" \/>\n\t<meta property=\"og:image:type\" content=\"image\/jpeg\" \/>\n<meta name=\"twitter:card\" content=\"summary_large_image\" \/>\n<meta name=\"twitter:label1\" content=\"Predpokladan\u00fd \u010das \u010d\u00edtania\" \/>\n\t<meta name=\"twitter:data1\" content=\"2 min\u00faty\" \/>\n<script type=\"application\/ld+json\" class=\"yoast-schema-graph\">{\"@context\":\"https:\/\/schema.org\",\"@graph\":[{\"@type\":\"WebPage\",\"@id\":\"https:\/\/www.vyrobcikabelu.cz\/sk\/normy-rady-navody\/normy-a-legislativa-tykajici-se-kabelu\/\",\"url\":\"https:\/\/www.vyrobcikabelu.cz\/sk\/normy-rady-navody\/normy-a-legislativa-tykajici-se-kabelu\/\",\"name\":\"Normy a legislativa t\u00fdkaj\u00edc\u00ed se kabel\u016f - AVK\",\"isPartOf\":{\"@id\":\"https:\/\/www.vyrobcikabelu.cz\/sk\/#website\"},\"datePublished\":\"2017-02-05T18:03:00+00:00\",\"dateModified\":\"2019-03-28T11:36:00+00:00\",\"breadcrumb\":{\"@id\":\"https:\/\/www.vyrobcikabelu.cz\/sk\/normy-rady-navody\/normy-a-legislativa-tykajici-se-kabelu\/#breadcrumb\"},\"inLanguage\":\"sk-SK\",\"potentialAction\":[{\"@type\":\"ReadAction\",\"target\":[\"https:\/\/www.vyrobcikabelu.cz\/sk\/normy-rady-navody\/normy-a-legislativa-tykajici-se-kabelu\/\"]}]},{\"@type\":\"BreadcrumbList\",\"@id\":\"https:\/\/www.vyrobcikabelu.cz\/sk\/normy-rady-navody\/normy-a-legislativa-tykajici-se-kabelu\/#breadcrumb\",\"itemListElement\":[{\"@type\":\"ListItem\",\"position\":1,\"name\":\"Dom\u016f\",\"item\":\"https:\/\/www.vyrobcikabelu.cz\/sk\/\"},{\"@type\":\"ListItem\",\"position\":2,\"name\":\"Normy, rady, n\u00e1vody\",\"item\":\"https:\/\/www.vyrobcikabelu.cz\/sk\/normy-rady-navody\/\"},{\"@type\":\"ListItem\",\"position\":3,\"name\":\"Normy a legislativa t\u00fdkaj\u00edc\u00ed se kabel\u016f\"}]},{\"@type\":\"WebSite\",\"@id\":\"https:\/\/www.vyrobcikabelu.cz\/sk\/#website\",\"url\":\"https:\/\/www.vyrobcikabelu.cz\/sk\/\",\"name\":\"AVK\",\"description\":\"Dal\u0161\u00ed web pou\u017e\u00edvaj\u00edc\u00ed WordPress\",\"potentialAction\":[{\"@type\":\"SearchAction\",\"target\":{\"@type\":\"EntryPoint\",\"urlTemplate\":\"https:\/\/www.vyrobcikabelu.cz\/sk\/?s={search_term_string}\"},\"query-input\":\"required name=search_term_string\"}],\"inLanguage\":\"sk-SK\"}]}<\/script>\n<!-- \/ Yoast SEO plugin. -->","yoast_head_json":{"title":"Normy a legislativa t\u00fdkaj\u00edc\u00ed se kabel\u016f - AVK","robots":{"index":"index","follow":"follow","max-snippet":"max-snippet:-1","max-image-preview":"max-image-preview:large","max-video-preview":"max-video-preview:-1"},"canonical":"https:\/\/www.vyrobcikabelu.cz\/sk\/normy-rady-navody\/normy-a-legislativa-tykajici-se-kabelu\/","og_locale":"sk_SK","og_type":"article","og_title":"Normy a legislativa t\u00fdkaj\u00edc\u00ed se kabel\u016f - AVK","og_description":"V sou\u010dasn\u00e9 dob\u011b jsou v p\u0159ev\u00e1\u017en\u011b v\u011bt\u0161in\u011b elektrotechnick\u00e9 normy v \u010cR tzv.harmonizovan\u00e9, tj. jsou platn\u00e9 pro v\u0161echny st\u00e1ty EU. Jejich ozna\u010den\u00ed je \u010cSN EN\u2026..Harmonizovan\u00e9 normy mohou m\u00edt p\u0159\u00edpadn\u011b \u201eN\u00e1rodn\u00ed p\u0159\u00edlohu\u201c, kter\u00e1 up\u0159es\u0148uje nebo vysv\u011btluje n\u011bkter\u00e1 ustanoven\u00ed z hlediska n\u00e1rodn\u00edch p\u0159edpis\u016f &hellip; Pokra\u010dova\u0165","og_url":"https:\/\/www.vyrobcikabelu.cz\/sk\/normy-rady-navody\/normy-a-legislativa-tykajici-se-kabelu\/","og_site_name":"AVK","article_modified_time":"2019-03-28T11:36:00+00:00","og_image":[{"width":800,"height":450,"url":"https:\/\/www.vyrobcikabelu.cz\/wp-content\/uploads\/2017\/01\/20170131_114906_resized.jpg","type":"image\/jpeg"}],"twitter_card":"summary_large_image","twitter_misc":{"Predpokladan\u00fd \u010das \u010d\u00edtania":"2 min\u00faty"},"schema":{"@context":"https:\/\/schema.org","@graph":[{"@type":"WebPage","@id":"https:\/\/www.vyrobcikabelu.cz\/sk\/normy-rady-navody\/normy-a-legislativa-tykajici-se-kabelu\/","url":"https:\/\/www.vyrobcikabelu.cz\/sk\/normy-rady-navody\/normy-a-legislativa-tykajici-se-kabelu\/","name":"Normy a legislativa t\u00fdkaj\u00edc\u00ed se kabel\u016f - AVK","isPartOf":{"@id":"https:\/\/www.vyrobcikabelu.cz\/sk\/#website"},"datePublished":"2017-02-05T18:03:00+00:00","dateModified":"2019-03-28T11:36:00+00:00","breadcrumb":{"@id":"https:\/\/www.vyrobcikabelu.cz\/sk\/normy-rady-navody\/normy-a-legislativa-tykajici-se-kabelu\/#breadcrumb"},"inLanguage":"sk-SK","potentialAction":[{"@type":"ReadAction","target":["https:\/\/www.vyrobcikabelu.cz\/sk\/normy-rady-navody\/normy-a-legislativa-tykajici-se-kabelu\/"]}]},{"@type":"BreadcrumbList","@id":"https:\/\/www.vyrobcikabelu.cz\/sk\/normy-rady-navody\/normy-a-legislativa-tykajici-se-kabelu\/#breadcrumb","itemListElement":[{"@type":"ListItem","position":1,"name":"Dom\u016f","item":"https:\/\/www.vyrobcikabelu.cz\/sk\/"},{"@type":"ListItem","position":2,"name":"Normy, rady, n\u00e1vody","item":"https:\/\/www.vyrobcikabelu.cz\/sk\/normy-rady-navody\/"},{"@type":"ListItem","position":3,"name":"Normy a legislativa t\u00fdkaj\u00edc\u00ed se kabel\u016f"}]},{"@type":"WebSite","@id":"https:\/\/www.vyrobcikabelu.cz\/sk\/#website","url":"https:\/\/www.vyrobcikabelu.cz\/sk\/","name":"AVK","description":"Dal\u0161\u00ed web pou\u017e\u00edvaj\u00edc\u00ed WordPress","potentialAction":[{"@type":"SearchAction","target":{"@type":"EntryPoint","urlTemplate":"https:\/\/www.vyrobcikabelu.cz\/sk\/?s={search_term_string}"},"query-input":"required name=search_term_string"}],"inLanguage":"sk-SK"}]}},"_links":{"self":[{"href":"https:\/\/www.vyrobcikabelu.cz\/sk\/wp-json\/wp\/v2\/pages\/1420"}],"collection":[{"href":"https:\/\/www.vyrobcikabelu.cz\/sk\/wp-json\/wp\/v2\/pages"}],"about":[{"href":"https:\/\/www.vyrobcikabelu.cz\/sk\/wp-json\/wp\/v2\/types\/page"}],"author":[{"embeddable":true,"href":"https:\/\/www.vyrobcikabelu.cz\/sk\/wp-json\/wp\/v2\/users\/3"}],"replies":[{"embeddable":true,"href":"https:\/\/www.vyrobcikabelu.cz\/sk\/wp-json\/wp\/v2\/comments?post=1420"}],"version-history":[{"count":4,"href":"https:\/\/www.vyrobcikabelu.cz\/sk\/wp-json\/wp\/v2\/pages\/1420\/revisions"}],"predecessor-version":[{"id":3561,"href":"https:\/\/www.vyrobcikabelu.cz\/sk\/wp-json\/wp\/v2\/pages\/1420\/revisions\/3561"}],"up":[{"embeddable":true,"href":"https:\/\/www.vyrobcikabelu.cz\/sk\/wp-json\/wp\/v2\/pages\/1227"}],"wp:featuredmedia":[{"embeddable":true,"href":"https:\/\/www.vyrobcikabelu.cz\/sk\/wp-json\/wp\/v2\/media\/919"}],"wp:attachment":[{"href":"https:\/\/www.vyrobcikabelu.cz\/sk\/wp-json\/wp\/v2\/media?parent=1420"}],"curies":[{"name":"wp","href":"https:\/\/api.w.org\/{rel}","templated":true}]}}