{"id":1424,"date":"2017-01-26T07:39:02","date_gmt":"2017-01-26T07:39:02","guid":{"rendered":"http:\/\/vyrobcikabelu.cz\/normy-rady-navody\/tabulka-barevneho-znaceni-zil\/"},"modified":"2018-08-06T08:17:54","modified_gmt":"2018-08-06T08:17:54","slug":"tabulka-barevneho-znaceni-zil","status":"publish","type":"page","link":"https:\/\/www.vyrobcikabelu.cz\/sk\/normy-rady-navody\/tabulka-barevneho-znaceni-zil\/","title":{"rendered":"Tabulka barevn\u00e9ho zna\u010den\u00ed \u017eil"},"content":{"rendered":"<p><img loading=\"lazy\" decoding=\"async\" class=\"alignnone size-full wp-image-881\" src=\"http:\/\/vyrobcikabelu.cz\/wp-content\/uploads\/2017\/01\/znaceni_zil-a5.png\" alt=\"\" width=\"800\" height=\"565\" srcset=\"https:\/\/www.vyrobcikabelu.cz\/wp-content\/uploads\/2017\/01\/znaceni_zil-a5.png 800w, https:\/\/www.vyrobcikabelu.cz\/wp-content\/uploads\/2017\/01\/znaceni_zil-a5-300x212.png 300w, https:\/\/www.vyrobcikabelu.cz\/wp-content\/uploads\/2017\/01\/znaceni_zil-a5-768x542.png 768w\" sizes=\"(max-width: 800px) 100vw, 800px\" \/><\/p>\n","protected":false},"excerpt":{"rendered":"","protected":false},"author":3,"featured_media":789,"parent":1227,"menu_order":53,"comment_status":"closed","ping_status":"closed","template":"","meta":{"footnotes":""},"acf":[],"yoast_head":"<!-- This site is optimized with the Yoast SEO plugin v21.8 - https:\/\/yoast.com\/wordpress\/plugins\/seo\/ -->\n<title>Tabulka barevn\u00e9ho zna\u010den\u00ed \u017eil - AVK<\/title>\n<meta name=\"robots\" content=\"index, follow, max-snippet:-1, max-image-preview:large, max-video-preview:-1\" \/>\n<link rel=\"canonical\" href=\"https:\/\/www.vyrobcikabelu.cz\/sk\/normy-rady-navody\/tabulka-barevneho-znaceni-zil\/\" \/>\n<meta property=\"og:locale\" content=\"sk_SK\" \/>\n<meta property=\"og:type\" content=\"article\" \/>\n<meta property=\"og:title\" content=\"Tabulka barevn\u00e9ho zna\u010den\u00ed \u017eil - AVK\" \/>\n<meta property=\"og:url\" content=\"https:\/\/www.vyrobcikabelu.cz\/sk\/normy-rady-navody\/tabulka-barevneho-znaceni-zil\/\" \/>\n<meta property=\"og:site_name\" content=\"AVK\" \/>\n<meta property=\"article:modified_time\" content=\"2018-08-06T08:17:54+00:00\" \/>\n<meta property=\"og:image\" content=\"https:\/\/www.vyrobcikabelu.cz\/wp-content\/uploads\/2017\/01\/DSCF0312.jpg\" \/>\n\t<meta property=\"og:image:width\" content=\"800\" \/>\n\t<meta property=\"og:image:height\" content=\"533\" \/>\n\t<meta property=\"og:image:type\" content=\"image\/jpeg\" \/>\n<meta name=\"twitter:card\" content=\"summary_large_image\" \/>\n<script type=\"application\/ld+json\" class=\"yoast-schema-graph\">{\"@context\":\"https:\/\/schema.org\",\"@graph\":[{\"@type\":\"WebPage\",\"@id\":\"https:\/\/www.vyrobcikabelu.cz\/sk\/normy-rady-navody\/tabulka-barevneho-znaceni-zil\/\",\"url\":\"https:\/\/www.vyrobcikabelu.cz\/sk\/normy-rady-navody\/tabulka-barevneho-znaceni-zil\/\",\"name\":\"Tabulka barevn\u00e9ho zna\u010den\u00ed \u017eil - AVK\",\"isPartOf\":{\"@id\":\"https:\/\/www.vyrobcikabelu.cz\/sk\/#website\"},\"datePublished\":\"2017-01-26T07:39:02+00:00\",\"dateModified\":\"2018-08-06T08:17:54+00:00\",\"breadcrumb\":{\"@id\":\"https:\/\/www.vyrobcikabelu.cz\/sk\/normy-rady-navody\/tabulka-barevneho-znaceni-zil\/#breadcrumb\"},\"inLanguage\":\"sk-SK\",\"potentialAction\":[{\"@type\":\"ReadAction\",\"target\":[\"https:\/\/www.vyrobcikabelu.cz\/sk\/normy-rady-navody\/tabulka-barevneho-znaceni-zil\/\"]}]},{\"@type\":\"BreadcrumbList\",\"@id\":\"https:\/\/www.vyrobcikabelu.cz\/sk\/normy-rady-navody\/tabulka-barevneho-znaceni-zil\/#breadcrumb\",\"itemListElement\":[{\"@type\":\"ListItem\",\"position\":1,\"name\":\"Dom\u016f\",\"item\":\"https:\/\/www.vyrobcikabelu.cz\/sk\/\"},{\"@type\":\"ListItem\",\"position\":2,\"name\":\"Normy, rady, n\u00e1vody\",\"item\":\"https:\/\/www.vyrobcikabelu.cz\/sk\/normy-rady-navody\/\"},{\"@type\":\"ListItem\",\"position\":3,\"name\":\"Tabulka barevn\u00e9ho zna\u010den\u00ed \u017eil\"}]},{\"@type\":\"WebSite\",\"@id\":\"https:\/\/www.vyrobcikabelu.cz\/sk\/#website\",\"url\":\"https:\/\/www.vyrobcikabelu.cz\/sk\/\",\"name\":\"AVK\",\"description\":\"Dal\u0161\u00ed web pou\u017e\u00edvaj\u00edc\u00ed WordPress\",\"potentialAction\":[{\"@type\":\"SearchAction\",\"target\":{\"@type\":\"EntryPoint\",\"urlTemplate\":\"https:\/\/www.vyrobcikabelu.cz\/sk\/?s={search_term_string}\"},\"query-input\":\"required name=search_term_string\"}],\"inLanguage\":\"sk-SK\"}]}<\/script>\n<!-- \/ Yoast SEO plugin. -->","yoast_head_json":{"title":"Tabulka barevn\u00e9ho zna\u010den\u00ed \u017eil - AVK","robots":{"index":"index","follow":"follow","max-snippet":"max-snippet:-1","max-image-preview":"max-image-preview:large","max-video-preview":"max-video-preview:-1"},"canonical":"https:\/\/www.vyrobcikabelu.cz\/sk\/normy-rady-navody\/tabulka-barevneho-znaceni-zil\/","og_locale":"sk_SK","og_type":"article","og_title":"Tabulka barevn\u00e9ho zna\u010den\u00ed \u017eil - AVK","og_url":"https:\/\/www.vyrobcikabelu.cz\/sk\/normy-rady-navody\/tabulka-barevneho-znaceni-zil\/","og_site_name":"AVK","article_modified_time":"2018-08-06T08:17:54+00:00","og_image":[{"width":800,"height":533,"url":"https:\/\/www.vyrobcikabelu.cz\/wp-content\/uploads\/2017\/01\/DSCF0312.jpg","type":"image\/jpeg"}],"twitter_card":"summary_large_image","schema":{"@context":"https:\/\/schema.org","@graph":[{"@type":"WebPage","@id":"https:\/\/www.vyrobcikabelu.cz\/sk\/normy-rady-navody\/tabulka-barevneho-znaceni-zil\/","url":"https:\/\/www.vyrobcikabelu.cz\/sk\/normy-rady-navody\/tabulka-barevneho-znaceni-zil\/","name":"Tabulka barevn\u00e9ho zna\u010den\u00ed \u017eil - AVK","isPartOf":{"@id":"https:\/\/www.vyrobcikabelu.cz\/sk\/#website"},"datePublished":"2017-01-26T07:39:02+00:00","dateModified":"2018-08-06T08:17:54+00:00","breadcrumb":{"@id":"https:\/\/www.vyrobcikabelu.cz\/sk\/normy-rady-navody\/tabulka-barevneho-znaceni-zil\/#breadcrumb"},"inLanguage":"sk-SK","potentialAction":[{"@type":"ReadAction","target":["https:\/\/www.vyrobcikabelu.cz\/sk\/normy-rady-navody\/tabulka-barevneho-znaceni-zil\/"]}]},{"@type":"BreadcrumbList","@id":"https:\/\/www.vyrobcikabelu.cz\/sk\/normy-rady-navody\/tabulka-barevneho-znaceni-zil\/#breadcrumb","itemListElement":[{"@type":"ListItem","position":1,"name":"Dom\u016f","item":"https:\/\/www.vyrobcikabelu.cz\/sk\/"},{"@type":"ListItem","position":2,"name":"Normy, rady, n\u00e1vody","item":"https:\/\/www.vyrobcikabelu.cz\/sk\/normy-rady-navody\/"},{"@type":"ListItem","position":3,"name":"Tabulka barevn\u00e9ho zna\u010den\u00ed \u017eil"}]},{"@type":"WebSite","@id":"https:\/\/www.vyrobcikabelu.cz\/sk\/#website","url":"https:\/\/www.vyrobcikabelu.cz\/sk\/","name":"AVK","description":"Dal\u0161\u00ed web pou\u017e\u00edvaj\u00edc\u00ed WordPress","potentialAction":[{"@type":"SearchAction","target":{"@type":"EntryPoint","urlTemplate":"https:\/\/www.vyrobcikabelu.cz\/sk\/?s={search_term_string}"},"query-input":"required name=search_term_string"}],"inLanguage":"sk-SK"}]}},"_links":{"self":[{"href":"https:\/\/www.vyrobcikabelu.cz\/sk\/wp-json\/wp\/v2\/pages\/1424"}],"collection":[{"href":"https:\/\/www.vyrobcikabelu.cz\/sk\/wp-json\/wp\/v2\/pages"}],"about":[{"href":"https:\/\/www.vyrobcikabelu.cz\/sk\/wp-json\/wp\/v2\/types\/page"}],"author":[{"embeddable":true,"href":"https:\/\/www.vyrobcikabelu.cz\/sk\/wp-json\/wp\/v2\/users\/3"}],"replies":[{"embeddable":true,"href":"https:\/\/www.vyrobcikabelu.cz\/sk\/wp-json\/wp\/v2\/comments?post=1424"}],"version-history":[{"count":1,"href":"https:\/\/www.vyrobcikabelu.cz\/sk\/wp-json\/wp\/v2\/pages\/1424\/revisions"}],"predecessor-version":[{"id":1931,"href":"https:\/\/www.vyrobcikabelu.cz\/sk\/wp-json\/wp\/v2\/pages\/1424\/revisions\/1931"}],"up":[{"embeddable":true,"href":"https:\/\/www.vyrobcikabelu.cz\/sk\/wp-json\/wp\/v2\/pages\/1227"}],"wp:featuredmedia":[{"embeddable":true,"href":"https:\/\/www.vyrobcikabelu.cz\/sk\/wp-json\/wp\/v2\/media\/789"}],"wp:attachment":[{"href":"https:\/\/www.vyrobcikabelu.cz\/sk\/wp-json\/wp\/v2\/media?parent=1424"}],"curies":[{"name":"wp","href":"https:\/\/api.w.org\/{rel}","templated":true}]}}