{"id":1428,"date":"2017-01-25T09:43:28","date_gmt":"2017-01-25T09:43:28","guid":{"rendered":"http:\/\/vyrobcikabelu.cz\/kvalita-kabelu\/co-byste-meli-vedet-pred-instalaci\/"},"modified":"2017-01-25T09:43:28","modified_gmt":"2017-01-25T09:43:28","slug":"co-byste-meli-vedet-pred-instalaci","status":"publish","type":"page","link":"https:\/\/www.vyrobcikabelu.cz\/sk\/kvalita-kablov\/co-byste-meli-vedet-pred-instalaci\/","title":{"rendered":"Co byste m\u011bli v\u011bd\u011bt p\u0159ed instalac\u00ed"},"content":{"rendered":"<h2>1. Po\u017eadujte IDENTIFIKACI v\u00fdrobce nejen na etiket\u011b, ale zejm\u00e9na na kabelu.<\/h2>\n<p>Nen\u00ed-li produkt spr\u00e1vn\u011b a kompletn\u011b ozna\u010den (n\u00e1zev v\u00fdrobku a v\u00fdrobce na etiket\u011b i na kabelu vlastn\u00edm), bu\u010fte p\u0159i n\u00e1kupu velmi opatrn\u00ed. V\u00fdrobce m\u00e1 povinnost kabely a vodi\u010de zna\u010dit v\u00fdrobcem, ozna\u010den\u00edm v\u00fdrobku a p\u0159\u00edpadn\u011b \u010d\u00edslem normy. V p\u0159\u00edpad\u011b dotazu nebo probl\u00e9mu se na v\u00fdrobce nem\u016f\u017eete obr\u00e1tit a mo\u017enosti p\u0159\u00edpadn\u00e9 reklamace mohou b\u00fdt zna\u010dn\u011b omezeny.<\/p>\n<p>V p\u0159\u00edpad\u011b reklamace je pro v\u00fdrobce d\u016fle\u017eit\u00fd \u0161t\u00edtek z v\u00fdrobku, na jeho\u017e z\u00e1klad\u011b m\u016f\u017ee zjistit m\u00edsto vzniku vady a zamezit opakov\u00e1n\u00ed, proto etiketu z v\u00fdrobku nevyhazujte p\u0159edt\u00edm ne\u017e odzkou\u0161\u00edte funk\u010dnost instalace.<\/p>\n<p>Zaj\u00edmejte se tak\u00e9 rovn\u011b\u017e o schv\u00e1len\u00ed v\u00fdrobku t\u0159et\u00ed stranou. Zna\u010dka AVK znamen\u00e1, \u017ee jsou v\u00fdrobky pr\u016fb\u011b\u017en\u011b kontrolov\u00e1ny a je zde n\u00edzk\u00e1 pravd\u011bpodobnost, \u017ee koup\u00edte nekvalitn\u00ed v\u00fdrobek. Se zna\u010dkou AVK by jste se m\u011bli v budoucnu st\u00e1le v\u00edce setk\u00e1vat. Poskytovatel zna\u010dky AVK se sna\u017e\u00ed garantovat kvalitu v\u00fdrobk\u016f. AVK zna\u010dka V\u00e1m tak\u00e9 zaji\u0161\u0165uje, \u017ee certifikovan\u00fd kabel je vyr\u00e1b\u011bn podle norem, jen\u017e maj\u00ed jednotn\u00e9 po\u017eadavky na produkt u v\u0161ech v\u00fdrobc\u016f.<\/p>\n<p>Kontrolu prov\u00e1d\u011bjte p\u0159ed instalac\u00ed v\u00fdrobk\u016f. Pokud naleznete kabel bez identifikace v\u00fdrobce, \u010d\u00edsla normy, ozna\u010den\u00ed v\u00fdrobku m\u011bli by jste jej odm\u00edtnou pou\u017e\u00edt.<\/p>\n<h2>2. Kabely, vodi\u010de &#8211; \u017eivotn\u00ed prost\u0159ed\u00ed a ochrana zdrav\u00ed.<\/h2>\n<p>Povinnost v\u00fdrobc\u016f je dodr\u017eovat legislativn\u00ed po\u017eadavky, kter\u00e9 omezuj\u00ed pou\u017e\u00edv\u00e1n\u00ed t\u011b\u017ek\u00fdch kov\u016f (ROHS) u kabel\u016f a vodi\u010d\u016f do 1 kV a chemick\u00fdch l\u00e1tek definovan\u00fdch v REACH (registrace, hodnocen\u00ed, povolov\u00e1n\u00ed a omezov\u00e1n\u00ed chemick\u00fdch l\u00e1tek). Kabel mus\u00ed spl\u0148ovat ROHS, ale m\u016f\u017ee obsahovat podez\u0159el\u00e9 l\u00e1tky definovan\u00e9 na SVHC (l\u00e1tky velmi vysok\u00e9ho znepokojen\u00ed) seznamu v r\u00e1mci REACH. Prodejce je V\u00e1m povinen poskytnout prohl\u00e1\u0161en\u00ed od v\u00fdrobce, zda jsou l\u00e1tky uve\u0159ejn\u011bn\u00e9 na SVHC seznamu sou\u010d\u00e1sti jeho v\u00fdrobku.<\/p>\n<h2>3. Materi\u00e1ly a parametry.<\/h2>\n<p>Z\u00e1sadn\u00ed vliv na cenu kabelu m\u00e1 vedle ceny kovu na burze i mno\u017estv\u00ed a druh pou\u017eit\u00fdch materi\u00e1l\u016f a jejich kvalita. V p\u0159\u00edpad\u011b VELMI V\u00ddHODN\u00c9 CENY kabelu tento v\u00fdrobek pe\u010dliv\u011b kontrolujte, p\u0159\u00edpadn\u011b srovnejte se stejn\u00fdm v\u00fdrobkem renomovan\u00e9ho v\u00fdrobce.<\/p>\n<h3>P\u0159i koupi sledujte hlavn\u011b tyto parametry:<\/h3>\n<h3>3.1. Materi\u00e1l a tlou\u0161\u0165ka j\u00e1dra<\/h3>\n<p>I v sou\u010dasnosti m\u016f\u017eete koupit kabely ozna\u010den\u00e9 za m\u011bd\u011bn\u00e9 kabely, kter\u00e9 ale m\u011b\u010f neobsahuj\u00ed (!).<\/p>\n<p><img loading=\"lazy\" decoding=\"async\" class=\"alignnone size-medium wp-image-511\" src=\"http:\/\/vyrobcikabelu.cz\/wp-content\/uploads\/2016\/12\/material-a-tloustka-300x101.jpg\" alt=\"\" width=\"300\" height=\"101\" srcset=\"https:\/\/www.vyrobcikabelu.cz\/wp-content\/uploads\/2016\/12\/material-a-tloustka-300x101.jpg 300w, https:\/\/www.vyrobcikabelu.cz\/wp-content\/uploads\/2016\/12\/material-a-tloustka.jpg 338w\" sizes=\"(max-width: 300px) 100vw, 300px\" \/><\/p>\n<p><em>Pokoven\u00fd hlin\u00edkov\u00fd dr\u00e1t vypadaj\u00edc\u00ed jako m\u011b\u010f<\/em><\/p>\n<p>Kabely s nevyhovuj\u00edc\u00edmi parametry \u010dinn\u00e9ho odporu maj\u00ed krat\u0161\u00ed \u017eivotnost (jsou proudov\u011b p\u0159et\u011b\u017eov\u00e1ny a v\u00edce se zah\u0159\u00edvaj\u00ed) a z\u00e1rove\u0148 se zvy\u0161uje spot\u0159eba elektrick\u00e9 energie (se zmen\u0161uj\u00edc\u00edm se pr\u016fm\u011brem dr\u00e1tu se zvy\u0161uje \u010dinn\u00fd odpor, a t\u00edm tedy i spot\u0159eba elektrick\u00e9 energie).<\/p>\n<p>V p\u0159\u00edpad\u011b reklamace je nutno prok\u00e1zat, \u017ee v\u00fdrobek nespl\u0148uje p\u0159edepsan\u00e9 hodnoty \u010dinn\u00e9ho odporu. Ten V\u00e1m zm\u011b\u0159\u00ed akreditovan\u00e1 zku\u0161ebn\u00ed laborato\u0159, nebo m\u016f\u017eete d\u00e1t podn\u011bt na \u010ceskou obchodn\u00ed inspekci.<\/p>\n<h3>3.2. Materi\u00e1l a tlou\u0161\u0165ka<\/h3>\n<h4>3.2.1 Izolace<\/h4>\n<p><img loading=\"lazy\" decoding=\"async\" class=\"alignnone size-medium wp-image-513\" src=\"http:\/\/vyrobcikabelu.cz\/wp-content\/uploads\/2016\/12\/izolace-01-300x86.jpg\" alt=\"\" width=\"300\" height=\"86\" srcset=\"https:\/\/www.vyrobcikabelu.cz\/wp-content\/uploads\/2016\/12\/izolace-01-300x87.jpg 300w, https:\/\/www.vyrobcikabelu.cz\/wp-content\/uploads\/2016\/12\/izolace-01.jpg 302w\" sizes=\"(max-width: 300px) 100vw, 300px\" \/><\/p>\n<p><em>Izolace mus\u00ed b\u00fdt dostate\u010dn\u011b kvalitn\u00ed, aby i p\u0159i dlouhodob\u00e9m zat\u00ed\u017een\u00ed nedo\u0161lo k jej\u00edmu prop\u00e1len\u00ed<\/em><\/p>\n<p><img loading=\"lazy\" decoding=\"async\" class=\"alignnone size-medium wp-image-515\" src=\"http:\/\/vyrobcikabelu.cz\/wp-content\/uploads\/2016\/12\/izolace-02-300x87.jpg\" alt=\"\" width=\"300\" height=\"87\" srcset=\"https:\/\/www.vyrobcikabelu.cz\/wp-content\/uploads\/2016\/12\/izolace-02-300x87.jpg 300w, https:\/\/www.vyrobcikabelu.cz\/wp-content\/uploads\/2016\/12\/izolace-02.jpg 312w\" sizes=\"(max-width: 300px) 100vw, 300px\" \/><\/p>\n<p><em>Izolace vodi\u010de nesm\u00ed p\u0159i zv\u00fd\u0161en\u00e9 teplot\u011b ani p\u0159i mrazu popraskat (po\u017eadavky jsou d\u00e1ny p\u0159edm\u011btovou normou pro dan\u00fd typ kabelu)<\/em><\/p>\n<h4>3.2.2 Pl\u00e1\u0161\u0165<\/h4>\n<p><img loading=\"lazy\" decoding=\"async\" class=\"alignnone size-full wp-image-517\" src=\"http:\/\/vyrobcikabelu.cz\/wp-content\/uploads\/2016\/12\/plast.jpg\" alt=\"\" width=\"266\" height=\"153\" \/><\/p>\n<p><em>CYKY 3&#215;1,5 od dvou r\u016fzn\u00fdch v\u00fdrobc\u016f = odli\u0161n\u00e9 materi\u00e1ly i tlou\u0161\u0165ky pl\u00e1\u0161t\u011b (!)<\/em><\/p>\n<p>Pokud neexistuje \u010cSN nebo STN norma, kabely stejn\u00e9ho n\u00e1zvu (nap\u0159. CYKY) od r\u016fzn\u00fdch v\u00fdrobc\u016f maj\u00ed odli\u0161n\u00e9 parametry (nap\u0159. tlou\u0161\u0165ky). Men\u0161\u00ed tlou\u0161\u0165ka izolace\/ pl\u00e1\u0161t\u011b = vy\u0161\u0161\u00ed riziko po\u0161kozen\u00ed kabelu. Kabely s poddimenzovan\u00fdmi tlou\u0161\u0165kami mohou p\u0159edstavovat pro u\u017eivatele zna\u010dn\u00e1 rizika (zdravotn\u00ed i na majetku). Zva\u017ete (p\u0159\u00edpadn\u011b se ptejte u prodejce\/v\u00fdrobce), zda kabely jsou vhodn\u00e9 pro dan\u00fd zp\u016fsob instalace.<\/p>\n<h4>3.2.3 Centricita j\u00e1dra<\/h4>\n<p>V p\u0159\u00edpad\u011b nevyhovuj\u00edc\u00ed centricity j\u00e1dra (j\u00e1dro vodi\u010de nen\u00ed vyst\u0159ed\u011bn\u00e9 = tlou\u0161\u0165ka izolace kol\u00eds\u00e1) se v\u00fdrazn\u011b zvy\u0161uje riziko po\u0161kozen\u00ed izolace p\u0159i pou\u017e\u00edv\u00e1n\u00ed kabelu\/vodi\u010de, a to jak mechanick\u00e9, tak pr\u016fraz elektrick\u00fdm proudem (viz obr\u00e1zek po\u0161kozen\u00ed izolace v\u00fd\u0161e).<\/p>\n<p>U zjevn\u011b poddimenzovan\u00e9ho v\u00fdrobku zva\u017ete mo\u017en\u00e1 rizika \/po\u017e\u00e1r, porucha elektroinstalace, \u00faraz elektrick\u00fdm proudem, p\u0159eh\u0159\u00edv\u00e1n\u00ed kabelu\u2026\/.<\/p>\n<h4>3.2.4 Ostatn\u00ed parametry<\/h4>\n<p>Z\u00e1kazn\u00edk bohu\u017eel nem\u00e1 mo\u017enost zjistit kvalitu n\u011bkter\u00fdch parametr\u016f kabel\u016f (nap\u0159. schopnost kabelu ne\u0161\u00ed\u0159it ohe\u0148). Tyto nedostatky se p\u0159itom mohou projevit a\u017e po ur\u010dit\u00e9 dob\u011b u\u017e\u00edv\u00e1n\u00ed a jejich d\u016fsledky mohou b\u00fdt tragick\u00e9.<\/p>\n<table style=\"height: 43px; width: 906px;\">\n<tbody>\n<tr style=\"height: 405px;\">\n<td style=\"width: 216px; height: 405px;\"><img loading=\"lazy\" decoding=\"async\" class=\"alignnone  wp-image-519\" src=\"http:\/\/vyrobcikabelu.cz\/wp-content\/uploads\/2016\/12\/ostatni-parametry-01-169x300.jpg\" alt=\"\" width=\"205\" height=\"359\" \/><\/td>\n<td style=\"width: 22px; height: 405px;\">\u00a0<\/td>\n<td style=\"width: 169px; height: 405px;\">Kabely mus\u00ed po odd\u00e1len\u00ed definovan\u00e9ho plamene uhasnout (co\u017e v tomto p\u0159\u00edpad\u011b nebylo spln\u011bno \u2013 viz obr\u00e1zek vpravo)<\/td>\n<td style=\"width: 28px; height: 405px;\">\u00a0<\/td>\n<td style=\"width: 470px; height: 405px;\"><img loading=\"lazy\" decoding=\"async\" class=\"alignnone  wp-image-521\" src=\"http:\/\/vyrobcikabelu.cz\/wp-content\/uploads\/2016\/12\/ostatni-parametry-02-169x300.jpg\" alt=\"\" width=\"201\" height=\"357\" srcset=\"https:\/\/www.vyrobcikabelu.cz\/wp-content\/uploads\/2016\/12\/ostatni-parametry-02-169x300.jpg 169w, https:\/\/www.vyrobcikabelu.cz\/wp-content\/uploads\/2016\/12\/ostatni-parametry-02.jpg 463w\" sizes=\"(max-width: 201px) 100vw, 201px\" \/><\/td>\n<\/tr>\n<\/tbody>\n<\/table>\n<p>\n \u010casto se m\u016f\u017eeme setkat s tvrzen\u00edm, \u017ee bezhalogenov\u00fd kabel (LSHF) je kabel neho\u0159lav\u00fd. Toto ale nen\u00ed pravda. Bezhalogenov\u00fd kabel je kabel ho\u0159lav\u00fd, kter\u00fd p\u0159i ho\u0159en\u00ed nevyv\u00edj\u00ed korozivn\u00ed plyny (kovov\u00e9 konstrukce p\u0159i po\u017e\u00e1ru nezkoroduj\u00ed) a rovn\u011b\u017e mus\u00ed spl\u0148ovat po\u017eadavky na hustotu kou\u0159e (je ni\u017e\u0161\u00ed riziko, \u017ee dojde p\u0159i po\u017e\u00e1ru k udu\u0161en\u00ed posti\u017een\u00fdch osob). Rovn\u011b\u017e nen\u00ed automaticky pravidlem, \u017ee oran\u017eov\u00fd kabel je kabel bezhalogenov\u00fd. <br \/>\n V\u00edce o dal\u0161\u00edm rozli\u0161en\u00ed kabel\u016f dle reakc\u00ed na ohe\u0148 bych se zm\u00ednil v n\u011bkter\u00e9m z dal\u0161\u00edch \u010dl\u00e1nk\u016f.<\/p>\n<p>Pokud nebude trh dostate\u010dn\u011b kontrolov\u00e1n (spol\u00e9h\u00e1n\u00ed se pouze na zna\u010dku CE), je riziko, \u017ee koup\u00edte v\u00fdrobek nespl\u0148uj\u00edc\u00ed p\u0159edepsan\u00e9 parametry pom\u011brn\u011b vysok\u00e9.<\/p>\n<p>Pro V\u00e1\u0161 v\u011bt\u0161\u00ed klid proto doporu\u010dujeme sledovat zna\u010dku AVK \/ vy\u017eadovat certifik\u00e1t AVK. V p\u0159\u00edpad\u011b pochyb o kvalit\u011b v\u00fdrobku m\u016f\u017eete kontaktovat Asociaci v\u00fdrobc\u016f kabel\u016f a vodi\u010d\u016f \u010cesk\u00e9 a Slovensk\u00e9 republiky na emailu info@vyrobcikabelu.cz<\/p>\n<p><strong>Josef Rime\u0161<\/strong><\/p>\n","protected":false},"excerpt":{"rendered":"<p>1. Po\u017eadujte IDENTIFIKACI v\u00fdrobce nejen na etiket\u011b, ale zejm\u00e9na na kabelu. Nen\u00ed-li produkt spr\u00e1vn\u011b a kompletn\u011b ozna\u010den (n\u00e1zev v\u00fdrobku a v\u00fdrobce na etiket\u011b i na kabelu vlastn\u00edm), bu\u010fte p\u0159i n\u00e1kupu velmi opatrn\u00ed. V\u00fdrobce m\u00e1 povinnost kabely a vodi\u010de zna\u010dit v\u00fdrobcem, &hellip; <a href=\"https:\/\/www.vyrobcikabelu.cz\/sk\/kvalita-kablov\/co-byste-meli-vedet-pred-instalaci\/\">Pokra\u010dova\u0165<\/a><\/p>\n","protected":false},"author":3,"featured_media":725,"parent":1326,"menu_order":20,"comment_status":"closed","ping_status":"closed","template":"","meta":{"footnotes":""},"acf":[],"yoast_head":"<!-- This site is optimized with the Yoast SEO plugin v21.8 - https:\/\/yoast.com\/wordpress\/plugins\/seo\/ -->\n<title>Co byste m\u011bli v\u011bd\u011bt p\u0159ed instalac\u00ed - AVK<\/title>\n<meta name=\"robots\" content=\"index, follow, max-snippet:-1, max-image-preview:large, max-video-preview:-1\" \/>\n<link rel=\"canonical\" href=\"https:\/\/www.vyrobcikabelu.cz\/sk\/kvalita-kablov\/co-byste-meli-vedet-pred-instalaci\/\" \/>\n<meta property=\"og:locale\" content=\"sk_SK\" \/>\n<meta property=\"og:type\" content=\"article\" \/>\n<meta property=\"og:title\" content=\"Co byste m\u011bli v\u011bd\u011bt p\u0159ed instalac\u00ed - AVK\" \/>\n<meta property=\"og:description\" content=\"1. Po\u017eadujte IDENTIFIKACI v\u00fdrobce nejen na etiket\u011b, ale zejm\u00e9na na kabelu. Nen\u00ed-li produkt spr\u00e1vn\u011b a kompletn\u011b ozna\u010den (n\u00e1zev v\u00fdrobku a v\u00fdrobce na etiket\u011b i na kabelu vlastn\u00edm), bu\u010fte p\u0159i n\u00e1kupu velmi opatrn\u00ed. V\u00fdrobce m\u00e1 povinnost kabely a vodi\u010de zna\u010dit v\u00fdrobcem, &hellip; Pokra\u010dova\u0165\" \/>\n<meta property=\"og:url\" content=\"https:\/\/www.vyrobcikabelu.cz\/sk\/kvalita-kablov\/co-byste-meli-vedet-pred-instalaci\/\" \/>\n<meta property=\"og:site_name\" content=\"AVK\" \/>\n<meta property=\"og:image\" content=\"https:\/\/www.vyrobcikabelu.cz\/wp-content\/uploads\/2017\/01\/electrician-1080561_960_720.jpg\" \/>\n\t<meta property=\"og:image:width\" content=\"960\" \/>\n\t<meta property=\"og:image:height\" content=\"638\" \/>\n\t<meta property=\"og:image:type\" content=\"image\/jpeg\" \/>\n<meta name=\"twitter:card\" content=\"summary_large_image\" \/>\n<meta name=\"twitter:label1\" content=\"Predpokladan\u00fd \u010das \u010d\u00edtania\" \/>\n\t<meta name=\"twitter:data1\" content=\"5 min\u00fat\" \/>\n<script type=\"application\/ld+json\" class=\"yoast-schema-graph\">{\"@context\":\"https:\/\/schema.org\",\"@graph\":[{\"@type\":\"WebPage\",\"@id\":\"https:\/\/www.vyrobcikabelu.cz\/sk\/kvalita-kablov\/co-byste-meli-vedet-pred-instalaci\/\",\"url\":\"https:\/\/www.vyrobcikabelu.cz\/sk\/kvalita-kablov\/co-byste-meli-vedet-pred-instalaci\/\",\"name\":\"Co byste m\u011bli v\u011bd\u011bt p\u0159ed instalac\u00ed - AVK\",\"isPartOf\":{\"@id\":\"https:\/\/www.vyrobcikabelu.cz\/sk\/#website\"},\"datePublished\":\"2017-01-25T09:43:28+00:00\",\"dateModified\":\"2017-01-25T09:43:28+00:00\",\"breadcrumb\":{\"@id\":\"https:\/\/www.vyrobcikabelu.cz\/sk\/kvalita-kablov\/co-byste-meli-vedet-pred-instalaci\/#breadcrumb\"},\"inLanguage\":\"sk-SK\",\"potentialAction\":[{\"@type\":\"ReadAction\",\"target\":[\"https:\/\/www.vyrobcikabelu.cz\/sk\/kvalita-kablov\/co-byste-meli-vedet-pred-instalaci\/\"]}]},{\"@type\":\"BreadcrumbList\",\"@id\":\"https:\/\/www.vyrobcikabelu.cz\/sk\/kvalita-kablov\/co-byste-meli-vedet-pred-instalaci\/#breadcrumb\",\"itemListElement\":[{\"@type\":\"ListItem\",\"position\":1,\"name\":\"Dom\u016f\",\"item\":\"https:\/\/www.vyrobcikabelu.cz\/sk\/\"},{\"@type\":\"ListItem\",\"position\":2,\"name\":\"Kvalita k\u00e1blov\",\"item\":\"https:\/\/www.vyrobcikabelu.cz\/sk\/kvalita-kablov\/\"},{\"@type\":\"ListItem\",\"position\":3,\"name\":\"Co byste m\u011bli v\u011bd\u011bt p\u0159ed instalac\u00ed\"}]},{\"@type\":\"WebSite\",\"@id\":\"https:\/\/www.vyrobcikabelu.cz\/sk\/#website\",\"url\":\"https:\/\/www.vyrobcikabelu.cz\/sk\/\",\"name\":\"AVK\",\"description\":\"Dal\u0161\u00ed web pou\u017e\u00edvaj\u00edc\u00ed WordPress\",\"potentialAction\":[{\"@type\":\"SearchAction\",\"target\":{\"@type\":\"EntryPoint\",\"urlTemplate\":\"https:\/\/www.vyrobcikabelu.cz\/sk\/?s={search_term_string}\"},\"query-input\":\"required name=search_term_string\"}],\"inLanguage\":\"sk-SK\"}]}<\/script>\n<!-- \/ Yoast SEO plugin. -->","yoast_head_json":{"title":"Co byste m\u011bli v\u011bd\u011bt p\u0159ed instalac\u00ed - AVK","robots":{"index":"index","follow":"follow","max-snippet":"max-snippet:-1","max-image-preview":"max-image-preview:large","max-video-preview":"max-video-preview:-1"},"canonical":"https:\/\/www.vyrobcikabelu.cz\/sk\/kvalita-kablov\/co-byste-meli-vedet-pred-instalaci\/","og_locale":"sk_SK","og_type":"article","og_title":"Co byste m\u011bli v\u011bd\u011bt p\u0159ed instalac\u00ed - AVK","og_description":"1. Po\u017eadujte IDENTIFIKACI v\u00fdrobce nejen na etiket\u011b, ale zejm\u00e9na na kabelu. Nen\u00ed-li produkt spr\u00e1vn\u011b a kompletn\u011b ozna\u010den (n\u00e1zev v\u00fdrobku a v\u00fdrobce na etiket\u011b i na kabelu vlastn\u00edm), bu\u010fte p\u0159i n\u00e1kupu velmi opatrn\u00ed. V\u00fdrobce m\u00e1 povinnost kabely a vodi\u010de zna\u010dit v\u00fdrobcem, &hellip; Pokra\u010dova\u0165","og_url":"https:\/\/www.vyrobcikabelu.cz\/sk\/kvalita-kablov\/co-byste-meli-vedet-pred-instalaci\/","og_site_name":"AVK","og_image":[{"width":960,"height":638,"url":"https:\/\/www.vyrobcikabelu.cz\/wp-content\/uploads\/2017\/01\/electrician-1080561_960_720.jpg","type":"image\/jpeg"}],"twitter_card":"summary_large_image","twitter_misc":{"Predpokladan\u00fd \u010das \u010d\u00edtania":"5 min\u00fat"},"schema":{"@context":"https:\/\/schema.org","@graph":[{"@type":"WebPage","@id":"https:\/\/www.vyrobcikabelu.cz\/sk\/kvalita-kablov\/co-byste-meli-vedet-pred-instalaci\/","url":"https:\/\/www.vyrobcikabelu.cz\/sk\/kvalita-kablov\/co-byste-meli-vedet-pred-instalaci\/","name":"Co byste m\u011bli v\u011bd\u011bt p\u0159ed instalac\u00ed - AVK","isPartOf":{"@id":"https:\/\/www.vyrobcikabelu.cz\/sk\/#website"},"datePublished":"2017-01-25T09:43:28+00:00","dateModified":"2017-01-25T09:43:28+00:00","breadcrumb":{"@id":"https:\/\/www.vyrobcikabelu.cz\/sk\/kvalita-kablov\/co-byste-meli-vedet-pred-instalaci\/#breadcrumb"},"inLanguage":"sk-SK","potentialAction":[{"@type":"ReadAction","target":["https:\/\/www.vyrobcikabelu.cz\/sk\/kvalita-kablov\/co-byste-meli-vedet-pred-instalaci\/"]}]},{"@type":"BreadcrumbList","@id":"https:\/\/www.vyrobcikabelu.cz\/sk\/kvalita-kablov\/co-byste-meli-vedet-pred-instalaci\/#breadcrumb","itemListElement":[{"@type":"ListItem","position":1,"name":"Dom\u016f","item":"https:\/\/www.vyrobcikabelu.cz\/sk\/"},{"@type":"ListItem","position":2,"name":"Kvalita k\u00e1blov","item":"https:\/\/www.vyrobcikabelu.cz\/sk\/kvalita-kablov\/"},{"@type":"ListItem","position":3,"name":"Co byste m\u011bli v\u011bd\u011bt p\u0159ed instalac\u00ed"}]},{"@type":"WebSite","@id":"https:\/\/www.vyrobcikabelu.cz\/sk\/#website","url":"https:\/\/www.vyrobcikabelu.cz\/sk\/","name":"AVK","description":"Dal\u0161\u00ed web pou\u017e\u00edvaj\u00edc\u00ed WordPress","potentialAction":[{"@type":"SearchAction","target":{"@type":"EntryPoint","urlTemplate":"https:\/\/www.vyrobcikabelu.cz\/sk\/?s={search_term_string}"},"query-input":"required name=search_term_string"}],"inLanguage":"sk-SK"}]}},"_links":{"self":[{"href":"https:\/\/www.vyrobcikabelu.cz\/sk\/wp-json\/wp\/v2\/pages\/1428"}],"collection":[{"href":"https:\/\/www.vyrobcikabelu.cz\/sk\/wp-json\/wp\/v2\/pages"}],"about":[{"href":"https:\/\/www.vyrobcikabelu.cz\/sk\/wp-json\/wp\/v2\/types\/page"}],"author":[{"embeddable":true,"href":"https:\/\/www.vyrobcikabelu.cz\/sk\/wp-json\/wp\/v2\/users\/3"}],"replies":[{"embeddable":true,"href":"https:\/\/www.vyrobcikabelu.cz\/sk\/wp-json\/wp\/v2\/comments?post=1428"}],"version-history":[{"count":0,"href":"https:\/\/www.vyrobcikabelu.cz\/sk\/wp-json\/wp\/v2\/pages\/1428\/revisions"}],"up":[{"embeddable":true,"href":"https:\/\/www.vyrobcikabelu.cz\/sk\/wp-json\/wp\/v2\/pages\/1326"}],"wp:featuredmedia":[{"embeddable":true,"href":"https:\/\/www.vyrobcikabelu.cz\/sk\/wp-json\/wp\/v2\/media\/725"}],"wp:attachment":[{"href":"https:\/\/www.vyrobcikabelu.cz\/sk\/wp-json\/wp\/v2\/media?parent=1428"}],"curies":[{"name":"wp","href":"https:\/\/api.w.org\/{rel}","templated":true}]}}