{"id":1430,"date":"2017-01-25T09:19:14","date_gmt":"2017-01-25T09:19:14","guid":{"rendered":"http:\/\/vyrobcikabelu.cz\/kvalita-kabelu\/kvalita-kablov-na-trhu-ceskej-a-slovenskej-republiky\/"},"modified":"2017-01-25T09:19:14","modified_gmt":"2017-01-25T09:19:14","slug":"kvalita-kablov-na-trhu-ceskej-a-slovenskej-republiky","status":"publish","type":"page","link":"https:\/\/www.vyrobcikabelu.cz\/sk\/kvalita-kablov\/kvalita-kablov-na-trhu-ceskej-a-slovenskej-republiky\/","title":{"rendered":"Kvalita k\u00e1blov"},"content":{"rendered":"<p>Podobne ako u in\u00fdch komod\u00edt sa i na trhu k\u00e1blov\u00fdch v\u00fdrobkov vyskytuj\u00fa v posledn\u00fdch rokoch nekvalitn\u00e9 k\u00e1ble a vodi\u010de, ktor\u00e9 s\u00fa \u010dasto \u017eivotu nebezpe\u010dn\u00e9 a m\u00f4\u017eu sp\u00f4sobi\u0165 tie\u017e po\u017eiar.<br \/>\n \u00da\u010delom tejto prezent\u00e1cie je zozn\u00e1mi\u0165 odborn\u00fa verejnos\u0165 s \u010dinnos\u0165ou, \u00falohami a cie\u013emi Asoci\u00e1cie v\u00fdrobcov k\u00e1blov a vodi\u010dov \u010cR a SR v ochrane trhu pred nekvalitn\u00fdmi k\u00e1blami a pom\u00f4c\u0165 tak v odborn\u00fdch ot\u00e1zkach pri v\u00fdbere k\u00e1blov a vodi\u010dov.<\/p>\n<p>Asoci\u00e1cia v\u00fdrobcov k\u00e1blov a vodi\u010dov \u010ceskej republiky a Slovenskej republiky (AVK) je nez\u00e1vislou, dobrovo\u013enou, otvorenou, profesijnou organiz\u00e1ciou, ktor\u00e1 zdru\u017euje pr\u00e1vnick\u00e9 osoby, ktor\u00fdch predmetom \u010dinnosti je v\u00fdroba k\u00e1blov a vodi\u010dov a nadv\u00e4zuj\u00facich \u010dinnost\u00ed v oblasti elektrotechnick\u00e9ho priemyslu maj\u00face s\u00eddlo na \u00fazem\u00ed \u010ceskej republiky alebo Slovenskej republiky, pokia\u013e na tomto \u00fazem\u00ed p\u00f4sobia.<\/p>\n<p>Registrovan\u00e9 s\u00eddlo Asoci\u00e1cie je v Jihlave.<\/p>\n<h3>V s\u00fa\u010dasnej dobe s\u00fa \u010dlenmi Asoci\u00e1cie t\u00edto v\u00fdznamn\u00ed v\u00fdrobcovia k\u00e1blov a vodi\u010dov:<\/h3>\n<ul>\n<li>ELKOND HHK, a.s. so s\u00eddlom v Trstenej<\/li>\n<li>Draka Kabely s.r.o., \u010dlen skupiny PRYSMIAN GROUP so s\u00eddlom vo Velkom Mezi\u0159\u00ed\u010d\u00ed<\/li>\n<li>KABELOVNA KABEX a.s. so s\u00eddlom v Hol\u00fd\u0161ove<\/li>\n<li>PRAKAB PRA\u017dSK\u00c1 KABELOVNA s.r.o., Praha<\/li>\n<li>PRYSMIAN KABLO s.r.o., \u010dlen skupiny PRYSMIAN GROUP so s\u00eddlom v Bratislave<\/li>\n<li>VUKI a.s. so s\u00eddlom v Bratislave<\/li>\n<\/ul>\n<h3>Cie\u013eom a predmetom \u010dinnosti Asoci\u00e1cie je najm\u00e4:<\/h3>\n<ul>\n<li>ochrana \u010desk\u00e9ho a slovensk\u00e9ho trhu a spotrebite\u013eov pred nekvalitn\u00fdmi v\u00fdrobkami k\u00e1blov a vodi\u010dov<\/li>\n<li>podpora v\u00fdrobcov k\u00e1blov v oblasti legislat\u00edvy, technick\u00fdch noriem, \u0161tandardov kvality, certifik\u00e1cie a ochrany \u017eivotn\u00e9ho prostredia. Pri napl\u0148ovan\u00ed tohto cie\u013ea spolupracujeme s \u010fal\u0161\u00edmi organiz\u00e1ciami. Asoci\u00e1cia je Centrom technickej normaliz\u00e1cie pri \u00darade pre technick\u00fa normaliz\u00e1ciu metrol\u00f3gie a \u0161t\u00e1tneho sk\u00fa\u0161obn\u00edctva Praha a podie\u013ea sa na tvorbe \u010desk\u00fdch a slovensk\u00fdch noriem a pri prevzat\u00ed noriem z E\u00da.<\/li>\n<li>Asoci\u00e1cia m\u00e1 tie\u017e z\u00e1stupcov v pracovn\u00fdch skupin\u00e1ch CENELEC, ktor\u00e9 sa t\u00fdkaj\u00fa k\u00e1blov a vodi\u010dov. Je \u010dlenom Hospod\u00e1rskej komory \u010cR a Profesijnej komory po\u017eiarnej ochrany v \u010cR a \u00fazko spolupracuje s Asoci\u00e1ciou pas\u00edvnej po\u017eiarnej ochrany (APPO) v SR<br \/>\n podpora v\u00fdvoja, v\u00fdskumu a vzdel\u00e1vania v oblasti elektrotechniky, najm\u00e4 v\u00fdroby k\u00e1blov a vodi\u010dov<\/li>\n<li>medzin\u00e1rodn\u00e1 spolupr\u00e1ca s obdobn\u00fdmi asoci\u00e1ciami a organiz\u00e1ciami<br \/>\n Asoci\u00e1cia je \u010dlenom eur\u00f3pskeho zdru\u017eenia v\u00fdrobcov k\u00e1blov a vodi\u010dov k\u00e1blov EUROPACABLE<\/li>\n<\/ul>\n<p>Ako bolo povedan\u00e9 v \u00favode, AVK na z\u00e1klade odborn\u00fdch vedomost\u00ed a sk\u00fasenost\u00ed svojich \u010dlenov priebe\u017ene sleduje trh k\u00e1blov\u00fdch v\u00fdrobkov v \u010cR a SR a pri zisten\u00ed nekvalitn\u00fdch v\u00fdrobkov sa potom sna\u017e\u00ed v spolupr\u00e1ci s pr\u00edslu\u0161n\u00fdmi organiz\u00e1ciami o vyl\u00fa\u010denie tak\u00fdchto v\u00fdrobkov z trhu.<br \/>\n Priebe\u017en\u00e9 overovanie kvality k\u00e1blov a vodi\u010dov vykon\u00e1va AVK v laborat\u00f3ri\u00e1ch a sk\u00fa\u0161obniach svojich \u010dlenov a pri zisten\u00ed podstatn\u00fdch odch\u00fdlok od \u0161tandardov be\u017en\u00fdch v \u010cR a SR upozorn\u00ed pr\u00edslu\u0161n\u00e9 certifikovan\u00e9 sk\u00fa\u0161obne a kontroln\u00e9 org\u00e1ny, aby vykonali ofici\u00e1lne kontroly a zabezpe\u010dili n\u00e1pravu.<br \/>\n Tu je potrebn\u00e9 upozorni\u0165 na \u010dast\u00fa argument\u00e1ciu niektor\u00fdch spolo\u010dnost\u00ed (v\u00e4\u010d\u0161inou dov\u00e1\u017eaj\u00facich k\u00e1ble zo zahrani\u010dia &#8211; zo \u0161t\u00e1tov mimo E\u00da), \u017ee normy nie s\u00fa z\u00e1v\u00e4zn\u00e9 a \u017ee sta\u010d\u00ed, ke\u010f k dod\u00e1van\u00fdch k\u00e1blom a vodi\u010dom prilo\u017eia \u201eprehl\u00e1senie o zhode\u201c.<br \/>\n Aj ke\u010f s\u00fa dnes normy nez\u00e1v\u00e4zn\u00e9, ale len \u201eodpor\u00fa\u010daj\u00face\u201c (s v\u00fdnimkou noriem citovan\u00fdch v z\u00e1konoch a nariadeniach vl\u00e1dy a E\u00da), preva\u017en\u00e1 v\u00e4\u010d\u0161ina projektantov a odborn\u00fdch elektrotechnick\u00fdch firiem ich pou\u017e\u00edva a riadi sa nimi. Pokia\u013e sa norma nepou\u017eije, mus\u00ed zodpovedn\u00e1 osoba dolo\u017ei\u0165, ako je zabezpe\u010den\u00fd s\u00falad s obvykl\u00fdmi \u0161tandardami v \u0161t\u00e1te, kde je elektroin\u0161tal\u00e1cia realizovan\u00e1.<br \/>\n Pokia\u013e je prehl\u00e1senie o zhode vydan\u00e9 na z\u00e1klade noriem platn\u00fdch v \u010cR alebo SR, alebo sk\u00fa\u0161ok vykonan\u00fdch v autorizovanej sk\u00fa\u0161obni niektorej z kraj\u00edn E\u00da, je to zvy\u010dajne v poriadku.<br \/>\n Vyskytuj\u00fa sa v\u0161ak pr\u00edpady, ke\u010f v dod\u00e1vate\u013eom prilo\u017eenom \u201eprehl\u00e1sen\u00ed o zhode\u201c nebola uveden\u00e1 identifik\u00e1cia dod\u00e1van\u00e9ho k\u00e1bla, ale len \u201eenergetick\u00e9 k\u00e1ble pre nap\u00e4tie do 1 kV\u201c s n\u00e1zvom a pe\u010diatkou nezn\u00e1mej sk\u00fa\u0161obne v krajin\u00e1ch tretieho sveta.<\/p>\n<p>AVK je \u010dlenom EUROCABLE a v spolupr\u00e1ci s ostatn\u00fdmi \u010dlenmi tejto organiz\u00e1cie si vy\u017eaduje tie\u017e inform\u00e1cie o kvalite k\u00e1blov a vodi\u010dov dod\u00e1van\u00fdch na trh v krajin\u00e1ch E\u00da.<br \/>\n Z d\u00f4vodu ochrany trhu pred nekvalitn\u00fdmi v\u00fdrobkami preto v niektor\u00fdch \u0161t\u00e1toch E\u00da s\u00fa spolo\u010dnosti, ktor\u00e9 pred dod\u00e1vkami k\u00e1blov na ich trh vy\u017eaduj\u00fa od dod\u00e1vate\u013eov vzorky k\u00e1blov, skontroluj\u00fa kvalitu a bez ich certifik\u00e1tu z\u00e1kazn\u00edk tak\u00e9to v\u00fdrobky neprijme aj ke\u010f dod\u00e1vatelia deklaruj\u00fa vlastnosti r\u00f4znymi dokumentmi (aj certifik\u00e1tom z kraj\u00edn E\u00da).<br \/>\n AVK by chcela podobn\u00fdm sp\u00f4sobom pom\u00e1ha\u0165 chr\u00e1ni\u0165 trh pred nekvalitn\u00fdmi k\u00e1blami a vodi\u010dmi, a preto koncom tohto roka za\u010dne vyd\u00e1va\u0165 \u201ecertifik\u00e1ty na v\u00fdrobky\u201c, ktor\u00e9 bud\u00fa z\u00e1rukou toho, \u017ee dodan\u00fd k\u00e1bel sp\u013a\u0148a pr\u00edslu\u0161n\u00e9 normy a \u0161tandardy platn\u00e9 v \u010ceskej a Slovenskej republike.<br \/>\n Nem\u00f4\u017ee t\u00fdm samozrejme nahradi\u0165 autorizovan\u00e9 sk\u00fa\u0161obne, ale chceme takto pom\u00f4c\u0165 najm\u00e4 obchodn\u00fdm organiz\u00e1ci\u00e1m a pracovn\u00edkom odberate\u013eov, ktor\u00ed nemaj\u00fa hlb\u0161ie odborn\u00e9 vedomosti v problematike k\u00e1blov a vodi\u010dov a \u010dasto sa pri n\u00e1kupe riadia len cenou. Samozrejme, pokia\u013e je v pon\u00fakanom k\u00e1bli vodi\u010d s hor\u0161ou vodivos\u0165ou, slab\u0161ou izol\u00e1ciou alebo pl\u00e1\u0161\u0165om, bude lacn\u00fd, ale so v\u0161etk\u00fdmi d\u00f4sledkami, ktor\u00e9 z tejto nekvality vypl\u00fdvaj\u00fa.<\/p>\n<p>Ako iste v\u0161etci viete, od 01. 07. 2013 vst\u00fapilo do platnosti NARIADENIE EUR\u00d3PSKEHO PARLAMENTU a RADY (E\u00da) \u010d. 305\/2011 zo d\u0148a 09. marca 2011, ktor\u00fdm sa stanovuj\u00fa harmonizovan\u00e9 podmienky pre uvedenie stavebn\u00fdch v\u00fdrobkov na trh a ktor\u00fdm sa ru\u0161ia smernice Rady 89\/106\/EHS.<\/p>\n<p>K\u00e1ble a vodi\u010de s\u00fa tie\u017e zaraden\u00e9 medzi stavebn\u00e9 v\u00fdrobky a musia teda toto z\u00e1v\u00e4zn\u00e9 nariadenie re\u0161pektova\u0165 v\u0161etci v\u00fdrobcovia, dovozcovia a distrib\u00fatori k\u00e1blov, ktor\u00ed chc\u00fa dod\u00e1va\u0165 v\u00fdrobky do kraj\u00edn E\u00da. Pod\u013ea tohto nariadenia s\u00fa okrem in\u00e9ho \u010dlensk\u00e9 \u0161t\u00e1ty E\u00da povinn\u00e9 zriadi\u0165 tzv. \u201ekontaktn\u00e9 miesta\u201c, ktor\u00e9 by mali poskytova\u0165 inform\u00e1cie o ustanoveniach maj\u00facich za cie\u013e plnenie z\u00e1kladn\u00fdch po\u017eiadaviek na stavby a pou\u017eite\u013en\u00fdch na zam\u00fd\u0161\u013ean\u00e9 \u00fa\u010dely ka\u017ed\u00e9ho stavebn\u00e9ho v\u00fdrobku na \u00fazem\u00ed ka\u017ed\u00e9ho \u010dlensk\u00e9ho \u0161t\u00e1tu. Kontaktn\u00e9 miesta pre stavebn\u00e9 v\u00fdrobky m\u00f4\u017eu hospod\u00e1rskym subjektom poskytova\u0165 tie\u017e \u010fal\u0161ie inform\u00e1cie alebo pripomienky.<\/p>\n<p>V SR je kontaktn\u00fdm miestom Ministerstvo dopravy, v\u00fdstavby a region\u00e1lneho rozvoja. APPO, s ktor\u00fdm AVK spolupracuje, m\u00e1 s t\u00fdmto ministerstvom r\u00e1mcov\u00fa zmluvu o poskytovan\u00ed inform\u00e1ci\u00ed v tejto oblasti.<\/p>\n<p>V \u010cR je kontaktn\u00fdm miestom Ministerstvo priemyslu a obchodu. AVK bude s t\u00fdmto kontaktn\u00fdm miestom spolupracova\u0165 v ot\u00e1zkach t\u00fdkaj\u00facich sa k\u00e1blov a vodi\u010dov.<br \/>\n AVK m\u00e1 svoje web str\u00e1nky <a href=\"http:\/\/www.vyrobcikabelu.cz\">www.vyrobcikabelu.cz<\/a>, resp. <a href=\"http:\/\/www.vyrobcoviakablov.sk\">www.vyrobcoviakablov.sk<\/a>, kde n\u00e1jdete inform\u00e1cie t\u00fdkaj\u00face sa problematiky k\u00e1blov a vodi\u010dov a kontakty, na ktor\u00e9 sa m\u00f4\u017eete obr\u00e1ti\u0165 s ot\u00e1zkami a pripomienkami.<\/p>\n","protected":false},"excerpt":{"rendered":"<p>Podobne ako u in\u00fdch komod\u00edt sa i na trhu k\u00e1blov\u00fdch v\u00fdrobkov vyskytuj\u00fa v posledn\u00fdch rokoch nekvalitn\u00e9 k\u00e1ble a vodi\u010de, ktor\u00e9 s\u00fa \u010dasto \u017eivotu nebezpe\u010dn\u00e9 a m\u00f4\u017eu sp\u00f4sobi\u0165 tie\u017e po\u017eiar. \u00da\u010delom tejto prezent\u00e1cie je zozn\u00e1mi\u0165 odborn\u00fa verejnos\u0165 s \u010dinnos\u0165ou, \u00falohami a &hellip; <a href=\"https:\/\/www.vyrobcikabelu.cz\/sk\/kvalita-kablov\/kvalita-kablov-na-trhu-ceskej-a-slovenskej-republiky\/\">Pokra\u010dova\u0165<\/a><\/p>\n","protected":false},"author":3,"featured_media":739,"parent":1326,"menu_order":23,"comment_status":"closed","ping_status":"closed","template":"","meta":{"footnotes":""},"acf":[],"yoast_head":"<!-- This site is optimized with the Yoast SEO plugin v21.8 - https:\/\/yoast.com\/wordpress\/plugins\/seo\/ -->\n<title>Kvalita k\u00e1blov - AVK<\/title>\n<meta name=\"robots\" content=\"index, follow, max-snippet:-1, max-image-preview:large, max-video-preview:-1\" \/>\n<link rel=\"canonical\" href=\"https:\/\/www.vyrobcikabelu.cz\/sk\/kvalita-kablov\/kvalita-kablov-na-trhu-ceskej-a-slovenskej-republiky\/\" \/>\n<meta property=\"og:locale\" content=\"sk_SK\" \/>\n<meta property=\"og:type\" content=\"article\" \/>\n<meta property=\"og:title\" content=\"Kvalita k\u00e1blov - AVK\" \/>\n<meta property=\"og:description\" content=\"Podobne ako u in\u00fdch komod\u00edt sa i na trhu k\u00e1blov\u00fdch v\u00fdrobkov vyskytuj\u00fa v posledn\u00fdch rokoch nekvalitn\u00e9 k\u00e1ble a vodi\u010de, ktor\u00e9 s\u00fa \u010dasto \u017eivotu nebezpe\u010dn\u00e9 a m\u00f4\u017eu sp\u00f4sobi\u0165 tie\u017e po\u017eiar. \u00da\u010delom tejto prezent\u00e1cie je zozn\u00e1mi\u0165 odborn\u00fa verejnos\u0165 s \u010dinnos\u0165ou, \u00falohami a &hellip; Pokra\u010dova\u0165\" \/>\n<meta property=\"og:url\" content=\"https:\/\/www.vyrobcikabelu.cz\/sk\/kvalita-kablov\/kvalita-kablov-na-trhu-ceskej-a-slovenskej-republiky\/\" \/>\n<meta property=\"og:site_name\" content=\"AVK\" \/>\n<meta property=\"og:image\" content=\"https:\/\/www.vyrobcikabelu.cz\/wp-content\/uploads\/2017\/01\/DSCF0226.jpg\" \/>\n\t<meta property=\"og:image:width\" content=\"800\" \/>\n\t<meta property=\"og:image:height\" content=\"533\" \/>\n\t<meta property=\"og:image:type\" content=\"image\/jpeg\" \/>\n<meta name=\"twitter:card\" content=\"summary_large_image\" \/>\n<meta name=\"twitter:label1\" content=\"Predpokladan\u00fd \u010das \u010d\u00edtania\" \/>\n\t<meta name=\"twitter:data1\" content=\"7 min\u00fat\" \/>\n<script type=\"application\/ld+json\" class=\"yoast-schema-graph\">{\"@context\":\"https:\/\/schema.org\",\"@graph\":[{\"@type\":\"WebPage\",\"@id\":\"https:\/\/www.vyrobcikabelu.cz\/sk\/kvalita-kablov\/kvalita-kablov-na-trhu-ceskej-a-slovenskej-republiky\/\",\"url\":\"https:\/\/www.vyrobcikabelu.cz\/sk\/kvalita-kablov\/kvalita-kablov-na-trhu-ceskej-a-slovenskej-republiky\/\",\"name\":\"Kvalita k\u00e1blov - AVK\",\"isPartOf\":{\"@id\":\"https:\/\/www.vyrobcikabelu.cz\/sk\/#website\"},\"datePublished\":\"2017-01-25T09:19:14+00:00\",\"dateModified\":\"2017-01-25T09:19:14+00:00\",\"breadcrumb\":{\"@id\":\"https:\/\/www.vyrobcikabelu.cz\/sk\/kvalita-kablov\/kvalita-kablov-na-trhu-ceskej-a-slovenskej-republiky\/#breadcrumb\"},\"inLanguage\":\"sk-SK\",\"potentialAction\":[{\"@type\":\"ReadAction\",\"target\":[\"https:\/\/www.vyrobcikabelu.cz\/sk\/kvalita-kablov\/kvalita-kablov-na-trhu-ceskej-a-slovenskej-republiky\/\"]}]},{\"@type\":\"BreadcrumbList\",\"@id\":\"https:\/\/www.vyrobcikabelu.cz\/sk\/kvalita-kablov\/kvalita-kablov-na-trhu-ceskej-a-slovenskej-republiky\/#breadcrumb\",\"itemListElement\":[{\"@type\":\"ListItem\",\"position\":1,\"name\":\"Dom\u016f\",\"item\":\"https:\/\/www.vyrobcikabelu.cz\/sk\/\"},{\"@type\":\"ListItem\",\"position\":2,\"name\":\"Kvalita k\u00e1blov\",\"item\":\"https:\/\/www.vyrobcikabelu.cz\/sk\/kvalita-kablov\/\"},{\"@type\":\"ListItem\",\"position\":3,\"name\":\"Kvalita k\u00e1blov\"}]},{\"@type\":\"WebSite\",\"@id\":\"https:\/\/www.vyrobcikabelu.cz\/sk\/#website\",\"url\":\"https:\/\/www.vyrobcikabelu.cz\/sk\/\",\"name\":\"AVK\",\"description\":\"Dal\u0161\u00ed web pou\u017e\u00edvaj\u00edc\u00ed WordPress\",\"potentialAction\":[{\"@type\":\"SearchAction\",\"target\":{\"@type\":\"EntryPoint\",\"urlTemplate\":\"https:\/\/www.vyrobcikabelu.cz\/sk\/?s={search_term_string}\"},\"query-input\":\"required name=search_term_string\"}],\"inLanguage\":\"sk-SK\"}]}<\/script>\n<!-- \/ Yoast SEO plugin. -->","yoast_head_json":{"title":"Kvalita k\u00e1blov - AVK","robots":{"index":"index","follow":"follow","max-snippet":"max-snippet:-1","max-image-preview":"max-image-preview:large","max-video-preview":"max-video-preview:-1"},"canonical":"https:\/\/www.vyrobcikabelu.cz\/sk\/kvalita-kablov\/kvalita-kablov-na-trhu-ceskej-a-slovenskej-republiky\/","og_locale":"sk_SK","og_type":"article","og_title":"Kvalita k\u00e1blov - AVK","og_description":"Podobne ako u in\u00fdch komod\u00edt sa i na trhu k\u00e1blov\u00fdch v\u00fdrobkov vyskytuj\u00fa v posledn\u00fdch rokoch nekvalitn\u00e9 k\u00e1ble a vodi\u010de, ktor\u00e9 s\u00fa \u010dasto \u017eivotu nebezpe\u010dn\u00e9 a m\u00f4\u017eu sp\u00f4sobi\u0165 tie\u017e po\u017eiar. \u00da\u010delom tejto prezent\u00e1cie je zozn\u00e1mi\u0165 odborn\u00fa verejnos\u0165 s \u010dinnos\u0165ou, \u00falohami a &hellip; Pokra\u010dova\u0165","og_url":"https:\/\/www.vyrobcikabelu.cz\/sk\/kvalita-kablov\/kvalita-kablov-na-trhu-ceskej-a-slovenskej-republiky\/","og_site_name":"AVK","og_image":[{"width":800,"height":533,"url":"https:\/\/www.vyrobcikabelu.cz\/wp-content\/uploads\/2017\/01\/DSCF0226.jpg","type":"image\/jpeg"}],"twitter_card":"summary_large_image","twitter_misc":{"Predpokladan\u00fd \u010das \u010d\u00edtania":"7 min\u00fat"},"schema":{"@context":"https:\/\/schema.org","@graph":[{"@type":"WebPage","@id":"https:\/\/www.vyrobcikabelu.cz\/sk\/kvalita-kablov\/kvalita-kablov-na-trhu-ceskej-a-slovenskej-republiky\/","url":"https:\/\/www.vyrobcikabelu.cz\/sk\/kvalita-kablov\/kvalita-kablov-na-trhu-ceskej-a-slovenskej-republiky\/","name":"Kvalita k\u00e1blov - AVK","isPartOf":{"@id":"https:\/\/www.vyrobcikabelu.cz\/sk\/#website"},"datePublished":"2017-01-25T09:19:14+00:00","dateModified":"2017-01-25T09:19:14+00:00","breadcrumb":{"@id":"https:\/\/www.vyrobcikabelu.cz\/sk\/kvalita-kablov\/kvalita-kablov-na-trhu-ceskej-a-slovenskej-republiky\/#breadcrumb"},"inLanguage":"sk-SK","potentialAction":[{"@type":"ReadAction","target":["https:\/\/www.vyrobcikabelu.cz\/sk\/kvalita-kablov\/kvalita-kablov-na-trhu-ceskej-a-slovenskej-republiky\/"]}]},{"@type":"BreadcrumbList","@id":"https:\/\/www.vyrobcikabelu.cz\/sk\/kvalita-kablov\/kvalita-kablov-na-trhu-ceskej-a-slovenskej-republiky\/#breadcrumb","itemListElement":[{"@type":"ListItem","position":1,"name":"Dom\u016f","item":"https:\/\/www.vyrobcikabelu.cz\/sk\/"},{"@type":"ListItem","position":2,"name":"Kvalita k\u00e1blov","item":"https:\/\/www.vyrobcikabelu.cz\/sk\/kvalita-kablov\/"},{"@type":"ListItem","position":3,"name":"Kvalita k\u00e1blov"}]},{"@type":"WebSite","@id":"https:\/\/www.vyrobcikabelu.cz\/sk\/#website","url":"https:\/\/www.vyrobcikabelu.cz\/sk\/","name":"AVK","description":"Dal\u0161\u00ed web pou\u017e\u00edvaj\u00edc\u00ed WordPress","potentialAction":[{"@type":"SearchAction","target":{"@type":"EntryPoint","urlTemplate":"https:\/\/www.vyrobcikabelu.cz\/sk\/?s={search_term_string}"},"query-input":"required name=search_term_string"}],"inLanguage":"sk-SK"}]}},"_links":{"self":[{"href":"https:\/\/www.vyrobcikabelu.cz\/sk\/wp-json\/wp\/v2\/pages\/1430"}],"collection":[{"href":"https:\/\/www.vyrobcikabelu.cz\/sk\/wp-json\/wp\/v2\/pages"}],"about":[{"href":"https:\/\/www.vyrobcikabelu.cz\/sk\/wp-json\/wp\/v2\/types\/page"}],"author":[{"embeddable":true,"href":"https:\/\/www.vyrobcikabelu.cz\/sk\/wp-json\/wp\/v2\/users\/3"}],"replies":[{"embeddable":true,"href":"https:\/\/www.vyrobcikabelu.cz\/sk\/wp-json\/wp\/v2\/comments?post=1430"}],"version-history":[{"count":0,"href":"https:\/\/www.vyrobcikabelu.cz\/sk\/wp-json\/wp\/v2\/pages\/1430\/revisions"}],"up":[{"embeddable":true,"href":"https:\/\/www.vyrobcikabelu.cz\/sk\/wp-json\/wp\/v2\/pages\/1326"}],"wp:featuredmedia":[{"embeddable":true,"href":"https:\/\/www.vyrobcikabelu.cz\/sk\/wp-json\/wp\/v2\/media\/739"}],"wp:attachment":[{"href":"https:\/\/www.vyrobcikabelu.cz\/sk\/wp-json\/wp\/v2\/media?parent=1430"}],"curies":[{"name":"wp","href":"https:\/\/api.w.org\/{rel}","templated":true}]}}