{"id":1431,"date":"2017-01-25T09:25:32","date_gmt":"2017-01-25T09:25:32","guid":{"rendered":"http:\/\/vyrobcikabelu.cz\/kvalita-kabelu\/zdravotni-nezavadnost-kabelovych-izolaci\/"},"modified":"2017-01-25T09:25:32","modified_gmt":"2017-01-25T09:25:32","slug":"zdravotni-nezavadnost-kabelovych-izolaci","status":"publish","type":"page","link":"https:\/\/www.vyrobcikabelu.cz\/sk\/kvalita-kablov\/zdravotni-nezavadnost-kabelovych-izolaci\/","title":{"rendered":"Zdravotn\u00ed (ne)z\u00e1vadnost kabelov\u00fdch izolac\u00ed"},"content":{"rendered":"<h2>P\u0159ehled b\u011b\u017en\u011b pou\u017e\u00edvan\u00fdch materi\u00e1l\u016f k izolaci kabel\u016f a jejich p\u016fsoben\u00ed na zdrav\u00ed lid\u00ed a \u017eivotn\u00ed prost\u0159ed\u00ed<\/h2>\n<p>Rok od roku je mo\u017en\u00e9 v na\u0161\u00ed republice i ve sv\u011bt\u011b sledovat neust\u00e1le se zvy\u0161uj\u00edc\u00ed produkci plast\u016f v\u0161eho druhu. Plasty pat\u0159\u00ed obecn\u011b do skupiny materi\u00e1l\u016f, kter\u00e9 mohou ohrozit zdrav\u00ed \u010dlov\u011bka i \u017eivotn\u00ed prost\u0159ed\u00ed. Interakce plast\u016f s \u017eivotn\u00edm prost\u0159ed\u00edm se m\u016f\u017ee (ale nemus\u00ed) projevit jako nebezpe\u010dn\u00e1 zvl\u00e1\u0161t\u011b p\u0159i jejich v\u00fdrob\u011b a zpracov\u00e1n\u00ed, s \u010d\u00edm\u017e souvis\u00ed zav\u00e1d\u011bn\u00ed a dodr\u017eov\u00e1n\u00ed environment\u00e1ln\u00edho syst\u00e9mu \u0159\u00edzen\u00ed ve v\u00fdrobn\u00edch podnic\u00edch. Plasty mohou obsahovat celou \u0159adu chemick\u00fdch p\u0159\u00edsad (aditiv), kter\u00e9 zvl\u00e1\u0161t\u011b p\u0159i spalov\u00e1n\u00ed mohou uvol\u0148ovat nebezpe\u010dn\u00e9 zplodiny. M\u00e9dia n\u00e1m \u010dasto p\u0159edkl\u00e1daj\u00ed nejr\u016fzn\u011bj\u0161\u00ed zpr\u00e1vy o \u0161kodlivosti a nebezpe\u010dnosti plast\u016f. Proto\u017ee tato problematika je zna\u010dn\u011b slo\u017eit\u00e1, je c\u00edlem tohoto \u010dl\u00e1nku obezn\u00e1mit \u010dten\u00e1\u0159e s nejv\u00edce prob\u00edran\u00fdmi t\u00e9maty ohledn\u011b zdravotn\u00ed z\u00e1vadnosti plast\u016f pou\u017e\u00edvan\u00fdch v kabelov\u00e9m pr\u016fmyslu.<\/p>\n<p>Samotn\u00e9 plasty nejsou apriori nebezpe\u010dn\u00e9. N\u011bkter\u00e9 druhy plast\u016f ale mohou za ur\u010dit\u00fdch podm\u00ednek (zv\u00fd\u0161en\u00e1 teplota p\u0159i zpracov\u00e1n\u00ed, dlouhodob\u00e1 expozice vodou atd.) uvol\u0148ovat l\u00e1tky, jejich\u017e nebezpe\u010dnost potvrdila ji\u017e \u0159ada v\u00fdzkum\u016f (nap\u0159. ftal\u00e1ty v m\u011bk\u010den\u00e9m PVC, polyhalogenovan\u00e9 paraf\u00edny jako retard\u00e9ry ho\u0159en\u00ed, trioxid antimonu). P\u0159i spr\u00e1vn\u00e9m zach\u00e1zen\u00ed a dodr\u017eov\u00e1n\u00ed ur\u010dit\u00fdch pravidel v\u0161ak rizika nehroz\u00ed. Mezi tato pravidla pat\u0159\u00ed zejm\u00e9na dodr\u017eov\u00e1n\u00ed podm\u00ednek \u0161etrn\u00e9ho a \u0159\u00edzen\u00e9ho p\u0159\u00edstupu k \u017eivotn\u00edmu prost\u0159ed\u00ed, kter\u00e9 shrnuje ji\u017e zm\u00edn\u011bn\u00fd environment\u00e1ln\u00ed syst\u00e9m \u0159\u00edzen\u00ed v\u00fdrobn\u00edch proces\u016f. Ten je ji\u017e doslova nezbytn\u00fd pro ka\u017edou spole\u010dnost, chce-li b\u00fdt \u00fasp\u011b\u0161n\u00e1 a konkurenceschopn\u00e1. Diametr\u00e1ln\u011b odli\u0161n\u00e1 situace ve \u0161kodlivosti plast\u016f nast\u00e1v\u00e1 p\u0159i jejich spalov\u00e1n\u00ed a speci\u00e1ln\u011b pak p\u0159i jejich ho\u0159en\u00ed p\u0159i po\u017e\u00e1ru. \u00davodem je t\u0159eba \u0159\u00edci, \u017ee v\u0161echny ho\u0159\u00edc\u00ed organick\u00e9 l\u00e1tky, plasty nevyj\u00edmaje, maj\u00ed negativn\u00ed dopad na \u017eivotn\u00ed prost\u0159ed\u00ed, nebo\u0165 jsou zdrojem oxid\u016f uhl\u00edku. P\u0159i spalov\u00e1n\u00ed \u010dist\u00fdch plast\u016f jako polyethylen nebo polypropylen, kter\u00e9 se skl\u00e1daj\u00ed pouze z atom\u016f uhl\u00edku a vod\u00edku, vznikaj\u00ed jen oxidy uhl\u00edku a voda. Naproti tomu p\u0159i ho\u0159en\u00ed plast\u016f s obsahem halov\u00fdch prvk\u016f (PVC) vznikaj\u00ed halogenovod\u00edky, kter\u00e9 maj\u00ed korozivn\u00ed \u00fa\u010dinky na v\u011bt\u0161inu stavebn\u00edch konstrukc\u00ed a toxick\u00e9 \u00fa\u010dinky na \u017eiv\u00e9 organismy. Oxidy uhl\u00edku a voda v\u0161ak vznikaj\u00ed p\u0159i ka\u017ed\u00e9m ho\u0159en\u00ed organick\u00fdch l\u00e1tek. Otravy oxidy uhl\u00edku a obecn\u011b kou\u0159ov\u00fdmi plyny jsou dnes nej\u010dast\u011bj\u0161\u00ed p\u0159\u00ed\u010dinou \u00famrt\u00ed p\u0159i po\u017e\u00e1rech, daleko \u010dast\u011bj\u0161\u00ed ne\u017e smrt v d\u016fsledku pop\u00e1len\u00ed nebo uho\u0159en\u00ed.<\/p>\n<p>Z t\u011bchto d\u016fvod\u016f se klade velk\u00fd d\u016fraz mimo jin\u00e9 i na pou\u017e\u00edv\u00e1n\u00ed speci\u00e1ln\u00edch kabel\u016f, je\u017e jsou vyr\u00e1b\u011bny z bezhalogenn\u00edch a ohe\u0148 ne\u0161\u00ed\u0159\u00edc\u00edch nebo ohe\u0148 retarduj\u00edc\u00edch sm\u011bs\u00ed plast\u016f, kter\u00e9 je nutno pou\u017e\u00edvat ve v\u0161ech prostor\u00e1ch s nebezpe\u010d\u00edm vzniku po\u017e\u00e1ru \u010di v\u00fdskytem v\u011bt\u0161\u00edho po\u010dtu osob. Tady si v\u0161ak neodpust\u00edme vlo\u017eit jednu provokativn\u00ed ot\u00e1zku, kter\u00e1 se tohoto probl\u00e9mu p\u0159\u00edmo t\u00fdk\u00e1: Z jak\u00fdch d\u016fvod\u016f vyhl\u00e1\u0161ka \u010d. 23\/2008 Sb. o technick\u00fdch podm\u00ednk\u00e1ch po\u017e\u00e1rn\u00ed ochrany staveb umo\u017e\u0148uje (podle p\u0159\u00edlohy 2, \u010d\u00e1st B) v prostor\u00e1ch jesl\u00ed, l\u016f\u017ekov\u00fdch odd\u011blen\u00ed nemocnic, JIP, ARO, opera\u010dn\u00edch s\u00e1l\u016f, l\u016f\u017ekov\u00fdch \u010d\u00e1st\u00ed dom\u016f soci\u00e1ln\u00edch slu\u017eeb atd. pou\u017e\u00edvat kabely s vysok\u00fdm po\u017e\u00e1rn\u00edm rizikem t\u0159\u00eddy reakce na ohe\u0148 jen Dca a v\u016fbec nep\u0159edepisuje pou\u017eit\u00ed v\u00fd\u0161e uveden\u00fdch speci\u00e1ln\u00edch kabel\u016f se sn\u00ed\u017een\u00fdm obsahem halov\u00fdch prvk\u016f (tj. s dopl\u0148kovou klasifikac\u00ed a1)?<\/p>\n<p>Ale zp\u011bt k t\u00e9matu. V\u00fdroba plast\u016f, zvl\u00e1\u0161t\u011b pak polyetylenu (PE), polypropylenu (PP) a polyvinylchloridu (PVC), je ve srovn\u00e1n\u00ed s v\u00fdrobou kov\u016f, cementu nebo s vypalov\u00e1n\u00edm kameniny proces relativn\u011b energeticky nen\u00e1ro\u010dn\u00fd a ekologicky nez\u00e1vadn\u00fd. Prob\u00edh\u00e1 p\u0159i teplot\u00e1ch okolo 100 a\u017e 200 \u00b0C a neuvol\u0148uj\u00ed se p\u0159i n\u011bm \u017e\u00e1dn\u00e9 \u0161kodliv\u00e9 l\u00e1tky. Tot\u00e9\u017e se d\u00e1 \u0159\u00edci i o b\u011b\u017en\u00fdch zp\u016fsobech jejich recyklace. Pr\u00e1\u0161ky a granul\u00e1ty polyethylenu, polypropylenu a PVC jsou za b\u011b\u017en\u00fdch podm\u00ednek zdravotn\u011b nez\u00e1vadn\u00e9. Nejsou zn\u00e1my jejich nep\u0159\u00edzniv\u00e9 \u00fa\u010dinky na lidsk\u00fd organismus, nen\u00ed uvedena karcinogennost ani mutagenn\u00ed vlivy. Zm\u00edn\u011bn\u00e9 materi\u00e1ly pat\u0159\u00ed do skupiny l\u00e1tek naz\u00fdvan\u00fdch termoplasty, tedy materi\u00e1ly, kter\u00e9 p\u016fsoben\u00edm tepla m\u011bknou a tav\u00ed se. Lze je tedy formovat do tvaru kone\u010dn\u00e9ho v\u00fdrobku, a to i opakovan\u011b. Za ur\u010dit\u00fdch podm\u00ednek (p\u0159\u00edli\u0161 vysok\u00e1 teplota p\u0159i zpracov\u00e1n\u00ed) v\u0161ak mohou b\u00fdt nestabiln\u00ed. Z plast\u016f se pak mohou snadno uvol\u0148ovat jednotliv\u00e1 aditiva \u010di zplodiny jejich rozkladu, kter\u00e9 snadno mohou pronikat do \u017eivotn\u00edho prost\u0159ed\u00ed nebo organism\u016f. P\u0159\u00edkladem je d\u0159\u00edv\u011bj\u0161\u00ed pou\u017e\u00edv\u00e1n\u00ed ur\u010dit\u00e9ho typu retard\u00e9r\u016f ho\u0159en\u00ed a zm\u011bk\u010dovadla (PCB \u2013 polychlorovan\u00e9 bifenyly), jimi\u017e je moment\u00e1ln\u011b zavalen cel\u00fd sv\u011bt. Retard\u00e9ry ho\u0159en\u00ed se nepou\u017e\u00edvaj\u00ed pouze v izola\u010dn\u00edch materi\u00e1lech pro kabelov\u00e9 pl\u00e1\u0161t\u011b, ale tak\u00e9 v plastov\u00fdch hra\u010dk\u00e1ch, n\u00e1dob\u00ed, bytov\u00fdch dopl\u0148c\u00edch apod.<\/p>\n<p>V\u011bt\u0161ina aditiv ovliv\u0148uj\u00edc\u00edch z\u00e1kladn\u00ed vlastnosti plast\u016f je v\u00edce \u010di m\u00e9n\u011b toxick\u00e1. UV stabiliz\u00e1tory, zm\u011bk\u010dovadla, antioxidanty, barviva i ji\u017e zm\u00edn\u011bn\u00e9 retard\u00e9ry ho\u0159en\u00ed \u2013 v\u0161echny tyto l\u00e1tky mohou b\u00fdt zdravotn\u011b z\u00e1vadn\u00e9, n\u011bkter\u00e9 i prudce jedovat\u00e9. Z t\u011bchto d\u016fvod\u016f je obsah jednotliv\u00fdch slo\u017eek v plastech upraven pr\u00e1vn\u00edmi normami, kter\u00e9 uv\u00e1d\u011bj\u00ed, \u017ee pro v\u00fdrobu a zpracov\u00e1n\u00ed plast\u016f nesm\u00ed b\u00fdt ve st\u00e1tech EU pou\u017e\u00edv\u00e1ny p\u0159\u00edsady, kter\u00e9 by mohly ovliv\u0148ovat \u017eivotn\u00ed prost\u0159ed\u00ed nebo ohro\u017eovat lidsk\u00e9 zdrav\u00ed. Evropsk\u00e1 unie zavedla opat\u0159en\u00ed, kter\u00fdmi jsou nuceny \u0159\u00eddit se jej\u00ed \u010dlensk\u00e9 st\u00e1ty p\u0159i v\u00fdrob\u011b elektrick\u00e9ho a elektronick\u00e9ho vybaven\u00ed. Jedn\u00e1 se o sm\u011brnici RoHS a chemickou politiku REACH. C\u00edlem sm\u011brnic je omezit pou\u017e\u00edv\u00e1n\u00ed nebezpe\u010dn\u00fdch l\u00e1tek p\u0159i v\u00fdrob\u011b elektrick\u00e9ho a elektronick\u00e9ho za\u0159\u00edzen\u00ed a t\u00edm p\u0159isp\u011bt k ochran\u011b lidsk\u00e9ho zdrav\u00ed a \u017eivotn\u00edho prost\u0159ed\u00ed. Ze strany v\u00fdrobc\u016f ve st\u00e1tech Evropsk\u00e9 unie tedy \u017e\u00e1dn\u00e1 nebezpe\u010d\u00ed pro lidi \u010di \u017eivotn\u00ed prost\u0159ed\u00ed nehroz\u00ed, proto\u017ee politika ochrany \u017eivotn\u00edho prost\u0159ed\u00ed jim nedovol\u00ed vyr\u00e1b\u011bt produkty, kter\u00e9 by svoj\u00ed v\u00fdrobou \u010di provozem n\u011bjak\u00fdm zp\u016fsobem \u0161kodily. Probl\u00e9my s p\u0159\u00edsadami v\u0161ak mohou nastat p\u0159i dovozu produkt\u016f ze zem\u00ed mimo EU.<\/p>\n<p><strong>Asociace v\u00fdrobc\u016f kabel\u016f<\/strong><br \/>\n \u010cesk\u00e9 a Slovensk\u00e9 republiky<br \/>\n z\u00e1\u0159\u00ed 2015<\/p>\n","protected":false},"excerpt":{"rendered":"<p>P\u0159ehled b\u011b\u017en\u011b pou\u017e\u00edvan\u00fdch materi\u00e1l\u016f k izolaci kabel\u016f a jejich p\u016fsoben\u00ed na zdrav\u00ed lid\u00ed a \u017eivotn\u00ed prost\u0159ed\u00ed Rok od roku je mo\u017en\u00e9 v na\u0161\u00ed republice i ve sv\u011bt\u011b sledovat neust\u00e1le se zvy\u0161uj\u00edc\u00ed produkci plast\u016f v\u0161eho druhu. Plasty pat\u0159\u00ed obecn\u011b do skupiny &hellip; <a href=\"https:\/\/www.vyrobcikabelu.cz\/sk\/kvalita-kablov\/zdravotni-nezavadnost-kabelovych-izolaci\/\">Pokra\u010dova\u0165<\/a><\/p>\n","protected":false},"author":3,"featured_media":773,"parent":1326,"menu_order":31,"comment_status":"closed","ping_status":"closed","template":"","meta":{"footnotes":""},"acf":[],"yoast_head":"<!-- This site is optimized with the Yoast SEO plugin v21.8 - https:\/\/yoast.com\/wordpress\/plugins\/seo\/ -->\n<title>Zdravotn\u00ed (ne)z\u00e1vadnost kabelov\u00fdch izolac\u00ed - AVK<\/title>\n<meta name=\"robots\" content=\"index, follow, max-snippet:-1, max-image-preview:large, max-video-preview:-1\" \/>\n<link rel=\"canonical\" href=\"https:\/\/www.vyrobcikabelu.cz\/sk\/kvalita-kablov\/zdravotni-nezavadnost-kabelovych-izolaci\/\" \/>\n<meta property=\"og:locale\" content=\"sk_SK\" \/>\n<meta property=\"og:type\" content=\"article\" \/>\n<meta property=\"og:title\" content=\"Zdravotn\u00ed (ne)z\u00e1vadnost kabelov\u00fdch izolac\u00ed - AVK\" \/>\n<meta property=\"og:description\" content=\"P\u0159ehled b\u011b\u017en\u011b pou\u017e\u00edvan\u00fdch materi\u00e1l\u016f k izolaci kabel\u016f a jejich p\u016fsoben\u00ed na zdrav\u00ed lid\u00ed a \u017eivotn\u00ed prost\u0159ed\u00ed Rok od roku je mo\u017en\u00e9 v na\u0161\u00ed republice i ve sv\u011bt\u011b sledovat neust\u00e1le se zvy\u0161uj\u00edc\u00ed produkci plast\u016f v\u0161eho druhu. Plasty pat\u0159\u00ed obecn\u011b do skupiny &hellip; Pokra\u010dova\u0165\" \/>\n<meta property=\"og:url\" content=\"https:\/\/www.vyrobcikabelu.cz\/sk\/kvalita-kablov\/zdravotni-nezavadnost-kabelovych-izolaci\/\" \/>\n<meta property=\"og:site_name\" content=\"AVK\" \/>\n<meta property=\"og:image\" content=\"https:\/\/www.vyrobcikabelu.cz\/wp-content\/uploads\/2017\/01\/DSCF0277.jpg\" \/>\n\t<meta property=\"og:image:width\" content=\"800\" \/>\n\t<meta property=\"og:image:height\" content=\"533\" \/>\n\t<meta property=\"og:image:type\" content=\"image\/jpeg\" \/>\n<meta name=\"twitter:card\" content=\"summary_large_image\" \/>\n<meta name=\"twitter:label1\" content=\"Predpokladan\u00fd \u010das \u010d\u00edtania\" \/>\n\t<meta name=\"twitter:data1\" content=\"6 min\u00fat\" \/>\n<script type=\"application\/ld+json\" class=\"yoast-schema-graph\">{\"@context\":\"https:\/\/schema.org\",\"@graph\":[{\"@type\":\"WebPage\",\"@id\":\"https:\/\/www.vyrobcikabelu.cz\/sk\/kvalita-kablov\/zdravotni-nezavadnost-kabelovych-izolaci\/\",\"url\":\"https:\/\/www.vyrobcikabelu.cz\/sk\/kvalita-kablov\/zdravotni-nezavadnost-kabelovych-izolaci\/\",\"name\":\"Zdravotn\u00ed (ne)z\u00e1vadnost kabelov\u00fdch izolac\u00ed - AVK\",\"isPartOf\":{\"@id\":\"https:\/\/www.vyrobcikabelu.cz\/sk\/#website\"},\"datePublished\":\"2017-01-25T09:25:32+00:00\",\"dateModified\":\"2017-01-25T09:25:32+00:00\",\"breadcrumb\":{\"@id\":\"https:\/\/www.vyrobcikabelu.cz\/sk\/kvalita-kablov\/zdravotni-nezavadnost-kabelovych-izolaci\/#breadcrumb\"},\"inLanguage\":\"sk-SK\",\"potentialAction\":[{\"@type\":\"ReadAction\",\"target\":[\"https:\/\/www.vyrobcikabelu.cz\/sk\/kvalita-kablov\/zdravotni-nezavadnost-kabelovych-izolaci\/\"]}]},{\"@type\":\"BreadcrumbList\",\"@id\":\"https:\/\/www.vyrobcikabelu.cz\/sk\/kvalita-kablov\/zdravotni-nezavadnost-kabelovych-izolaci\/#breadcrumb\",\"itemListElement\":[{\"@type\":\"ListItem\",\"position\":1,\"name\":\"Dom\u016f\",\"item\":\"https:\/\/www.vyrobcikabelu.cz\/sk\/\"},{\"@type\":\"ListItem\",\"position\":2,\"name\":\"Kvalita k\u00e1blov\",\"item\":\"https:\/\/www.vyrobcikabelu.cz\/sk\/kvalita-kablov\/\"},{\"@type\":\"ListItem\",\"position\":3,\"name\":\"Zdravotn\u00ed (ne)z\u00e1vadnost kabelov\u00fdch izolac\u00ed\"}]},{\"@type\":\"WebSite\",\"@id\":\"https:\/\/www.vyrobcikabelu.cz\/sk\/#website\",\"url\":\"https:\/\/www.vyrobcikabelu.cz\/sk\/\",\"name\":\"AVK\",\"description\":\"Dal\u0161\u00ed web pou\u017e\u00edvaj\u00edc\u00ed WordPress\",\"potentialAction\":[{\"@type\":\"SearchAction\",\"target\":{\"@type\":\"EntryPoint\",\"urlTemplate\":\"https:\/\/www.vyrobcikabelu.cz\/sk\/?s={search_term_string}\"},\"query-input\":\"required name=search_term_string\"}],\"inLanguage\":\"sk-SK\"}]}<\/script>\n<!-- \/ Yoast SEO plugin. -->","yoast_head_json":{"title":"Zdravotn\u00ed (ne)z\u00e1vadnost kabelov\u00fdch izolac\u00ed - AVK","robots":{"index":"index","follow":"follow","max-snippet":"max-snippet:-1","max-image-preview":"max-image-preview:large","max-video-preview":"max-video-preview:-1"},"canonical":"https:\/\/www.vyrobcikabelu.cz\/sk\/kvalita-kablov\/zdravotni-nezavadnost-kabelovych-izolaci\/","og_locale":"sk_SK","og_type":"article","og_title":"Zdravotn\u00ed (ne)z\u00e1vadnost kabelov\u00fdch izolac\u00ed - AVK","og_description":"P\u0159ehled b\u011b\u017en\u011b pou\u017e\u00edvan\u00fdch materi\u00e1l\u016f k izolaci kabel\u016f a jejich p\u016fsoben\u00ed na zdrav\u00ed lid\u00ed a \u017eivotn\u00ed prost\u0159ed\u00ed Rok od roku je mo\u017en\u00e9 v na\u0161\u00ed republice i ve sv\u011bt\u011b sledovat neust\u00e1le se zvy\u0161uj\u00edc\u00ed produkci plast\u016f v\u0161eho druhu. Plasty pat\u0159\u00ed obecn\u011b do skupiny &hellip; Pokra\u010dova\u0165","og_url":"https:\/\/www.vyrobcikabelu.cz\/sk\/kvalita-kablov\/zdravotni-nezavadnost-kabelovych-izolaci\/","og_site_name":"AVK","og_image":[{"width":800,"height":533,"url":"https:\/\/www.vyrobcikabelu.cz\/wp-content\/uploads\/2017\/01\/DSCF0277.jpg","type":"image\/jpeg"}],"twitter_card":"summary_large_image","twitter_misc":{"Predpokladan\u00fd \u010das \u010d\u00edtania":"6 min\u00fat"},"schema":{"@context":"https:\/\/schema.org","@graph":[{"@type":"WebPage","@id":"https:\/\/www.vyrobcikabelu.cz\/sk\/kvalita-kablov\/zdravotni-nezavadnost-kabelovych-izolaci\/","url":"https:\/\/www.vyrobcikabelu.cz\/sk\/kvalita-kablov\/zdravotni-nezavadnost-kabelovych-izolaci\/","name":"Zdravotn\u00ed (ne)z\u00e1vadnost kabelov\u00fdch izolac\u00ed - AVK","isPartOf":{"@id":"https:\/\/www.vyrobcikabelu.cz\/sk\/#website"},"datePublished":"2017-01-25T09:25:32+00:00","dateModified":"2017-01-25T09:25:32+00:00","breadcrumb":{"@id":"https:\/\/www.vyrobcikabelu.cz\/sk\/kvalita-kablov\/zdravotni-nezavadnost-kabelovych-izolaci\/#breadcrumb"},"inLanguage":"sk-SK","potentialAction":[{"@type":"ReadAction","target":["https:\/\/www.vyrobcikabelu.cz\/sk\/kvalita-kablov\/zdravotni-nezavadnost-kabelovych-izolaci\/"]}]},{"@type":"BreadcrumbList","@id":"https:\/\/www.vyrobcikabelu.cz\/sk\/kvalita-kablov\/zdravotni-nezavadnost-kabelovych-izolaci\/#breadcrumb","itemListElement":[{"@type":"ListItem","position":1,"name":"Dom\u016f","item":"https:\/\/www.vyrobcikabelu.cz\/sk\/"},{"@type":"ListItem","position":2,"name":"Kvalita k\u00e1blov","item":"https:\/\/www.vyrobcikabelu.cz\/sk\/kvalita-kablov\/"},{"@type":"ListItem","position":3,"name":"Zdravotn\u00ed (ne)z\u00e1vadnost kabelov\u00fdch izolac\u00ed"}]},{"@type":"WebSite","@id":"https:\/\/www.vyrobcikabelu.cz\/sk\/#website","url":"https:\/\/www.vyrobcikabelu.cz\/sk\/","name":"AVK","description":"Dal\u0161\u00ed web pou\u017e\u00edvaj\u00edc\u00ed WordPress","potentialAction":[{"@type":"SearchAction","target":{"@type":"EntryPoint","urlTemplate":"https:\/\/www.vyrobcikabelu.cz\/sk\/?s={search_term_string}"},"query-input":"required name=search_term_string"}],"inLanguage":"sk-SK"}]}},"_links":{"self":[{"href":"https:\/\/www.vyrobcikabelu.cz\/sk\/wp-json\/wp\/v2\/pages\/1431"}],"collection":[{"href":"https:\/\/www.vyrobcikabelu.cz\/sk\/wp-json\/wp\/v2\/pages"}],"about":[{"href":"https:\/\/www.vyrobcikabelu.cz\/sk\/wp-json\/wp\/v2\/types\/page"}],"author":[{"embeddable":true,"href":"https:\/\/www.vyrobcikabelu.cz\/sk\/wp-json\/wp\/v2\/users\/3"}],"replies":[{"embeddable":true,"href":"https:\/\/www.vyrobcikabelu.cz\/sk\/wp-json\/wp\/v2\/comments?post=1431"}],"version-history":[{"count":0,"href":"https:\/\/www.vyrobcikabelu.cz\/sk\/wp-json\/wp\/v2\/pages\/1431\/revisions"}],"up":[{"embeddable":true,"href":"https:\/\/www.vyrobcikabelu.cz\/sk\/wp-json\/wp\/v2\/pages\/1326"}],"wp:featuredmedia":[{"embeddable":true,"href":"https:\/\/www.vyrobcikabelu.cz\/sk\/wp-json\/wp\/v2\/media\/773"}],"wp:attachment":[{"href":"https:\/\/www.vyrobcikabelu.cz\/sk\/wp-json\/wp\/v2\/media?parent=1431"}],"curies":[{"name":"wp","href":"https:\/\/api.w.org\/{rel}","templated":true}]}}