{"id":1434,"date":"2016-11-14T09:30:55","date_gmt":"2016-11-14T09:30:55","guid":{"rendered":"http:\/\/vyrobcikabelu.cz\/kontakt-2\/"},"modified":"2017-02-24T08:34:44","modified_gmt":"2017-02-24T08:34:44","slug":"kontakt","status":"publish","type":"page","link":"https:\/\/www.vyrobcikabelu.cz\/sk\/kontakt\/","title":{"rendered":"Kontakt"},"content":{"rendered":"<p><strong>ASOCIACE V\u00ddROBC\u016e KABEL\u016e A VODI\u010c\u016e \u010cR A SR<\/strong><br \/>\n<strong>S\u00eddlo:<\/strong>\u00a0\u017didovsk\u00e1 1143\/31, 589 01 \u00a0Jihlava, \u010cesk\u00e1 republika<\/p>\n<p><a href=\"mailto:info@vyrobcikabelu.cz\">info@vyrobcikabelu.cz<br \/>\n<\/a><a href=\"mailto:info@vyrobcoviakablov.sk\">info@vyrobcoviakablov.sk<\/a><\/p>\n<p>+420 602 271 633<\/p>\n<p>I\u010cO: 71200665<br \/>\nKrajsk\u00fd soud v Brn\u011b, odd\u00edl L, vlo\u017eka 19552.<\/p>\n","protected":false},"excerpt":{"rendered":"<p>ASOCIACE V\u00ddROBC\u016e KABEL\u016e A VODI\u010c\u016e \u010cR A SR S\u00eddlo:\u00a0\u017didovsk\u00e1 1143\/31, 589 01 \u00a0Jihlava, \u010cesk\u00e1 republika info@vyrobcikabelu.cz info@vyrobcoviakablov.sk +420 602 271 633 I\u010cO: 71200665 Krajsk\u00fd soud v Brn\u011b, odd\u00edl L, vlo\u017eka 19552.<\/p>\n","protected":false},"author":1,"featured_media":0,"parent":0,"menu_order":10,"comment_status":"closed","ping_status":"closed","template":"templates\/contact.php","meta":{"footnotes":""},"acf":[],"yoast_head":"<!-- This site is optimized with the Yoast SEO plugin v21.8 - https:\/\/yoast.com\/wordpress\/plugins\/seo\/ -->\n<title>Kontakt - AVK<\/title>\n<meta name=\"robots\" content=\"index, follow, max-snippet:-1, max-image-preview:large, max-video-preview:-1\" \/>\n<link rel=\"canonical\" href=\"https:\/\/www.vyrobcikabelu.cz\/sk\/kontakt\/\" \/>\n<meta property=\"og:locale\" content=\"sk_SK\" \/>\n<meta property=\"og:type\" content=\"article\" \/>\n<meta property=\"og:title\" content=\"Kontakt - AVK\" \/>\n<meta property=\"og:description\" content=\"ASOCIACE V\u00ddROBC\u016e KABEL\u016e A VODI\u010c\u016e \u010cR A SR S\u00eddlo:\u00a0\u017didovsk\u00e1 1143\/31, 589 01 \u00a0Jihlava, \u010cesk\u00e1 republika info@vyrobcikabelu.cz info@vyrobcoviakablov.sk +420 602 271 633 I\u010cO: 71200665 Krajsk\u00fd soud v Brn\u011b, odd\u00edl L, vlo\u017eka 19552.\" \/>\n<meta property=\"og:url\" content=\"https:\/\/www.vyrobcikabelu.cz\/sk\/kontakt\/\" \/>\n<meta property=\"og:site_name\" content=\"AVK\" \/>\n<meta property=\"article:modified_time\" content=\"2017-02-24T08:34:44+00:00\" \/>\n<meta name=\"twitter:card\" content=\"summary_large_image\" \/>\n<script type=\"application\/ld+json\" class=\"yoast-schema-graph\">{\"@context\":\"https:\/\/schema.org\",\"@graph\":[{\"@type\":\"WebPage\",\"@id\":\"https:\/\/www.vyrobcikabelu.cz\/sk\/kontakt\/\",\"url\":\"https:\/\/www.vyrobcikabelu.cz\/sk\/kontakt\/\",\"name\":\"Kontakt - AVK\",\"isPartOf\":{\"@id\":\"https:\/\/www.vyrobcikabelu.cz\/sk\/#website\"},\"datePublished\":\"2016-11-14T09:30:55+00:00\",\"dateModified\":\"2017-02-24T08:34:44+00:00\",\"breadcrumb\":{\"@id\":\"https:\/\/www.vyrobcikabelu.cz\/sk\/kontakt\/#breadcrumb\"},\"inLanguage\":\"sk-SK\",\"potentialAction\":[{\"@type\":\"ReadAction\",\"target\":[\"https:\/\/www.vyrobcikabelu.cz\/sk\/kontakt\/\"]}]},{\"@type\":\"BreadcrumbList\",\"@id\":\"https:\/\/www.vyrobcikabelu.cz\/sk\/kontakt\/#breadcrumb\",\"itemListElement\":[{\"@type\":\"ListItem\",\"position\":1,\"name\":\"Dom\u016f\",\"item\":\"https:\/\/www.vyrobcikabelu.cz\/sk\/\"},{\"@type\":\"ListItem\",\"position\":2,\"name\":\"Kontakt\"}]},{\"@type\":\"WebSite\",\"@id\":\"https:\/\/www.vyrobcikabelu.cz\/sk\/#website\",\"url\":\"https:\/\/www.vyrobcikabelu.cz\/sk\/\",\"name\":\"AVK\",\"description\":\"Dal\u0161\u00ed web pou\u017e\u00edvaj\u00edc\u00ed WordPress\",\"potentialAction\":[{\"@type\":\"SearchAction\",\"target\":{\"@type\":\"EntryPoint\",\"urlTemplate\":\"https:\/\/www.vyrobcikabelu.cz\/sk\/?s={search_term_string}\"},\"query-input\":\"required name=search_term_string\"}],\"inLanguage\":\"sk-SK\"}]}<\/script>\n<!-- \/ Yoast SEO plugin. -->","yoast_head_json":{"title":"Kontakt - AVK","robots":{"index":"index","follow":"follow","max-snippet":"max-snippet:-1","max-image-preview":"max-image-preview:large","max-video-preview":"max-video-preview:-1"},"canonical":"https:\/\/www.vyrobcikabelu.cz\/sk\/kontakt\/","og_locale":"sk_SK","og_type":"article","og_title":"Kontakt - AVK","og_description":"ASOCIACE V\u00ddROBC\u016e KABEL\u016e A VODI\u010c\u016e \u010cR A SR S\u00eddlo:\u00a0\u017didovsk\u00e1 1143\/31, 589 01 \u00a0Jihlava, \u010cesk\u00e1 republika info@vyrobcikabelu.cz info@vyrobcoviakablov.sk +420 602 271 633 I\u010cO: 71200665 Krajsk\u00fd soud v Brn\u011b, odd\u00edl L, vlo\u017eka 19552.","og_url":"https:\/\/www.vyrobcikabelu.cz\/sk\/kontakt\/","og_site_name":"AVK","article_modified_time":"2017-02-24T08:34:44+00:00","twitter_card":"summary_large_image","schema":{"@context":"https:\/\/schema.org","@graph":[{"@type":"WebPage","@id":"https:\/\/www.vyrobcikabelu.cz\/sk\/kontakt\/","url":"https:\/\/www.vyrobcikabelu.cz\/sk\/kontakt\/","name":"Kontakt - AVK","isPartOf":{"@id":"https:\/\/www.vyrobcikabelu.cz\/sk\/#website"},"datePublished":"2016-11-14T09:30:55+00:00","dateModified":"2017-02-24T08:34:44+00:00","breadcrumb":{"@id":"https:\/\/www.vyrobcikabelu.cz\/sk\/kontakt\/#breadcrumb"},"inLanguage":"sk-SK","potentialAction":[{"@type":"ReadAction","target":["https:\/\/www.vyrobcikabelu.cz\/sk\/kontakt\/"]}]},{"@type":"BreadcrumbList","@id":"https:\/\/www.vyrobcikabelu.cz\/sk\/kontakt\/#breadcrumb","itemListElement":[{"@type":"ListItem","position":1,"name":"Dom\u016f","item":"https:\/\/www.vyrobcikabelu.cz\/sk\/"},{"@type":"ListItem","position":2,"name":"Kontakt"}]},{"@type":"WebSite","@id":"https:\/\/www.vyrobcikabelu.cz\/sk\/#website","url":"https:\/\/www.vyrobcikabelu.cz\/sk\/","name":"AVK","description":"Dal\u0161\u00ed web pou\u017e\u00edvaj\u00edc\u00ed WordPress","potentialAction":[{"@type":"SearchAction","target":{"@type":"EntryPoint","urlTemplate":"https:\/\/www.vyrobcikabelu.cz\/sk\/?s={search_term_string}"},"query-input":"required name=search_term_string"}],"inLanguage":"sk-SK"}]}},"_links":{"self":[{"href":"https:\/\/www.vyrobcikabelu.cz\/sk\/wp-json\/wp\/v2\/pages\/1434"}],"collection":[{"href":"https:\/\/www.vyrobcikabelu.cz\/sk\/wp-json\/wp\/v2\/pages"}],"about":[{"href":"https:\/\/www.vyrobcikabelu.cz\/sk\/wp-json\/wp\/v2\/types\/page"}],"author":[{"embeddable":true,"href":"https:\/\/www.vyrobcikabelu.cz\/sk\/wp-json\/wp\/v2\/users\/1"}],"replies":[{"embeddable":true,"href":"https:\/\/www.vyrobcikabelu.cz\/sk\/wp-json\/wp\/v2\/comments?post=1434"}],"version-history":[{"count":5,"href":"https:\/\/www.vyrobcikabelu.cz\/sk\/wp-json\/wp\/v2\/pages\/1434\/revisions"}],"predecessor-version":[{"id":1453,"href":"https:\/\/www.vyrobcikabelu.cz\/sk\/wp-json\/wp\/v2\/pages\/1434\/revisions\/1453"}],"wp:attachment":[{"href":"https:\/\/www.vyrobcikabelu.cz\/sk\/wp-json\/wp\/v2\/media?parent=1434"}],"curies":[{"name":"wp","href":"https:\/\/api.w.org\/{rel}","templated":true}]}}