{"id":1937,"date":"2017-08-21T12:26:21","date_gmt":"2017-08-21T12:26:21","guid":{"rendered":"https:\/\/vyrobcikabelu.cz\/normy-rady-navody\/narizeni-cpr-norma-en-50575\/"},"modified":"2018-08-06T08:17:39","modified_gmt":"2018-08-06T08:17:39","slug":"narizeni-cpr-norma-en-50575","status":"publish","type":"page","link":"https:\/\/www.vyrobcikabelu.cz\/sk\/normy-rady-navody\/narizeni-cpr-norma-en-50575\/","title":{"rendered":"Na\u0159\u00edzen\u00ed CPR (norma EN 50575)"},"content":{"rendered":"<p><b>Od 1. 7. 2017 je z\u00e1vazn\u00e9 na\u0159\u00edzen\u00ed Evropsk\u00e9 unie CPR. Pro kabely k tomu byla vyd\u00e1na norma s ozna\u010den\u00edm EN 50575 (\u010cSN EN 50575), kter\u00e1 se t\u00fdk\u00e1 po\u017e\u00e1rn\u00ed klasifikace a zku\u0161ebn\u00edch metod pro kabely pou\u017e\u00edvan\u00e9 ve stavb\u00e1ch. Vyd\u00e1n\u00edm tohoto na\u0159\u00edzen\u00ed do\u0161lo k z\u00e1sadn\u00edmu posunu v posuzov\u00e1n\u00ed vlastnost\u00ed kabel\u016f. Na\u0159\u00edzen\u00ed CPR, v angli\u010dtin\u011b Construction Products Regulation, je na\u0159\u00edzen\u00ed o stavebn\u00edch v\u00fdrobc\u00edch. Zasazuje se o zvy\u0161ov\u00e1n\u00ed bezpe\u010dnosti v budov\u00e1ch v p\u0159\u00edpad\u011b po\u017e\u00e1r\u016f.<\/b><\/p>\n<p><span style=\"font-weight: 400;\">Po\u017e\u00e1ry v budov\u00e1ch a stavb\u00e1ch maj\u00ed ro\u010dn\u011b jen v Evrop\u011b na sv\u011bdom\u00ed na 4 000 lidsk\u00fdch \u017eivot\u016f. Nej\u010dast\u011bji k t\u011bmto situac\u00edm doch\u00e1z\u00ed v prostorech, ve kter\u00fdch tr\u00e1v\u00edme v\u011bt\u0161inu sv\u00e9ho \u010dasu. Ohe\u0148 se dok\u00e1\u017ee roz\u0161\u00ed\u0159it po cel\u00e9 m\u00edstnosti do t\u0159\u00ed minut, na z\u00e1chranu tak \u010dlov\u011bku nezb\u00fdv\u00e1 mnoho \u010dasu. Extr\u00e9mn\u00ed rychlost po\u017e\u00e1ru zp\u016fsobuje p\u0159edev\u0161\u00edm velk\u00e9 mno\u017estv\u00ed plastov\u00fdch p\u0159edm\u011bt\u016f a materi\u00e1l\u016f vyskytuj\u00edc\u00edch se v dom\u00e1cnostech. Nov\u011b platn\u00e1 norma chce d\u00edky bezpe\u010dn\u011bj\u0161\u00edm kabel\u016fm zajistit v p\u0159\u00edpad\u011b po\u017e\u00e1ru omezen\u00ed \u0161\u00ed\u0159en\u00ed po\u017e\u00e1ru, \u00fanik men\u0161\u00edho mno\u017estv\u00ed \u0161kodliv\u00fdch a agresivn\u00edch emis\u00ed, t\u00edm zlep\u0161en\u00ed viditelnosti<\/span><span style=\"font-weight: 400;\">,<\/span><span style=\"font-weight: 400;\"> co\u017e znamen\u00e1 del\u0161\u00ed \u010das na evakuaci osob.<\/span><\/p>\n<h2><span style=\"font-weight: 400;\">Nov\u011b je povinn\u00e9 ozna\u010den\u00ed CE<\/span><\/h2>\n<p><span style=\"font-weight: 400;\">Sou\u010d\u00e1st\u00ed na\u0159\u00edzen\u00ed a normy je ov\u011b\u0159en\u00ed kvality pomoc\u00ed ozna\u010den\u00ed CE. To znamen\u00e1, \u017ee ka\u017ed\u00fd v\u00fdrobce, kter\u00fd na trh uv\u00e1d\u00ed nov\u00fd kabel, mus\u00ed typ zkou\u0161et, klasifikovat a ozna\u010dit podle pravidel EU. Soubor vlastnost\u00ed po\u017e\u00e1rn\u00ed odolnosti kabel\u016f je nyn\u00ed pops\u00e1n jednotn\u00fdm zp\u016fsobem. Kabely v r\u00e1mci nov\u00e9 normy EN 50575 jsou testov\u00e1ny v reakci na ohe\u0148 (kou\u0159, kyselost v\u00fdvin tepla). V\u00fdrobci a dovozci kabel\u016f jsou proto nyn\u00ed povinni vypracovat tzv. Prohl\u00e1\u0161en\u00ed o vlastnostech kabelu. Pokud v\u00fdrobce spln\u00ed testy na po\u017e\u00e1rn\u00ed odolnost a v\u00fdrobek bude odpov\u00eddat \u00fadaj\u016fm v Prohl\u00e1\u0161en\u00ed o vlastnostech kabelu, m\u00e1 pr\u00e1vo pou\u017e\u00edvat ozna\u010den\u00ed CE na sv\u00fdch typech kabel\u016f.<\/span><\/p>\n<h2><span style=\"font-weight: 400;\">Kvalitu nav\u00edc ov\u011b\u0159uje t\u0159et\u00ed subjekt<\/span><\/h2>\n<p><span style=\"font-weight: 400;\">Odb\u011bratel\u00e9 by m\u011bly <\/span><span style=\"font-weight: 400;\">b\u00fdt<\/span><span style=\"font-weight: 400;\"> v\u017edy kabely \u0159\u00e1dn\u011b p\u0159ekontrolovat, zda maj\u00ed \u0161t\u00edtek s ozna\u010den\u00edm CE a spr\u00e1vnou po\u017e\u00e1rn\u00ed t\u0159\u00eddu. Kabely dod\u00e1van\u00e9 na trh podle CPR mus\u00ed b\u00fdt testov\u00e1ny a prov\u011b\u0159eny i t\u0159et\u00edm (notifikovan\u00fdm) subjektem, kter\u00fd posoud\u00ed vlastnosti uveden\u00e9 v Prohl\u00e1\u0161en\u00ed o vlastnostech kabelu dle normy EN 50575. Novou normu mus\u00ed krom\u011b v\u00fdrobc\u016f ovl\u00e1dat dovozci i velkoobchody, mont\u00e1\u017en\u00ed firmy \u010di projektanti. S kontrolou kabel\u016f a prov\u011b\u0159ov\u00e1n\u00ed vlastnost\u00ed pom\u00e1h\u00e1 ji\u017e n\u011bkolik let pr\u00e1v\u011b AVK \u2013 Asociace v\u00fdrobc\u016f kabel\u016f a vodi\u010d\u016f \u010cR a SR.<\/span><\/p>\n<p><span style=\"font-weight: 400;\">Krom\u011b sv\u00e9 p\u016fvodn\u00ed funkce mus\u00ed kabely tak\u00e9 funk\u010dnost i bezpe\u010dnost v p\u0159\u00edpad\u011b po\u017e\u00e1ru. Pou\u017eit\u00edm vhodn\u00fdch kabel\u016f (s n\u00edzk\u00fdm rizikem v p\u0159\u00edpad\u011b po\u017e\u00e1ru) lze nebezpe\u010d\u00ed minimalizovat. Na\u0159\u00edzen\u00ed o stavebn\u00edch v\u00fdrobc\u00edch, normu CPR, zasadili mezi sv\u00e9 p\u0159edpisy v\u0161ichni renomovan\u00ed v\u00fdrobci a \u010dlenov\u00e9 Asociace v\u00fdrobc\u016f kabel\u016f a vodi\u010d\u016f nejen v \u010cesk\u00e9 republice, ale i na Slovensku.<\/span><span style=\"font-weight: 400;\">\u00a0<\/span><\/p>\n<h2><span style=\"font-weight: 400;\">U\u017eite\u010dn\u00e9 informace o Construction Products Regulation:<\/span><\/h2>\n<ul>\n<li style=\"font-weight: 400;\"><a href=\"https:\/\/www.vyrobcikabelu.cz\/sk\/norma-cpr-snizuje-riziko-pozaru-po-celem-svete\/\"><span style=\"font-weight: 400;\">Norma CPR sni\u017euje riziko po\u017e\u00e1ru po cel\u00e9m sv\u011bt\u011b<\/span><\/a><\/li>\n<li style=\"font-weight: 400;\"><a href=\"\/?p=2154\"><span style=\"font-weight: 400;\">D\u00edky norm\u011b CPR se zvy\u0161uje \u0161ance na z\u00e1chranu<\/span><\/a><\/li>\n<li style=\"font-weight: 400;\"><a href=\"https:\/\/www.vyrobcikabelu.cz\/sk\/vliv-cpr-na-miru-reakce-na-ohen\/\"><span style=\"font-weight: 400;\">Vliv CPR na m\u00edru reakce kabel\u016f na ohe\u0148<\/span><\/a><\/li>\n<li style=\"font-weight: 400;\"><a href=\"https:\/\/www.vyrobcikabelu.cz\/sk\/certifikace-cpr-potvrzujici-spolehlivost-produktu\/\"><span style=\"font-weight: 400;\">Certifikace CPR potvrzuj\u00edc\u00ed spolehlivost produktu<\/span><\/a><\/li>\n<li style=\"font-weight: 400;\"><a href=\"https:\/\/www.vyrobcikabelu.cz\/sk\/kabely-cpr-norma-slovensku\/\"><span style=\"font-weight: 400;\">Kabely a CPR norma na Slovensku<\/span><\/a><\/li>\n<li style=\"font-weight: 400;\"><a href=\"https:\/\/www.vyrobcikabelu.cz\/sk\/cpr-povinnosti-vyrobce-dovozce-i-prodejce\/\"><span style=\"font-weight: 400;\">CPR povinnosti pro v\u00fdrobce, dovozce i prodejce<\/span><\/a><\/li>\n<\/ul>\n<h2><span style=\"font-weight: 400;\">V minulosti jsme o t\u00e9matu napsali:<\/span><\/h2>\n<ul>\n<li style=\"font-weight: 400;\"><a href=\"https:\/\/www.vyrobcikabelu.cz\/sk\/informace-k-narizeni-evropskeho-parlamentu-a-rady-eu-c-3052011-cpr\/\"><span style=\"font-weight: 400;\">NA\u0158\u00cdZEN\u00cd EVROPSK\u00c9HO PARLAMENTU A RADY (EU)<\/span><\/a><\/li>\n<li style=\"font-weight: 400;\"><a href=\"https:\/\/www.vyrobcikabelu.cz\/sk\/narizeni-evropskeho-parlamentu\/\"><span style=\"font-weight: 400;\">Na\u0159\u00edzen\u00ed Evropsk\u00e9ho parlamentu a rady EU<\/span><\/a><\/li>\n<\/ul>\n<h2><a href=\"https:\/\/vyrobcikabelu.cz\/wp-content\/uploads\/2017\/08\/CPR-Kabely-podle-Na%C5%99%C3%ADzen%C3%AD-o-stavebn%C3%ADch-v%C3%BDrobc%C3%ADch.pdf\" target=\"_blank\" rel=\"noopener\">Praktick\u00e9 informace ke sta\u017een\u00ed &gt;<\/a><\/h2>\n","protected":false},"excerpt":{"rendered":"<p>Od 1. 7. 2017 je z\u00e1vazn\u00e9 na\u0159\u00edzen\u00ed Evropsk\u00e9 unie CPR. Pro kabely k tomu byla vyd\u00e1na norma s ozna\u010den\u00edm EN 50575 (\u010cSN EN 50575), kter\u00e1 se t\u00fdk\u00e1 po\u017e\u00e1rn\u00ed klasifikace a zku\u0161ebn\u00edch metod pro kabely pou\u017e\u00edvan\u00e9 ve stavb\u00e1ch. Vyd\u00e1n\u00edm tohoto na\u0159\u00edzen\u00ed &hellip; <a href=\"https:\/\/www.vyrobcikabelu.cz\/sk\/normy-rady-navody\/narizeni-cpr-norma-en-50575\/\">Pokra\u010dova\u0165<\/a><\/p>\n","protected":false},"author":3,"featured_media":819,"parent":1227,"menu_order":45,"comment_status":"closed","ping_status":"closed","template":"","meta":{"footnotes":""},"acf":[],"yoast_head":"<!-- This site is optimized with the Yoast SEO plugin v21.8 - https:\/\/yoast.com\/wordpress\/plugins\/seo\/ -->\n<title>Na\u0159\u00edzen\u00ed CPR (norma EN 50575) - AVK<\/title>\n<meta name=\"robots\" content=\"index, follow, max-snippet:-1, max-image-preview:large, max-video-preview:-1\" \/>\n<link rel=\"canonical\" href=\"https:\/\/www.vyrobcikabelu.cz\/sk\/normy-rady-navody\/narizeni-cpr-norma-en-50575\/\" \/>\n<meta property=\"og:locale\" content=\"sk_SK\" \/>\n<meta property=\"og:type\" content=\"article\" \/>\n<meta property=\"og:title\" content=\"Na\u0159\u00edzen\u00ed CPR (norma EN 50575) - AVK\" \/>\n<meta property=\"og:description\" content=\"Od 1. 7. 2017 je z\u00e1vazn\u00e9 na\u0159\u00edzen\u00ed Evropsk\u00e9 unie CPR. Pro kabely k tomu byla vyd\u00e1na norma s ozna\u010den\u00edm EN 50575 (\u010cSN EN 50575), kter\u00e1 se t\u00fdk\u00e1 po\u017e\u00e1rn\u00ed klasifikace a zku\u0161ebn\u00edch metod pro kabely pou\u017e\u00edvan\u00e9 ve stavb\u00e1ch. Vyd\u00e1n\u00edm tohoto na\u0159\u00edzen\u00ed &hellip; Pokra\u010dova\u0165\" \/>\n<meta property=\"og:url\" content=\"https:\/\/www.vyrobcikabelu.cz\/sk\/normy-rady-navody\/narizeni-cpr-norma-en-50575\/\" \/>\n<meta property=\"og:site_name\" content=\"AVK\" \/>\n<meta property=\"article:modified_time\" content=\"2018-08-06T08:17:39+00:00\" \/>\n<meta property=\"og:image\" content=\"https:\/\/www.vyrobcikabelu.cz\/wp-content\/uploads\/2017\/01\/DSCF0423.jpg\" \/>\n\t<meta property=\"og:image:width\" content=\"800\" \/>\n\t<meta property=\"og:image:height\" content=\"533\" \/>\n\t<meta property=\"og:image:type\" content=\"image\/jpeg\" \/>\n<meta name=\"twitter:card\" content=\"summary_large_image\" \/>\n<meta name=\"twitter:label1\" content=\"Predpokladan\u00fd \u010das \u010d\u00edtania\" \/>\n\t<meta name=\"twitter:data1\" content=\"3 min\u00faty\" \/>\n<script type=\"application\/ld+json\" class=\"yoast-schema-graph\">{\"@context\":\"https:\/\/schema.org\",\"@graph\":[{\"@type\":\"WebPage\",\"@id\":\"https:\/\/www.vyrobcikabelu.cz\/sk\/normy-rady-navody\/narizeni-cpr-norma-en-50575\/\",\"url\":\"https:\/\/www.vyrobcikabelu.cz\/sk\/normy-rady-navody\/narizeni-cpr-norma-en-50575\/\",\"name\":\"Na\u0159\u00edzen\u00ed CPR (norma EN 50575) - AVK\",\"isPartOf\":{\"@id\":\"https:\/\/www.vyrobcikabelu.cz\/sk\/#website\"},\"datePublished\":\"2017-08-21T12:26:21+00:00\",\"dateModified\":\"2018-08-06T08:17:39+00:00\",\"breadcrumb\":{\"@id\":\"https:\/\/www.vyrobcikabelu.cz\/sk\/normy-rady-navody\/narizeni-cpr-norma-en-50575\/#breadcrumb\"},\"inLanguage\":\"sk-SK\",\"potentialAction\":[{\"@type\":\"ReadAction\",\"target\":[\"https:\/\/www.vyrobcikabelu.cz\/sk\/normy-rady-navody\/narizeni-cpr-norma-en-50575\/\"]}]},{\"@type\":\"BreadcrumbList\",\"@id\":\"https:\/\/www.vyrobcikabelu.cz\/sk\/normy-rady-navody\/narizeni-cpr-norma-en-50575\/#breadcrumb\",\"itemListElement\":[{\"@type\":\"ListItem\",\"position\":1,\"name\":\"Dom\u016f\",\"item\":\"https:\/\/www.vyrobcikabelu.cz\/sk\/\"},{\"@type\":\"ListItem\",\"position\":2,\"name\":\"Normy, rady, n\u00e1vody\",\"item\":\"https:\/\/www.vyrobcikabelu.cz\/sk\/normy-rady-navody\/\"},{\"@type\":\"ListItem\",\"position\":3,\"name\":\"Na\u0159\u00edzen\u00ed CPR (norma EN 50575)\"}]},{\"@type\":\"WebSite\",\"@id\":\"https:\/\/www.vyrobcikabelu.cz\/sk\/#website\",\"url\":\"https:\/\/www.vyrobcikabelu.cz\/sk\/\",\"name\":\"AVK\",\"description\":\"Dal\u0161\u00ed web pou\u017e\u00edvaj\u00edc\u00ed WordPress\",\"potentialAction\":[{\"@type\":\"SearchAction\",\"target\":{\"@type\":\"EntryPoint\",\"urlTemplate\":\"https:\/\/www.vyrobcikabelu.cz\/sk\/?s={search_term_string}\"},\"query-input\":\"required name=search_term_string\"}],\"inLanguage\":\"sk-SK\"}]}<\/script>\n<!-- \/ Yoast SEO plugin. -->","yoast_head_json":{"title":"Na\u0159\u00edzen\u00ed CPR (norma EN 50575) - AVK","robots":{"index":"index","follow":"follow","max-snippet":"max-snippet:-1","max-image-preview":"max-image-preview:large","max-video-preview":"max-video-preview:-1"},"canonical":"https:\/\/www.vyrobcikabelu.cz\/sk\/normy-rady-navody\/narizeni-cpr-norma-en-50575\/","og_locale":"sk_SK","og_type":"article","og_title":"Na\u0159\u00edzen\u00ed CPR (norma EN 50575) - AVK","og_description":"Od 1. 7. 2017 je z\u00e1vazn\u00e9 na\u0159\u00edzen\u00ed Evropsk\u00e9 unie CPR. Pro kabely k tomu byla vyd\u00e1na norma s ozna\u010den\u00edm EN 50575 (\u010cSN EN 50575), kter\u00e1 se t\u00fdk\u00e1 po\u017e\u00e1rn\u00ed klasifikace a zku\u0161ebn\u00edch metod pro kabely pou\u017e\u00edvan\u00e9 ve stavb\u00e1ch. Vyd\u00e1n\u00edm tohoto na\u0159\u00edzen\u00ed &hellip; Pokra\u010dova\u0165","og_url":"https:\/\/www.vyrobcikabelu.cz\/sk\/normy-rady-navody\/narizeni-cpr-norma-en-50575\/","og_site_name":"AVK","article_modified_time":"2018-08-06T08:17:39+00:00","og_image":[{"width":800,"height":533,"url":"https:\/\/www.vyrobcikabelu.cz\/wp-content\/uploads\/2017\/01\/DSCF0423.jpg","type":"image\/jpeg"}],"twitter_card":"summary_large_image","twitter_misc":{"Predpokladan\u00fd \u010das \u010d\u00edtania":"3 min\u00faty"},"schema":{"@context":"https:\/\/schema.org","@graph":[{"@type":"WebPage","@id":"https:\/\/www.vyrobcikabelu.cz\/sk\/normy-rady-navody\/narizeni-cpr-norma-en-50575\/","url":"https:\/\/www.vyrobcikabelu.cz\/sk\/normy-rady-navody\/narizeni-cpr-norma-en-50575\/","name":"Na\u0159\u00edzen\u00ed CPR (norma EN 50575) - AVK","isPartOf":{"@id":"https:\/\/www.vyrobcikabelu.cz\/sk\/#website"},"datePublished":"2017-08-21T12:26:21+00:00","dateModified":"2018-08-06T08:17:39+00:00","breadcrumb":{"@id":"https:\/\/www.vyrobcikabelu.cz\/sk\/normy-rady-navody\/narizeni-cpr-norma-en-50575\/#breadcrumb"},"inLanguage":"sk-SK","potentialAction":[{"@type":"ReadAction","target":["https:\/\/www.vyrobcikabelu.cz\/sk\/normy-rady-navody\/narizeni-cpr-norma-en-50575\/"]}]},{"@type":"BreadcrumbList","@id":"https:\/\/www.vyrobcikabelu.cz\/sk\/normy-rady-navody\/narizeni-cpr-norma-en-50575\/#breadcrumb","itemListElement":[{"@type":"ListItem","position":1,"name":"Dom\u016f","item":"https:\/\/www.vyrobcikabelu.cz\/sk\/"},{"@type":"ListItem","position":2,"name":"Normy, rady, n\u00e1vody","item":"https:\/\/www.vyrobcikabelu.cz\/sk\/normy-rady-navody\/"},{"@type":"ListItem","position":3,"name":"Na\u0159\u00edzen\u00ed CPR (norma EN 50575)"}]},{"@type":"WebSite","@id":"https:\/\/www.vyrobcikabelu.cz\/sk\/#website","url":"https:\/\/www.vyrobcikabelu.cz\/sk\/","name":"AVK","description":"Dal\u0161\u00ed web pou\u017e\u00edvaj\u00edc\u00ed WordPress","potentialAction":[{"@type":"SearchAction","target":{"@type":"EntryPoint","urlTemplate":"https:\/\/www.vyrobcikabelu.cz\/sk\/?s={search_term_string}"},"query-input":"required name=search_term_string"}],"inLanguage":"sk-SK"}]}},"_links":{"self":[{"href":"https:\/\/www.vyrobcikabelu.cz\/sk\/wp-json\/wp\/v2\/pages\/1937"}],"collection":[{"href":"https:\/\/www.vyrobcikabelu.cz\/sk\/wp-json\/wp\/v2\/pages"}],"about":[{"href":"https:\/\/www.vyrobcikabelu.cz\/sk\/wp-json\/wp\/v2\/types\/page"}],"author":[{"embeddable":true,"href":"https:\/\/www.vyrobcikabelu.cz\/sk\/wp-json\/wp\/v2\/users\/3"}],"replies":[{"embeddable":true,"href":"https:\/\/www.vyrobcikabelu.cz\/sk\/wp-json\/wp\/v2\/comments?post=1937"}],"version-history":[{"count":3,"href":"https:\/\/www.vyrobcikabelu.cz\/sk\/wp-json\/wp\/v2\/pages\/1937\/revisions"}],"predecessor-version":[{"id":1943,"href":"https:\/\/www.vyrobcikabelu.cz\/sk\/wp-json\/wp\/v2\/pages\/1937\/revisions\/1943"}],"up":[{"embeddable":true,"href":"https:\/\/www.vyrobcikabelu.cz\/sk\/wp-json\/wp\/v2\/pages\/1227"}],"wp:featuredmedia":[{"embeddable":true,"href":"https:\/\/www.vyrobcikabelu.cz\/sk\/wp-json\/wp\/v2\/media\/819"}],"wp:attachment":[{"href":"https:\/\/www.vyrobcikabelu.cz\/sk\/wp-json\/wp\/v2\/media?parent=1937"}],"curies":[{"name":"wp","href":"https:\/\/api.w.org\/{rel}","templated":true}]}}