{"id":2244,"date":"2018-01-29T11:12:25","date_gmt":"2018-01-29T11:12:25","guid":{"rendered":"https:\/\/vyrobcikabelu.cz\/?page_id=2244\/"},"modified":"2018-08-06T08:17:35","modified_gmt":"2018-08-06T08:17:35","slug":"kabely-protipozarni-bezpecnost","status":"publish","type":"page","link":"https:\/\/www.vyrobcikabelu.cz\/sk\/normy-rady-navody\/kabely-protipozarni-bezpecnost\/","title":{"rendered":"Kabely a protipo\u017e\u00e1rn\u00ed bezpe\u010dnost"},"content":{"rendered":"<h2>\u010cESK\u00c1 REPUBLIKA<\/h2>\n<p>Po\u017eadavky na kabely z hlediska po\u017e\u00e1rn\u00ed bezpe\u010dnosti staveb jsou v \u010cesk\u00e9 republice zahrnuty do n\u00e1rodn\u00edho syst\u00e9mu pr\u00e1vn\u00edch p\u0159edpis\u016f a norem od 8. \u00fanora 2008, kdy ve\u0161la v\u00a0platnost vyhl\u00e1\u0161ka \u010d. 23\/2008 Sb. o technick\u00fdch podm\u00ednk\u00e1ch po\u017e\u00e1rn\u00ed ochrany staveb. Tato pr\u00e1vn\u00ed \u00faprava stanovuje v \u00a7 9 odst. 1 po\u017eadavky na elektrick\u00e1 za\u0159\u00edzen\u00ed, jejich\u017e provoz je nutn\u00fd v p\u0159\u00edpad\u011b po\u017e\u00e1ru na ochranu osob, zv\u00ed\u0159at nebo majetku ve vztahu k p\u0159\u00edslu\u0161n\u00fdm \u010desk\u00fdm technick\u00fdm norm\u00e1m uveden\u00fdm v p\u0159\u00edloze \u010d. 1 a souvisej\u00edc\u00ed p\u0159\u00edloha \u010d. 2 stanovuje po\u017eadavky na druhy a vlastnosti voln\u011b veden\u00fdch vodi\u010d\u016f kabel\u016f elektrick\u00fdch rozvod\u016f.<\/p>\n<p>Dal\u0161\u00edm d\u016fle\u017eit\u00fdm pr\u00e1vn\u00edm p\u0159edpisem z\u00a0hlediska kabel\u016f pro \u00fa\u010dely po\u017e\u00e1rn\u00ed bezpe\u010dnosti staveb v\u00a0souvislosti s\u00a0jejich uv\u00e1d\u011bn\u00edm na trh je Na\u0159\u00edzen\u00ed vl\u00e1dy \u010d. 163\/2002 Sb. kter\u00fdm se stanov\u00ed technick\u00e9 po\u017eadavky na vybran\u00e9 stavebn\u00ed v\u00fdrobky. Tato pr\u00e1vn\u00ed \u00faprava za\u0159azuje kabely a kabelov\u00e9 trasy do seznamu v\u00fdrobk\u016f skupiny 10. Technick\u00e1 za\u0159\u00edzen\u00ed staveb s vyzna\u010den\u00edm postup\u016f posouzen\u00ed shody.<\/p>\n<p>Do n\u00e1rodn\u00edho syst\u00e9mu \u010desk\u00fdch technick\u00fdch norem t\u00fdkaj\u00edc\u00edch se kabel\u016f z\u00a0hlediska po\u017e\u00e1rn\u00ed bezpe\u010dnosti staveb a z\u00a0hlediska stavebn\u00edch v\u00fdrobk\u016f jsou zahrnuty:<\/p>\n<p>\u010cSN 73 0802 Po\u017e\u00e1rn\u00ed bezpe\u010dnost staveb &#8211; Nev\u00fdrobn\u00ed objekty<\/p>\n<p>\u010cSN 73 0804 Po\u017e\u00e1rn\u00ed bezpe\u010dnost staveb &#8211; V\u00fdrobn\u00ed objekty<\/p>\n<p>\u010cSN 73 0810 Po\u017e\u00e1rn\u00ed bezpe\u010dnost staveb &#8211; Spole\u010dn\u00e1 ustanoven\u00ed<\/p>\n<p>\u010cSN 73 0848 Po\u017e\u00e1rn\u00ed bezpe\u010dnost staveb &#8211; Kabelov\u00e9 rozvody<\/p>\n<p>\u010cSN 34 2710 Elektrick\u00e1 po\u017e\u00e1rn\u00ed signalizace &#8211; Projektov\u00e1n\u00ed, mont\u00e1\u017e, u\u017e\u00edv\u00e1n\u00ed, provoz, kontrola, servis a \u00fadr\u017eba<\/p>\n<p>\u010cSN 73 0895 Po\u017e\u00e1rn\u00ed bezpe\u010dnost staveb &#8211; Zachov\u00e1n\u00ed funk\u010dnosti kabelov\u00fdch tras v podm\u00ednk\u00e1ch po\u017e\u00e1ru &#8211; Po\u017eadavky, zkou\u0161ky, klasifikace Px-R, PHx-R a aplikace v\u00fdsledk\u016f zkou\u0161ek<\/p>\n<p>\u010cSN EN 50575 Silov\u00e9, \u0159\u00eddic\u00ed a komunika\u010dn\u00ed kabely &#8211; Kabely pro obecn\u00e9 pou\u017eit\u00ed ve stavb\u00e1ch ve vztahu k po\u017eadavk\u016fm reakce na ohe\u0148<\/p>\n<p>\u010cSN CLC\/TS 50576 Elektrick\u00e9 kabely &#8211; Roz\u0161\u00ed\u0159en\u00e1 aplikace v\u00fdsledk\u016f zkou\u0161ek reakce na ohe\u0148<\/p>\n<p>\u010cSN EN 13501-6 Po\u017e\u00e1rn\u00ed klasifikace stavebn\u00edch v\u00fdrobk\u016f a konstrukc\u00ed staveb &#8211; \u010c\u00e1st 6: Klasifikace podle v\u00fdsledk\u016f zkou\u0161ek reakce na ohe\u0148 elektrick\u00fdch kabel\u016f<\/p>\n<h2>SLOVENSK\u00c1 REPUBLIKA<\/h2>\n<p>Po\u017eiadavky na k\u00e1ble z\u00a0h\u013eadiska po\u017eiarnej bezpe\u010dnosti stavieb v Slovenskej republike boli za\u010dlenen\u00e9 do n\u00e1rodn\u00e9ho syst\u00e9mu pr\u00e1vnych predpisov a noriem od 1. okt\u00f3bra 2000, kedy nadobudla \u00fa\u010dinnos\u0165 vyhl\u00e1\u0161ka Ministerstva vn\u00fatra Slovenskej republiky \u010d. 288\/2000 Z. z. ktorou sa ustanovuj\u00fa technick\u00e9 po\u017eiadavky na po\u017eiarnu bezpe\u010dnos\u0165 pri v\u00fdstavbe a pri u\u017e\u00edvan\u00ed stavieb, ktor\u00e1 bola v\u00a0roku 2004 nahraden\u00e1 vyhl\u00e1\u0161kou Ministerstva vn\u00fatra Slovenskej republiky \u010d. 94\/2004 Z. z. T\u00e1to pr\u00e1vna \u00faprava ustanovuje v \u00a7 91 po\u017eiadavky trval\u00fa dod\u00e1vku elektrickej energie pri po\u017eiari pre elektrick\u00e9 zariadenia, ktor\u00e9 s\u00fa v prev\u00e1dzke po\u010das po\u017eiaru a\u00a0taktie\u017e po\u017eiadavky na vlastnosti k\u00e1blov\u00fdch rozvodov odkazom na STN 92 0203.<\/p>\n<p>\u010eal\u0161ou d\u00f4le\u017eitou pr\u00e1vnou \u00fapravou z h\u013eadiska k\u00e1blov pre \u00fa\u010del protipo\u017eiarnej bezpe\u010dnosti stavieb v s\u00favislosti s ich uveden\u00edm na trh je vyhl\u00e1\u0161ka Ministerstva dopravy, v\u00fdstavby a region\u00e1lneho rozvoja Slovenskej republiky \u010d. 162\/2013 Z. z., ktorou sa ustanovuje zoznam skup\u00edn stavebn\u00fdch v\u00fdrobkov a syst\u00e9my posudzovania parametrov. T\u00e1to pr\u00e1vna \u00faprava zara\u010fuje k\u00e1ble a\u00a0trasy k\u00e1blov na trval\u00fa dod\u00e1vku elektrickej energie pri po\u017eiari do zoznamu v\u00fdrobky na rozvod elektrickej energie, riadenie a komunik\u00e1ciu s uveden\u00edm syst\u00e9mov posudzovania parametrov.<\/p>\n<p>N\u00e1rodn\u00fd syst\u00e9m slovensk\u00fdch technick\u00fdch noriem t\u00fdkaj\u00faci sa k\u00e1blov z h\u013eadiska po\u017eiarnej bezpe\u010dnosti stavieb a stavebn\u00fdch v\u00fdrobkov zah\u0155\u0148a:<\/p>\n<p>STN 73 0802 Po\u017eiarna bezpe\u010dnos\u0165 stavieb. Spolo\u010dn\u00e9 ustanovenia<\/p>\n<p>STN 73 0834 Po\u017eiarna bezpe\u010dnos\u0165 stavieb. Zmeny stavieb<\/p>\n<p>STN 92 0203 Po\u017eiarna bezpe\u010dnos\u0165 stavieb. Trval\u00e1 dod\u00e1vka elektrickej energie pri po\u017eiari<\/p>\n<p>STN 92 0204 Po\u017eiarna bezpe\u010dnos\u0165 stavieb. Priestory k\u00e1blov\u00e9ho rozvodu<\/p>\n<p>STN 92 0205 Spr\u00e1vanie sa stavebn\u00fdch v\u00fdrobkov a kon\u0161trukci\u00ed v po\u017eiari. Zachovanie funk\u010dnej odolnosti k\u00e1blov\u00fdch syst\u00e9mov. Po\u017eiadavky, sk\u00fa\u0161ky, klasifik\u00e1cia a aplik\u00e1cia v\u00fdsledkov sk\u00fa\u0161ok<\/p>\n<p>STN 34 7661 V\u00fdrobky na rozvod elektrickej energie, riadenie a komunik\u00e1ciu na \u00fa\u010dely protipo\u017eiarnej bezpe\u010dnosti stavieb. K\u00e1ble a\u00a0vodi\u010de<\/p>\n<p>EN 50575 Silnopr\u00fadov\u00e9, riadiace a komunika\u010dn\u00e9 k\u00e1ble. K\u00e1ble na v\u0161eobecn\u00e9 pou\u017eitie v stavb\u00e1ch vo vz\u0165ahu k po\u017eiadavk\u00e1m reakcie na ohe\u0148<\/p>\n<p>STN P CLC\/TS 50576 Elektrick\u00e9 k\u00e1ble. Roz\u0161\u00edren\u00e1 aplik\u00e1cia v\u00fdsledkov sk\u00fa\u0161ok reakcie na ohe\u0148<\/p>\n<p>STN EN 13501-6 Klasifik\u00e1cia po\u017eiarnych charakterist\u00edk stavebn\u00fdch v\u00fdrobkov a prvkov stavieb. \u010cas\u0165 6: Klasifik\u00e1cia vyu\u017e\u00edvaj\u00faca \u00fadaje zo sk\u00fa\u0161ok reakcie elektrick\u00fdch k\u00e1blov na ohe\u0148<\/p>\n<h2>\u010eAL\u0160IE PRAKTICK\u00c9 DOKUMENTY A PUBLIK\u00c1CIE:<\/h2>\n<p><a href=\"http:\/\/www.appo.sk\/engine\/assets\/uploads\/2016\/10\/ATN_002_201710.pdf\"><strong>ATN<\/strong><strong>\u00ae<\/strong><strong> 002<\/strong><\/a> Protipo\u017eiarna bezpe\u010dnos\u0165 stavieb. Po\u017eiadavky na po\u017eiarne kon\u0161trukcie. \u010c\u00edseln\u00edk po\u017eiarnych kon\u0161trukci\u00ed zhotoven\u00fdch z elektrotechnick\u00fdch stavebn\u00fdch v\u00fdrobkov<\/p>\n<p><a href=\"http:\/\/www.appo.sk\/engine\/assets\/uploads\/2016\/10\/ATN_004_2018.pdf\"><strong>ATN<\/strong><strong>\u00ae<\/strong><strong> 004<\/strong><\/a> Protipo\u017eiarna bezpe\u010dnos\u0165 stavieb. Elektrick\u00e9 in\u0161tal\u00e1cie. Z\u00e1sady navrhovania a\u00a0zhotovenia<\/p>\n<p><a href=\"http:\/\/www.appo.sk\/engine\/assets\/uploads\/2016\/10\/ATN_006_2018.pdf\"><strong>ATN<\/strong><strong>\u00ae<\/strong><strong> 006<\/strong><\/a> Protipo\u017eiarna bezpe\u010dnos\u0165 elektrick\u00fdch in\u0161tal\u00e1ci\u00ed. Ur\u010dovanie po\u017eiarneho ohrozenia sp\u00f4soben\u00e9ho k\u00e1blami pod\u013ea po\u017eiarnotechnick\u00fdch parametrov a charakteru prev\u00e1dzky k\u00e1blov<\/p>\n","protected":false},"excerpt":{"rendered":"<p>\u010cESK\u00c1 REPUBLIKA Po\u017eadavky na kabely z hlediska po\u017e\u00e1rn\u00ed bezpe\u010dnosti staveb jsou v \u010cesk\u00e9 republice zahrnuty do n\u00e1rodn\u00edho syst\u00e9mu pr\u00e1vn\u00edch p\u0159edpis\u016f a norem od 8. \u00fanora 2008, kdy ve\u0161la v\u00a0platnost vyhl\u00e1\u0161ka \u010d. 23\/2008 Sb. o technick\u00fdch podm\u00ednk\u00e1ch po\u017e\u00e1rn\u00ed ochrany staveb. Tato &hellip; <a href=\"https:\/\/www.vyrobcikabelu.cz\/sk\/normy-rady-navody\/kabely-protipozarni-bezpecnost\/\">Pokra\u010dova\u0165<\/a><\/p>\n","protected":false},"author":3,"featured_media":1844,"parent":1227,"menu_order":43,"comment_status":"closed","ping_status":"closed","template":"","meta":{"footnotes":""},"acf":[],"yoast_head":"<!-- This site is optimized with the Yoast SEO plugin v21.8 - https:\/\/yoast.com\/wordpress\/plugins\/seo\/ -->\n<title>Kabely a protipo\u017e\u00e1rn\u00ed bezpe\u010dnost - AVK<\/title>\n<meta name=\"robots\" content=\"index, follow, max-snippet:-1, max-image-preview:large, max-video-preview:-1\" \/>\n<link rel=\"canonical\" href=\"https:\/\/www.vyrobcikabelu.cz\/sk\/normy-rady-navody\/kabely-protipozarni-bezpecnost\/\" \/>\n<meta property=\"og:locale\" content=\"sk_SK\" \/>\n<meta property=\"og:type\" content=\"article\" \/>\n<meta property=\"og:title\" content=\"Kabely a protipo\u017e\u00e1rn\u00ed bezpe\u010dnost - AVK\" \/>\n<meta property=\"og:description\" content=\"\u010cESK\u00c1 REPUBLIKA Po\u017eadavky na kabely z hlediska po\u017e\u00e1rn\u00ed bezpe\u010dnosti staveb jsou v \u010cesk\u00e9 republice zahrnuty do n\u00e1rodn\u00edho syst\u00e9mu pr\u00e1vn\u00edch p\u0159edpis\u016f a norem od 8. \u00fanora 2008, kdy ve\u0161la v\u00a0platnost vyhl\u00e1\u0161ka \u010d. 23\/2008 Sb. o technick\u00fdch podm\u00ednk\u00e1ch po\u017e\u00e1rn\u00ed ochrany staveb. Tato &hellip; Pokra\u010dova\u0165\" \/>\n<meta property=\"og:url\" content=\"https:\/\/www.vyrobcikabelu.cz\/sk\/normy-rady-navody\/kabely-protipozarni-bezpecnost\/\" \/>\n<meta property=\"og:site_name\" content=\"AVK\" \/>\n<meta property=\"article:modified_time\" content=\"2018-08-06T08:17:35+00:00\" \/>\n<meta property=\"og:image\" content=\"https:\/\/www.vyrobcikabelu.cz\/wp-content\/uploads\/2017\/08\/fire-2197606_640.jpg\" \/>\n\t<meta property=\"og:image:width\" content=\"640\" \/>\n\t<meta property=\"og:image:height\" content=\"426\" \/>\n\t<meta property=\"og:image:type\" content=\"image\/jpeg\" \/>\n<meta name=\"twitter:card\" content=\"summary_large_image\" \/>\n<meta name=\"twitter:label1\" content=\"Predpokladan\u00fd \u010das \u010d\u00edtania\" \/>\n\t<meta name=\"twitter:data1\" content=\"5 min\u00fat\" \/>\n<script type=\"application\/ld+json\" class=\"yoast-schema-graph\">{\"@context\":\"https:\/\/schema.org\",\"@graph\":[{\"@type\":\"WebPage\",\"@id\":\"https:\/\/www.vyrobcikabelu.cz\/sk\/normy-rady-navody\/kabely-protipozarni-bezpecnost\/\",\"url\":\"https:\/\/www.vyrobcikabelu.cz\/sk\/normy-rady-navody\/kabely-protipozarni-bezpecnost\/\",\"name\":\"Kabely a protipo\u017e\u00e1rn\u00ed bezpe\u010dnost - AVK\",\"isPartOf\":{\"@id\":\"https:\/\/www.vyrobcikabelu.cz\/sk\/#website\"},\"datePublished\":\"2018-01-29T11:12:25+00:00\",\"dateModified\":\"2018-08-06T08:17:35+00:00\",\"breadcrumb\":{\"@id\":\"https:\/\/www.vyrobcikabelu.cz\/sk\/normy-rady-navody\/kabely-protipozarni-bezpecnost\/#breadcrumb\"},\"inLanguage\":\"sk-SK\",\"potentialAction\":[{\"@type\":\"ReadAction\",\"target\":[\"https:\/\/www.vyrobcikabelu.cz\/sk\/normy-rady-navody\/kabely-protipozarni-bezpecnost\/\"]}]},{\"@type\":\"BreadcrumbList\",\"@id\":\"https:\/\/www.vyrobcikabelu.cz\/sk\/normy-rady-navody\/kabely-protipozarni-bezpecnost\/#breadcrumb\",\"itemListElement\":[{\"@type\":\"ListItem\",\"position\":1,\"name\":\"Dom\u016f\",\"item\":\"https:\/\/www.vyrobcikabelu.cz\/sk\/\"},{\"@type\":\"ListItem\",\"position\":2,\"name\":\"Normy, rady, n\u00e1vody\",\"item\":\"https:\/\/www.vyrobcikabelu.cz\/sk\/normy-rady-navody\/\"},{\"@type\":\"ListItem\",\"position\":3,\"name\":\"Kabely a protipo\u017e\u00e1rn\u00ed bezpe\u010dnost\"}]},{\"@type\":\"WebSite\",\"@id\":\"https:\/\/www.vyrobcikabelu.cz\/sk\/#website\",\"url\":\"https:\/\/www.vyrobcikabelu.cz\/sk\/\",\"name\":\"AVK\",\"description\":\"Dal\u0161\u00ed web pou\u017e\u00edvaj\u00edc\u00ed WordPress\",\"potentialAction\":[{\"@type\":\"SearchAction\",\"target\":{\"@type\":\"EntryPoint\",\"urlTemplate\":\"https:\/\/www.vyrobcikabelu.cz\/sk\/?s={search_term_string}\"},\"query-input\":\"required name=search_term_string\"}],\"inLanguage\":\"sk-SK\"}]}<\/script>\n<!-- \/ Yoast SEO plugin. -->","yoast_head_json":{"title":"Kabely a protipo\u017e\u00e1rn\u00ed bezpe\u010dnost - AVK","robots":{"index":"index","follow":"follow","max-snippet":"max-snippet:-1","max-image-preview":"max-image-preview:large","max-video-preview":"max-video-preview:-1"},"canonical":"https:\/\/www.vyrobcikabelu.cz\/sk\/normy-rady-navody\/kabely-protipozarni-bezpecnost\/","og_locale":"sk_SK","og_type":"article","og_title":"Kabely a protipo\u017e\u00e1rn\u00ed bezpe\u010dnost - AVK","og_description":"\u010cESK\u00c1 REPUBLIKA Po\u017eadavky na kabely z hlediska po\u017e\u00e1rn\u00ed bezpe\u010dnosti staveb jsou v \u010cesk\u00e9 republice zahrnuty do n\u00e1rodn\u00edho syst\u00e9mu pr\u00e1vn\u00edch p\u0159edpis\u016f a norem od 8. \u00fanora 2008, kdy ve\u0161la v\u00a0platnost vyhl\u00e1\u0161ka \u010d. 23\/2008 Sb. o technick\u00fdch podm\u00ednk\u00e1ch po\u017e\u00e1rn\u00ed ochrany staveb. Tato &hellip; Pokra\u010dova\u0165","og_url":"https:\/\/www.vyrobcikabelu.cz\/sk\/normy-rady-navody\/kabely-protipozarni-bezpecnost\/","og_site_name":"AVK","article_modified_time":"2018-08-06T08:17:35+00:00","og_image":[{"width":640,"height":426,"url":"https:\/\/www.vyrobcikabelu.cz\/wp-content\/uploads\/2017\/08\/fire-2197606_640.jpg","type":"image\/jpeg"}],"twitter_card":"summary_large_image","twitter_misc":{"Predpokladan\u00fd \u010das \u010d\u00edtania":"5 min\u00fat"},"schema":{"@context":"https:\/\/schema.org","@graph":[{"@type":"WebPage","@id":"https:\/\/www.vyrobcikabelu.cz\/sk\/normy-rady-navody\/kabely-protipozarni-bezpecnost\/","url":"https:\/\/www.vyrobcikabelu.cz\/sk\/normy-rady-navody\/kabely-protipozarni-bezpecnost\/","name":"Kabely a protipo\u017e\u00e1rn\u00ed bezpe\u010dnost - AVK","isPartOf":{"@id":"https:\/\/www.vyrobcikabelu.cz\/sk\/#website"},"datePublished":"2018-01-29T11:12:25+00:00","dateModified":"2018-08-06T08:17:35+00:00","breadcrumb":{"@id":"https:\/\/www.vyrobcikabelu.cz\/sk\/normy-rady-navody\/kabely-protipozarni-bezpecnost\/#breadcrumb"},"inLanguage":"sk-SK","potentialAction":[{"@type":"ReadAction","target":["https:\/\/www.vyrobcikabelu.cz\/sk\/normy-rady-navody\/kabely-protipozarni-bezpecnost\/"]}]},{"@type":"BreadcrumbList","@id":"https:\/\/www.vyrobcikabelu.cz\/sk\/normy-rady-navody\/kabely-protipozarni-bezpecnost\/#breadcrumb","itemListElement":[{"@type":"ListItem","position":1,"name":"Dom\u016f","item":"https:\/\/www.vyrobcikabelu.cz\/sk\/"},{"@type":"ListItem","position":2,"name":"Normy, rady, n\u00e1vody","item":"https:\/\/www.vyrobcikabelu.cz\/sk\/normy-rady-navody\/"},{"@type":"ListItem","position":3,"name":"Kabely a protipo\u017e\u00e1rn\u00ed bezpe\u010dnost"}]},{"@type":"WebSite","@id":"https:\/\/www.vyrobcikabelu.cz\/sk\/#website","url":"https:\/\/www.vyrobcikabelu.cz\/sk\/","name":"AVK","description":"Dal\u0161\u00ed web pou\u017e\u00edvaj\u00edc\u00ed WordPress","potentialAction":[{"@type":"SearchAction","target":{"@type":"EntryPoint","urlTemplate":"https:\/\/www.vyrobcikabelu.cz\/sk\/?s={search_term_string}"},"query-input":"required name=search_term_string"}],"inLanguage":"sk-SK"}]}},"_links":{"self":[{"href":"https:\/\/www.vyrobcikabelu.cz\/sk\/wp-json\/wp\/v2\/pages\/2244"}],"collection":[{"href":"https:\/\/www.vyrobcikabelu.cz\/sk\/wp-json\/wp\/v2\/pages"}],"about":[{"href":"https:\/\/www.vyrobcikabelu.cz\/sk\/wp-json\/wp\/v2\/types\/page"}],"author":[{"embeddable":true,"href":"https:\/\/www.vyrobcikabelu.cz\/sk\/wp-json\/wp\/v2\/users\/3"}],"replies":[{"embeddable":true,"href":"https:\/\/www.vyrobcikabelu.cz\/sk\/wp-json\/wp\/v2\/comments?post=2244"}],"version-history":[{"count":3,"href":"https:\/\/www.vyrobcikabelu.cz\/sk\/wp-json\/wp\/v2\/pages\/2244\/revisions"}],"predecessor-version":[{"id":2258,"href":"https:\/\/www.vyrobcikabelu.cz\/sk\/wp-json\/wp\/v2\/pages\/2244\/revisions\/2258"}],"up":[{"embeddable":true,"href":"https:\/\/www.vyrobcikabelu.cz\/sk\/wp-json\/wp\/v2\/pages\/1227"}],"wp:featuredmedia":[{"embeddable":true,"href":"https:\/\/www.vyrobcikabelu.cz\/sk\/wp-json\/wp\/v2\/media\/1844"}],"wp:attachment":[{"href":"https:\/\/www.vyrobcikabelu.cz\/sk\/wp-json\/wp\/v2\/media?parent=2244"}],"curies":[{"name":"wp","href":"https:\/\/api.w.org\/{rel}","templated":true}]}}