{"id":576,"date":"2016-12-02T12:31:32","date_gmt":"2016-12-02T12:31:32","guid":{"rendered":"http:\/\/vyrobcikabelu.cz\/notace-kovu\/"},"modified":"2022-08-31T10:35:44","modified_gmt":"2022-08-31T10:35:44","slug":"notace-kovu","status":"publish","type":"page","link":"https:\/\/www.vyrobcikabelu.cz\/sk\/notace-kovu\/","title":{"rendered":"Kot\u00e1cia kovov"},"content":{"rendered":"<p><span style=\"font-size: 18pt;\"><strong>Upozornenie: Od 5. septembra 2022 pozastavujeme do odvolania aktualiz\u00e1ciu v\u00fdvoja cien Cu a Al. Posledn\u00e1 aktualiz\u00e1cia prebehla 29. augusta 2022.<\/strong><\/span><\/p>\n","protected":false},"excerpt":{"rendered":"<p>Upozornenie: Od 5. septembra 2022 pozastavujeme do odvolania aktualiz\u00e1ciu v\u00fdvoja cien Cu a Al. Posledn\u00e1 aktualiz\u00e1cia prebehla 29. augusta 2022.<\/p>\n","protected":false},"author":3,"featured_media":0,"parent":0,"menu_order":64,"comment_status":"closed","ping_status":"closed","template":"templates\/notace-kovu.php","meta":{"footnotes":""},"acf":[],"yoast_head":"<!-- This site is optimized with the Yoast SEO plugin v21.8 - https:\/\/yoast.com\/wordpress\/plugins\/seo\/ -->\n<title>Kot\u00e1cia kovov - AVK<\/title>\n<meta name=\"robots\" content=\"index, follow, max-snippet:-1, max-image-preview:large, max-video-preview:-1\" \/>\n<link rel=\"canonical\" href=\"https:\/\/www.vyrobcikabelu.cz\/sk\/notace-kovu\/\" \/>\n<meta property=\"og:locale\" content=\"sk_SK\" \/>\n<meta property=\"og:type\" content=\"article\" \/>\n<meta property=\"og:title\" content=\"Kot\u00e1cia kovov - AVK\" \/>\n<meta property=\"og:description\" content=\"Upozornenie: Od 5. septembra 2022 pozastavujeme do odvolania aktualiz\u00e1ciu v\u00fdvoja cien Cu a Al. Posledn\u00e1 aktualiz\u00e1cia prebehla 29. augusta 2022.\" \/>\n<meta property=\"og:url\" content=\"https:\/\/www.vyrobcikabelu.cz\/sk\/notace-kovu\/\" \/>\n<meta property=\"og:site_name\" content=\"AVK\" \/>\n<meta property=\"article:modified_time\" content=\"2022-08-31T10:35:44+00:00\" \/>\n<meta name=\"twitter:card\" content=\"summary_large_image\" \/>\n<script type=\"application\/ld+json\" class=\"yoast-schema-graph\">{\"@context\":\"https:\/\/schema.org\",\"@graph\":[{\"@type\":\"WebPage\",\"@id\":\"https:\/\/www.vyrobcikabelu.cz\/sk\/notace-kovu\/\",\"url\":\"https:\/\/www.vyrobcikabelu.cz\/sk\/notace-kovu\/\",\"name\":\"Kot\u00e1cia kovov - AVK\",\"isPartOf\":{\"@id\":\"https:\/\/www.vyrobcikabelu.cz\/sk\/#website\"},\"datePublished\":\"2016-12-02T12:31:32+00:00\",\"dateModified\":\"2022-08-31T10:35:44+00:00\",\"breadcrumb\":{\"@id\":\"https:\/\/www.vyrobcikabelu.cz\/sk\/notace-kovu\/#breadcrumb\"},\"inLanguage\":\"sk-SK\",\"potentialAction\":[{\"@type\":\"ReadAction\",\"target\":[\"https:\/\/www.vyrobcikabelu.cz\/sk\/notace-kovu\/\"]}]},{\"@type\":\"BreadcrumbList\",\"@id\":\"https:\/\/www.vyrobcikabelu.cz\/sk\/notace-kovu\/#breadcrumb\",\"itemListElement\":[{\"@type\":\"ListItem\",\"position\":1,\"name\":\"Dom\u016f\",\"item\":\"https:\/\/www.vyrobcikabelu.cz\/sk\/\"},{\"@type\":\"ListItem\",\"position\":2,\"name\":\"Kot\u00e1cia kovov\"}]},{\"@type\":\"WebSite\",\"@id\":\"https:\/\/www.vyrobcikabelu.cz\/sk\/#website\",\"url\":\"https:\/\/www.vyrobcikabelu.cz\/sk\/\",\"name\":\"AVK\",\"description\":\"Dal\u0161\u00ed web pou\u017e\u00edvaj\u00edc\u00ed WordPress\",\"potentialAction\":[{\"@type\":\"SearchAction\",\"target\":{\"@type\":\"EntryPoint\",\"urlTemplate\":\"https:\/\/www.vyrobcikabelu.cz\/sk\/?s={search_term_string}\"},\"query-input\":\"required name=search_term_string\"}],\"inLanguage\":\"sk-SK\"}]}<\/script>\n<!-- \/ Yoast SEO plugin. -->","yoast_head_json":{"title":"Kot\u00e1cia kovov - AVK","robots":{"index":"index","follow":"follow","max-snippet":"max-snippet:-1","max-image-preview":"max-image-preview:large","max-video-preview":"max-video-preview:-1"},"canonical":"https:\/\/www.vyrobcikabelu.cz\/sk\/notace-kovu\/","og_locale":"sk_SK","og_type":"article","og_title":"Kot\u00e1cia kovov - AVK","og_description":"Upozornenie: Od 5. septembra 2022 pozastavujeme do odvolania aktualiz\u00e1ciu v\u00fdvoja cien Cu a Al. Posledn\u00e1 aktualiz\u00e1cia prebehla 29. augusta 2022.","og_url":"https:\/\/www.vyrobcikabelu.cz\/sk\/notace-kovu\/","og_site_name":"AVK","article_modified_time":"2022-08-31T10:35:44+00:00","twitter_card":"summary_large_image","schema":{"@context":"https:\/\/schema.org","@graph":[{"@type":"WebPage","@id":"https:\/\/www.vyrobcikabelu.cz\/sk\/notace-kovu\/","url":"https:\/\/www.vyrobcikabelu.cz\/sk\/notace-kovu\/","name":"Kot\u00e1cia kovov - AVK","isPartOf":{"@id":"https:\/\/www.vyrobcikabelu.cz\/sk\/#website"},"datePublished":"2016-12-02T12:31:32+00:00","dateModified":"2022-08-31T10:35:44+00:00","breadcrumb":{"@id":"https:\/\/www.vyrobcikabelu.cz\/sk\/notace-kovu\/#breadcrumb"},"inLanguage":"sk-SK","potentialAction":[{"@type":"ReadAction","target":["https:\/\/www.vyrobcikabelu.cz\/sk\/notace-kovu\/"]}]},{"@type":"BreadcrumbList","@id":"https:\/\/www.vyrobcikabelu.cz\/sk\/notace-kovu\/#breadcrumb","itemListElement":[{"@type":"ListItem","position":1,"name":"Dom\u016f","item":"https:\/\/www.vyrobcikabelu.cz\/sk\/"},{"@type":"ListItem","position":2,"name":"Kot\u00e1cia kovov"}]},{"@type":"WebSite","@id":"https:\/\/www.vyrobcikabelu.cz\/sk\/#website","url":"https:\/\/www.vyrobcikabelu.cz\/sk\/","name":"AVK","description":"Dal\u0161\u00ed web pou\u017e\u00edvaj\u00edc\u00ed WordPress","potentialAction":[{"@type":"SearchAction","target":{"@type":"EntryPoint","urlTemplate":"https:\/\/www.vyrobcikabelu.cz\/sk\/?s={search_term_string}"},"query-input":"required name=search_term_string"}],"inLanguage":"sk-SK"}]}},"_links":{"self":[{"href":"https:\/\/www.vyrobcikabelu.cz\/sk\/wp-json\/wp\/v2\/pages\/576"}],"collection":[{"href":"https:\/\/www.vyrobcikabelu.cz\/sk\/wp-json\/wp\/v2\/pages"}],"about":[{"href":"https:\/\/www.vyrobcikabelu.cz\/sk\/wp-json\/wp\/v2\/types\/page"}],"author":[{"embeddable":true,"href":"https:\/\/www.vyrobcikabelu.cz\/sk\/wp-json\/wp\/v2\/users\/3"}],"replies":[{"embeddable":true,"href":"https:\/\/www.vyrobcikabelu.cz\/sk\/wp-json\/wp\/v2\/comments?post=576"}],"version-history":[{"count":132,"href":"https:\/\/www.vyrobcikabelu.cz\/sk\/wp-json\/wp\/v2\/pages\/576\/revisions"}],"predecessor-version":[{"id":5577,"href":"https:\/\/www.vyrobcikabelu.cz\/sk\/wp-json\/wp\/v2\/pages\/576\/revisions\/5577"}],"wp:attachment":[{"href":"https:\/\/www.vyrobcikabelu.cz\/sk\/wp-json\/wp\/v2\/media?parent=576"}],"curies":[{"name":"wp","href":"https:\/\/api.w.org\/{rel}","templated":true}]}}