{"id":6056,"date":"2023-10-11T11:09:50","date_gmt":"2023-10-11T11:09:50","guid":{"rendered":"https:\/\/www.vyrobcikabelu.cz\/sekce-pro-cleny\/smluvni-podminky\/"},"modified":"2023-10-11T11:11:25","modified_gmt":"2023-10-11T11:11:25","slug":"smluvni-podminky","status":"publish","type":"page","link":"https:\/\/www.vyrobcikabelu.cz\/sk\/sekce-pro-cleny\/smluvni-podminky\/","title":{"rendered":"Smluvn\u00ed podm\u00ednky"},"content":{"rendered":"<p><b>Smluvn\u00ed podm\u00ednky uzav\u0159en\u00e9 mezi objednatelem a zhotovitelem (\u010dl. 4, 5, 6), na kter\u00e9 se odvol\u00e1v\u00e1 uzav\u0159en\u00e1 smlouva a jsou jej\u00ed ned\u00edlnou sou\u010d\u00e1st\u00ed:<\/b><\/p>\n<h3 style=\"text-align: center;\"><b>\u010cl. IV.<\/b><\/h3>\n<h3 style=\"text-align: center;\"><b>Pr\u00e1va a povinnosti zhotovitele<\/b><\/h3>\n<p><span style=\"font-weight: 400;\"><strong>4.1<\/strong> Zhotovitel je povinen postupovat p\u0159i \u0159e\u0161en\u00ed \u00fakolu podle:<\/span><\/p>\n<ul>\n<li style=\"font-weight: 400;\" aria-level=\"1\"><span style=\"font-weight: 400;\">z\u00e1kona \u010d.22\/1997 Sb. o technick\u00fdch po\u017eadavc\u00edch na v\u00fdrobky, ve zn\u011bn\u00ed pozd\u011bj\u0161\u00edch p\u0159edpis\u016f<\/span><\/li>\n<li style=\"font-weight: 400;\" aria-level=\"1\"><span style=\"font-weight: 400;\">platn\u00fdch metodick\u00fdch pokyn\u016f pro technickou normalizaci, p\u0159\u00edpadn\u011b dal\u0161\u00edch po\u017eadavk\u016f a up\u0159esn\u011bn\u00ed objednatele doru\u010den\u00fdch v pr\u016fb\u011bhu zpracov\u00e1n\u00ed n\u00e1vrhu \u010cSN, pokud nem\u011bn\u00ed p\u0159edm\u011bt a rozsah smlouvy<\/span><\/li>\n<li style=\"font-weight: 400;\" aria-level=\"1\"><span style=\"font-weight: 400;\">odborn\u00fdch doporu\u010den\u00ed technick\u00fdch normaliza\u010dn\u00edch komis\u00ed (TNK) sd\u011blen\u00fdch zhotoviteli<\/span><span style=\"font-weight: 400;\">\n<p><\/span><\/li>\n<\/ul>\n<p><span style=\"font-weight: 400;\"><strong>4.2.<\/strong> Zhotovitel p\u0159i \u0159e\u0161en\u00ed n\u00e1vrhu \u010cSN sleduje aktu\u00e1lnost v\u0161ech dokument\u016f, se kter\u00fdmi pracuje a kter\u00e9 <\/span><span style=\"font-weight: 400;\">souvis\u00ed s \u0159e\u0161en\u00fdm p\u0159edm\u011btem smlouvy.<\/span><span style=\"font-weight: 400;\"><br \/>\n<\/span><\/p>\n<p><span style=\"font-weight: 400;\"><strong>4.3<\/strong> <\/span><span style=\"font-weight: 400;\">Zhotovitel projedn\u00e1 n\u00e1vrh \u010cSN se v\u0161emi p\u0159ihl\u00e1\u0161en\u00fdmi \u00fa\u010dastn\u00edky, s TNK 68, objednatelem a <\/span><span style=\"font-weight: 400;\">dal\u0161\u00edmi \u00fa\u010dastn\u00edky, kter\u00e9 ur\u010d\u00ed agentura \u010cAS nebo objednatel<\/span><span style=\"font-weight: 400;\"><br \/>\n<\/span><\/p>\n<p><span style=\"font-weight: 400;\"><strong>4.4<\/strong> <\/span><span style=\"font-weight: 400;\">Zhotovitel zas\u00edl\u00e1 na agenturu \u010cAS a objednateli v\u00fdsledky \u0159e\u0161en\u00ed \u00fakol\u016f dosa\u017een\u00e9 v jednotliv\u00fdch <\/span><span style=\"font-weight: 400;\">etap\u00e1ch ve stanoven\u00fdch term\u00ednech<\/span><span style=\"font-weight: 400;\"><br \/>\n<\/span><\/p>\n<p><span style=\"font-weight: 400;\"><strong>4.5<\/strong> Zhotovitel vykon\u00e1v\u00e1 autorskou korekturu \u010cSN.<\/span><span style=\"font-weight: 400;\"><br \/>\n<\/span><\/p>\n<p><span style=\"font-weight: 400;\"><strong>4.6.<\/strong> Zhotovitel p\u0159ed\u00e1v\u00e1 objednateli projednan\u00e1 stanoviska ke zpracovan\u00fdm dokument\u016fm<\/span><span style=\"font-weight: 400;\"><br \/>\n<\/span><\/p>\n<p><span style=\"font-weight: 400;\"><strong>4.7.<\/strong> Po spln\u011bn\u00ed a odevzd\u00e1n\u00ed p\u0159edm\u011btu smlouvy v po\u017eadovan\u00e9m term\u00ednu a kvalit\u011b m\u00e1 zhotovitel n\u00e1rok <\/span><span style=\"font-weight: 400;\">na zaplacen\u00ed sjednan\u00e9 ceny.<\/span><span style=\"font-weight: 400;\"><br \/>\n<\/span><\/p>\n<p><span style=\"font-weight: 400;\"><strong>4.8<\/strong> <\/span><span style=\"font-weight: 400;\">Zhotovitel je povinen odstranit na vlastn\u00ed n\u00e1klady vady a nedostatky dle po\u017eadavku \u010cAS nebo <\/span><span style=\"font-weight: 400;\">objednatele,<\/span><span style=\"font-weight: 400;\">\u00a0<\/span><\/p>\n<p><span style=\"font-weight: 400;\"><strong>4.9<\/strong> Zhotovitel m\u00e1 n\u00e1rok na \u00fahradu n\u00e1klad\u016f za ukon\u010den\u00e9 etapy \u0159e\u0161en\u00e9ho \u00fakolu v p\u0159\u00edpad\u011b jeho <\/span><span style=\"font-weight: 400;\">jednostrann\u00e9ho ukon\u010den\u00ed nebo p\u0159eru\u0161en\u00ed ze strany objednatele, pokud se nejedn\u00e1 o nekvalitn\u00ed <\/span><span style=\"font-weight: 400;\">zpracov\u00e1n\u00ed.<\/span><span style=\"font-weight: 400;\"><\/p>\n<p><\/span><\/p>\n<h3 style=\"text-align: center;\"><b>\u010cl. V.<\/b><\/h3>\n<h3 style=\"text-align: center;\"><b>Pr\u00e1va a povinnosti objednatele<\/b><\/h3>\n<p><span style=\"font-weight: 400;\"><strong>5.1.<\/strong> Objednatel se zavazuje, \u017ee za n\u00e1vrh \u010cSN zpracovan\u00fd v po\u017eadovan\u00e9 kvalit\u011b a form\u011b a p\u0159evzat\u00fd <\/span><span style=\"font-weight: 400;\">agenturou \u010cAS, zaplat\u00ed za jeho zpracov\u00e1n\u00ed dohodnutou cenu.<\/span><span style=\"font-weight: 400;\"><br \/>\n<\/span><\/p>\n<p><span style=\"font-weight: 400;\"><strong>5.2.<\/strong> Objednatel je na \u017e\u00e1dost zhotovitele povinen poskytnout pot\u0159ebnou spolupr\u00e1ci a metodickou <\/span><span style=\"font-weight: 400;\">podporu ke zpracovan\u00e9mu n\u00e1vrhu \u010cSN.<\/span><span style=\"font-weight: 400;\"><br \/>\n<\/span><\/p>\n<p><span style=\"font-weight: 400;\"><strong>5.3.<\/strong> Objednatel je povinen do 4 t\u00fddn\u016f od doru\u010den\u00ed n\u00e1vrhu \u010cSN odeslat zhotoviteli potvrzen\u00ed o jeho <\/span><span style=\"font-weight: 400;\">p\u0159ijet\u00ed do schvalovac\u00edho \u0159\u00edzen\u00ed, nebo mu ho vr\u00e1tit na dopracov\u00e1n\u00ed, pokud neodpov\u00edd\u00e1 po\u017eadavk\u016fm <\/span><span style=\"font-weight: 400;\">zad\u00e1n\u00ed a podm\u00ednk\u00e1m smlouvy, a to i po p\u0159\u00edpadn\u00e9m zasl\u00e1n\u00ed potvrzen\u00ed o p\u0159ijet\u00ed n\u00e1vrhu \u010cSN do <\/span><span style=\"font-weight: 400;\">schvalovac\u00edho \u0159\u00edzen\u00ed. V tom p\u0159\u00edpad\u011b ur\u010d\u00ed objednatel zhotoviteli term\u00edn na vr\u00e1cen\u00ed opraven\u00e9ho <\/span><span style=\"font-weight: 400;\">kone\u010dn\u00e9ho \u0159e\u0161en\u00ed n\u00e1vrhu \u010cSN. Zhotovitel zji\u0161t\u011bn\u00e9 vady \u010di jin\u00e9 nedostatky odstran\u00ed na vlastn\u00ed n\u00e1klady.<\/span><span style=\"font-weight: 400;\"><br \/>\n<\/span><\/p>\n<p><span style=\"font-weight: 400;\"><strong>5.4.<\/strong> Objednatel je opr\u00e1vn\u011bn jednostrann\u011b ukon\u010dit nebo pozastavit \u0159e\u0161en\u00ed jak\u00e9hokoli \u00fakolu tvorby \u010cSN, <\/span><span style=\"font-weight: 400;\">pop\u0159. stanovit jeho zm\u011bnu. V p\u0159\u00edpad\u011b \u010d\u00e1ste\u010dn\u00e9ho zpracov\u00e1n\u00ed \u00fakolu, p\u0159ijat\u00e9ho do schvalovac\u00edho \u0159\u00edzen\u00ed, <\/span><span style=\"font-weight: 400;\">je objednavatel rovn\u011b\u017e opr\u00e1vn\u011bn takov\u00fd \u00fakol p\u0159im\u011b\u0159en\u011b ocenit.<\/span><span style=\"font-weight: 400;\"><br \/>\n<\/span><\/p>\n<p><span style=\"font-weight: 400;\"><strong>5.5.<\/strong> Objednavatel je opr\u00e1vn\u011bn odm\u00edtnout p\u0159evzet\u00ed n\u00e1vrhu \u010cSN, pokud nebude zpracov\u00e1n dle <\/span><span style=\"font-weight: 400;\">podm\u00ednek t\u00e9to smlouvy.<\/span><\/p>\n<ul>\n<li><span style=\"font-weight: 400;\"><strong>5.5.1<\/strong> V p\u0159\u00edpad\u011b odstraniteln\u00fdch vad \u010di jin\u00fdch nedostatk\u016f m\u016f\u017ee objednatel sn\u00ed\u017eit dohodnutou cenu o <\/span><span style=\"font-weight: 400;\">\u010d\u00e1stku vynalo\u017eenou na jejich odstran\u011bn\u00ed, jestli\u017ee zpracov\u00e1n\u00ed n\u00e1vrhu \u010cSN neodpov\u00edd\u00e1 podm\u00ednk\u00e1m <\/span><span style=\"font-weight: 400;\">smlouvy a zpracovatel neprovede po\u017eadovan\u00e9 zm\u011bny a opravy v p\u0159im\u011b\u0159en\u00e9 lh\u016ft\u011b stanoven\u00e9 <\/span><span style=\"font-weight: 400;\">objednatelem.<\/span><span style=\"font-weight: 400;\"><br \/>\n<\/span><\/li>\n<li><span style=\"font-weight: 400;\"><strong>5.5.2<\/strong> V p\u0159\u00edpad\u011b neodstraniteln\u00fdch vad \u010di jin\u00fdch nedostatk\u016f je objednatel opr\u00e1vn\u011bn nevyplatit <\/span><span style=\"font-weight: 400;\">zhotoviteli dohodnutou cenu.<\/span><\/li>\n<\/ul>\n<p>&nbsp;<\/p>\n<h3 style=\"text-align: center;\"><b>\u010cI. VI<\/b><\/h3>\n<h3 style=\"text-align: center;\"><b>Spln\u011bn\u00ed p\u0159edm\u011btu smlouvy<\/b><\/h3>\n<p><span style=\"font-weight: 400;\"><strong>6.1.<\/strong> Zhotovitel je povinen odeslat do agentury \u010cAS s pr\u016fvodn\u00edm dopisem ve stanoven\u00e9m term\u00ednu:<\/span><span style=\"font-weight: 400;\"><br \/>\n<\/span><\/p>\n<ul>\n<li><span style=\"font-weight: 400;\"><strong>6.1.1<\/strong> na dohodnut\u00e9m elektronick\u00e9m m\u00e9diu text n\u00e1vrhu \u010cSN nebo jin\u00e9ho z\u00e1v\u011bre\u010dn\u00e9ho v\u00fdstupu <\/span><span style=\"font-weight: 400;\">za jednotliv\u00e9 etapy. Text n\u00e1vrhu \u010cSN mus\u00ed b\u00fdt zpracov\u00e1n v platn\u00e9 \u0161ablon\u011b a mus\u00ed b\u00fdt identick\u00fd <\/span><span style=\"font-weight: 400;\">s p\u00edsemn\u00fdm n\u00e1vrhem \u010cSN. U n\u00e1vrhu \u010cSN mus\u00ed b\u00fdt p\u0159ilo\u017eena anotace v souladu s metodick\u00fdmi <\/span>pokyny;<\/li>\n<\/ul>\n<ul>\n<li><span style=\"font-weight: 400;\"><strong>6.1.2<\/strong> na dohodnut\u00e9m elektronick\u00e9m m\u00e9diu n\u00e1vrhy zm\u011bn jin\u00fdch technick\u00fdch norem, pokud vypl\u00fdvaj\u00ed <\/span><span style=\"font-weight: 400;\">z \u0159e\u0161en\u00ed \u00fakolu;<\/span><span style=\"font-weight: 400;\"><br \/>\n<\/span><\/li>\n<li><span style=\"font-weight: 400;\"><strong>6.1.3<\/strong> v jednom vyhotoven\u00ed:<\/span><\/li>\n<\/ul>\n<p><span style=\"font-weight: 400;\">a) p\u00edsemn\u00fd n\u00e1vrh \u010cSN nebo jin\u00e9ho z\u00e1v\u011bre\u010dn\u00e9ho v\u00fdstupu etapy;<\/span><\/p>\n<p><span style=\"font-weight: 400;\">b) p\u00edsemn\u00fd n\u00e1vrh zm\u011bn, pop\u0159. n\u00e1vrh zru\u0161en\u00ed platn\u00fdch norem;<\/span><\/p>\n<p><span style=\"font-weight: 400;\">c) podepsanou a datovanou z\u00e1v\u011bre\u010dnou zpr\u00e1vu obsahuj\u00edc\u00ed:<\/span><\/p>\n<ul>\n<li style=\"font-weight: 400;\" aria-level=\"1\"><span style=\"font-weight: 400;\">zd\u016fvodn\u011bn\u00ed navr\u017een\u00e9ho \u0159e\u0161en\u00ed,<\/span><\/li>\n<li style=\"font-weight: 400;\" aria-level=\"1\"><span style=\"font-weight: 400;\">u \u00fakol\u016f tvorby p\u016fvodn\u00edch \u010cSN p\u0159ehled mezin\u00e1rodn\u00edch, pop\u0159. v\u00fdznamn\u00fdch zahrani\u010dn\u00edch technick\u00fdch norem (podle v\u00fdb\u011bru dodavatele) \u0159e\u0161\u00edc\u00edch stejnou problematiku v\u010detn\u011b vz\u00e1jemn\u00e9ho porovn\u00e1n\u00ed a zd\u016fvodn\u011bn\u00ed odchylek.<\/span><\/li>\n<li style=\"font-weight: 400;\" aria-level=\"1\"><span style=\"font-weight: 400;\">seznam p\u0159ilo\u017een\u00fdch n\u00e1vrh\u016f zm\u011bn nebo zru\u0161en\u00ed \u010cSN nebo n\u00e1vrh opat\u0159en\u00ed na jejich \u00fapravu, pokud by se dostaly do rozporu s p\u0159edlo\u017een\u00fdm \u0159e\u0161en\u00edm,<\/span><\/li>\n<li style=\"font-weight: 400;\" aria-level=\"1\"><span style=\"font-weight: 400;\">seznam \u00fa\u010dastn\u00edk\u016f, se kter\u00fdmi byl n\u00e1vrh \u010cSN nebo jin\u00e9ho z\u00e1v\u011bre\u010dn\u00e9ho v\u00fdstupu etapy projedn\u00e1n, v\u010detn\u011b jejich stanovisek a informace o jejich vypo\u0159\u00e1d\u00e1n\u00ed,<\/span><\/li>\n<li style=\"font-weight: 400;\" aria-level=\"1\"><span style=\"font-weight: 400;\">odborn\u00e9 stanovisko zhotovitele i stanoviska dot\u010den\u00fdch \u00fa\u010dastn\u00edk\u016f; pokud z\u016fstaly n\u011bkter\u00e9 p\u0159ipom\u00ednky \u00fa\u010dastn\u00edk\u016f nevypo\u0159\u00e1dan\u00e9 z d\u016fvod\u016f rozpor\u016f; pokud je \u010cSN odevzd\u00e1v\u00e1na bez rozporu, tak\u00e9 informaci o t\u00e9to skute\u010dnosti.<\/span><span style=\"font-weight: 400;\">\n<p><\/span><\/li>\n<\/ul>\n<p><span style=\"font-weight: 400;\"><strong>6.2.<\/strong> Zhotovitel odpov\u00edd\u00e1 za v\u011bcn\u00e9 a terminologicky spr\u00e1vn\u00e9 a v\u010dasn\u00e9 zpracov\u00e1n\u00ed n\u00e1vrhu \u010cSN, a\u0165 ji\u017e <\/span><span style=\"font-weight: 400;\">tento n\u00e1vrh p\u0159eb\u00edr\u00e1 p\u0159ekladem mezin\u00e1rodn\u00ed, evropskou nebo zahrani\u010dn\u00ed normu, nebo se jedn\u00e1 o <\/span><span style=\"font-weight: 400;\">tvorbu p\u016fvodn\u00ed \u010cSN.<\/span><span style=\"font-weight: 400;\"><br \/>\n<\/span><\/p>\n<p><span style=\"font-weight: 400;\"><strong>6.3.<\/strong> V\u0161echny dokumenty, podklady, \u010d\u00e1ste\u010dn\u00e1 \u0159e\u0161en\u00ed, jako\u017e i kone\u010dn\u00e9 v\u00fdsledky \u0159e\u0161en\u00ed p\u0159edm\u011btu <\/span><span style=\"font-weight: 400;\">smlouvy jsou vlastnictv\u00edm agentury \u010cAS, resp. objednatele, chr\u00e1n\u011bn\u00fdm autorsk\u00fdm \u010di jin\u00fdm pr\u00e1vem a <\/span><span style=\"font-weight: 400;\">z\u00e1konem \u010d.22\/1997 Sb. o technick\u00fdch po\u017eadavc\u00edch na v\u00fdrobky, ve zn\u011bn\u00ed pozd\u011bj\u0161\u00edch p\u0159edpis\u016f.<\/span><\/p>\n<p>&nbsp;<\/p>\n","protected":false},"excerpt":{"rendered":"<p>Smluvn\u00ed podm\u00ednky uzav\u0159en\u00e9 mezi objednatelem a zhotovitelem (\u010dl. 4, 5, 6), na kter\u00e9 se odvol\u00e1v\u00e1 uzav\u0159en\u00e1 smlouva a jsou jej\u00ed ned\u00edlnou sou\u010d\u00e1st\u00ed: \u010cl. IV. Pr\u00e1va a povinnosti zhotovitele 4.1 Zhotovitel je povinen postupovat p\u0159i \u0159e\u0161en\u00ed \u00fakolu podle: z\u00e1kona \u010d.22\/1997 Sb. &hellip; <a href=\"https:\/\/www.vyrobcikabelu.cz\/sk\/sekce-pro-cleny\/smluvni-podminky\/\">Pokra\u010dova\u0165<\/a><\/p>\n","protected":false},"author":3,"featured_media":6053,"parent":577,"menu_order":87,"comment_status":"closed","ping_status":"closed","template":"","meta":{"footnotes":""},"acf":[],"yoast_head":"<!-- This site is optimized with the Yoast SEO plugin v21.8 - https:\/\/yoast.com\/wordpress\/plugins\/seo\/ -->\n<title>Smluvn\u00ed podm\u00ednky - AVK<\/title>\n<meta name=\"robots\" content=\"index, follow, max-snippet:-1, max-image-preview:large, max-video-preview:-1\" \/>\n<link rel=\"canonical\" href=\"https:\/\/www.vyrobcikabelu.cz\/sk\/sekce-pro-cleny\/smluvni-podminky\/\" \/>\n<meta property=\"og:locale\" content=\"sk_SK\" \/>\n<meta property=\"og:type\" content=\"article\" \/>\n<meta property=\"og:title\" content=\"Smluvn\u00ed podm\u00ednky - AVK\" \/>\n<meta property=\"og:description\" content=\"Smluvn\u00ed podm\u00ednky uzav\u0159en\u00e9 mezi objednatelem a zhotovitelem (\u010dl. 4, 5, 6), na kter\u00e9 se odvol\u00e1v\u00e1 uzav\u0159en\u00e1 smlouva a jsou jej\u00ed ned\u00edlnou sou\u010d\u00e1st\u00ed: \u010cl. IV. Pr\u00e1va a povinnosti zhotovitele 4.1 Zhotovitel je povinen postupovat p\u0159i \u0159e\u0161en\u00ed \u00fakolu podle: z\u00e1kona \u010d.22\/1997 Sb. &hellip; Pokra\u010dova\u0165\" \/>\n<meta property=\"og:url\" content=\"https:\/\/www.vyrobcikabelu.cz\/sk\/sekce-pro-cleny\/smluvni-podminky\/\" \/>\n<meta property=\"og:site_name\" content=\"AVK\" \/>\n<meta property=\"article:modified_time\" content=\"2023-10-11T11:11:25+00:00\" \/>\n<meta property=\"og:image\" content=\"https:\/\/www.vyrobcikabelu.cz\/wp-content\/uploads\/2023\/10\/smluvni-podminky.jpg\" \/>\n\t<meta property=\"og:image:width\" content=\"1280\" \/>\n\t<meta property=\"og:image:height\" content=\"853\" \/>\n\t<meta property=\"og:image:type\" content=\"image\/jpeg\" \/>\n<meta name=\"twitter:card\" content=\"summary_large_image\" \/>\n<meta name=\"twitter:label1\" content=\"Predpokladan\u00fd \u010das \u010d\u00edtania\" \/>\n\t<meta name=\"twitter:data1\" content=\"4 min\u00faty\" \/>\n<script type=\"application\/ld+json\" class=\"yoast-schema-graph\">{\"@context\":\"https:\/\/schema.org\",\"@graph\":[{\"@type\":\"WebPage\",\"@id\":\"https:\/\/www.vyrobcikabelu.cz\/sk\/sekce-pro-cleny\/smluvni-podminky\/\",\"url\":\"https:\/\/www.vyrobcikabelu.cz\/sk\/sekce-pro-cleny\/smluvni-podminky\/\",\"name\":\"Smluvn\u00ed podm\u00ednky - AVK\",\"isPartOf\":{\"@id\":\"https:\/\/www.vyrobcikabelu.cz\/sk\/#website\"},\"datePublished\":\"2023-10-11T11:09:50+00:00\",\"dateModified\":\"2023-10-11T11:11:25+00:00\",\"breadcrumb\":{\"@id\":\"https:\/\/www.vyrobcikabelu.cz\/sk\/sekce-pro-cleny\/smluvni-podminky\/#breadcrumb\"},\"inLanguage\":\"sk-SK\",\"potentialAction\":[{\"@type\":\"ReadAction\",\"target\":[\"https:\/\/www.vyrobcikabelu.cz\/sk\/sekce-pro-cleny\/smluvni-podminky\/\"]}]},{\"@type\":\"BreadcrumbList\",\"@id\":\"https:\/\/www.vyrobcikabelu.cz\/sk\/sekce-pro-cleny\/smluvni-podminky\/#breadcrumb\",\"itemListElement\":[{\"@type\":\"ListItem\",\"position\":1,\"name\":\"Dom\u016f\",\"item\":\"https:\/\/www.vyrobcikabelu.cz\/sk\/\"},{\"@type\":\"ListItem\",\"position\":2,\"name\":\"Sekcia pre \u010dlenov\",\"item\":\"https:\/\/www.vyrobcikabelu.cz\/sk\/sekce-pro-cleny\/\"},{\"@type\":\"ListItem\",\"position\":3,\"name\":\"Smluvn\u00ed podm\u00ednky\"}]},{\"@type\":\"WebSite\",\"@id\":\"https:\/\/www.vyrobcikabelu.cz\/sk\/#website\",\"url\":\"https:\/\/www.vyrobcikabelu.cz\/sk\/\",\"name\":\"AVK\",\"description\":\"Dal\u0161\u00ed web pou\u017e\u00edvaj\u00edc\u00ed WordPress\",\"potentialAction\":[{\"@type\":\"SearchAction\",\"target\":{\"@type\":\"EntryPoint\",\"urlTemplate\":\"https:\/\/www.vyrobcikabelu.cz\/sk\/?s={search_term_string}\"},\"query-input\":\"required name=search_term_string\"}],\"inLanguage\":\"sk-SK\"}]}<\/script>\n<!-- \/ Yoast SEO plugin. -->","yoast_head_json":{"title":"Smluvn\u00ed podm\u00ednky - AVK","robots":{"index":"index","follow":"follow","max-snippet":"max-snippet:-1","max-image-preview":"max-image-preview:large","max-video-preview":"max-video-preview:-1"},"canonical":"https:\/\/www.vyrobcikabelu.cz\/sk\/sekce-pro-cleny\/smluvni-podminky\/","og_locale":"sk_SK","og_type":"article","og_title":"Smluvn\u00ed podm\u00ednky - AVK","og_description":"Smluvn\u00ed podm\u00ednky uzav\u0159en\u00e9 mezi objednatelem a zhotovitelem (\u010dl. 4, 5, 6), na kter\u00e9 se odvol\u00e1v\u00e1 uzav\u0159en\u00e1 smlouva a jsou jej\u00ed ned\u00edlnou sou\u010d\u00e1st\u00ed: \u010cl. IV. Pr\u00e1va a povinnosti zhotovitele 4.1 Zhotovitel je povinen postupovat p\u0159i \u0159e\u0161en\u00ed \u00fakolu podle: z\u00e1kona \u010d.22\/1997 Sb. &hellip; Pokra\u010dova\u0165","og_url":"https:\/\/www.vyrobcikabelu.cz\/sk\/sekce-pro-cleny\/smluvni-podminky\/","og_site_name":"AVK","article_modified_time":"2023-10-11T11:11:25+00:00","og_image":[{"width":1280,"height":853,"url":"https:\/\/www.vyrobcikabelu.cz\/wp-content\/uploads\/2023\/10\/smluvni-podminky.jpg","type":"image\/jpeg"}],"twitter_card":"summary_large_image","twitter_misc":{"Predpokladan\u00fd \u010das \u010d\u00edtania":"4 min\u00faty"},"schema":{"@context":"https:\/\/schema.org","@graph":[{"@type":"WebPage","@id":"https:\/\/www.vyrobcikabelu.cz\/sk\/sekce-pro-cleny\/smluvni-podminky\/","url":"https:\/\/www.vyrobcikabelu.cz\/sk\/sekce-pro-cleny\/smluvni-podminky\/","name":"Smluvn\u00ed podm\u00ednky - AVK","isPartOf":{"@id":"https:\/\/www.vyrobcikabelu.cz\/sk\/#website"},"datePublished":"2023-10-11T11:09:50+00:00","dateModified":"2023-10-11T11:11:25+00:00","breadcrumb":{"@id":"https:\/\/www.vyrobcikabelu.cz\/sk\/sekce-pro-cleny\/smluvni-podminky\/#breadcrumb"},"inLanguage":"sk-SK","potentialAction":[{"@type":"ReadAction","target":["https:\/\/www.vyrobcikabelu.cz\/sk\/sekce-pro-cleny\/smluvni-podminky\/"]}]},{"@type":"BreadcrumbList","@id":"https:\/\/www.vyrobcikabelu.cz\/sk\/sekce-pro-cleny\/smluvni-podminky\/#breadcrumb","itemListElement":[{"@type":"ListItem","position":1,"name":"Dom\u016f","item":"https:\/\/www.vyrobcikabelu.cz\/sk\/"},{"@type":"ListItem","position":2,"name":"Sekcia pre \u010dlenov","item":"https:\/\/www.vyrobcikabelu.cz\/sk\/sekce-pro-cleny\/"},{"@type":"ListItem","position":3,"name":"Smluvn\u00ed podm\u00ednky"}]},{"@type":"WebSite","@id":"https:\/\/www.vyrobcikabelu.cz\/sk\/#website","url":"https:\/\/www.vyrobcikabelu.cz\/sk\/","name":"AVK","description":"Dal\u0161\u00ed web pou\u017e\u00edvaj\u00edc\u00ed WordPress","potentialAction":[{"@type":"SearchAction","target":{"@type":"EntryPoint","urlTemplate":"https:\/\/www.vyrobcikabelu.cz\/sk\/?s={search_term_string}"},"query-input":"required name=search_term_string"}],"inLanguage":"sk-SK"}]}},"_links":{"self":[{"href":"https:\/\/www.vyrobcikabelu.cz\/sk\/wp-json\/wp\/v2\/pages\/6056"}],"collection":[{"href":"https:\/\/www.vyrobcikabelu.cz\/sk\/wp-json\/wp\/v2\/pages"}],"about":[{"href":"https:\/\/www.vyrobcikabelu.cz\/sk\/wp-json\/wp\/v2\/types\/page"}],"author":[{"embeddable":true,"href":"https:\/\/www.vyrobcikabelu.cz\/sk\/wp-json\/wp\/v2\/users\/3"}],"replies":[{"embeddable":true,"href":"https:\/\/www.vyrobcikabelu.cz\/sk\/wp-json\/wp\/v2\/comments?post=6056"}],"version-history":[{"count":1,"href":"https:\/\/www.vyrobcikabelu.cz\/sk\/wp-json\/wp\/v2\/pages\/6056\/revisions"}],"predecessor-version":[{"id":6057,"href":"https:\/\/www.vyrobcikabelu.cz\/sk\/wp-json\/wp\/v2\/pages\/6056\/revisions\/6057"}],"up":[{"embeddable":true,"href":"https:\/\/www.vyrobcikabelu.cz\/sk\/wp-json\/wp\/v2\/pages\/577"}],"wp:featuredmedia":[{"embeddable":true,"href":"https:\/\/www.vyrobcikabelu.cz\/sk\/wp-json\/wp\/v2\/media\/6053"}],"wp:attachment":[{"href":"https:\/\/www.vyrobcikabelu.cz\/sk\/wp-json\/wp\/v2\/media?parent=6056"}],"curies":[{"name":"wp","href":"https:\/\/api.w.org\/{rel}","templated":true}]}}